{"id":1138,"date":"2023-06-06T10:22:25","date_gmt":"2023-06-06T08:22:25","guid":{"rendered":"https:\/\/www.isrec.ch\/mission\/"},"modified":"2025-03-24T11:25:18","modified_gmt":"2025-03-24T10:25:18","slug":"auftrag","status":"publish","type":"page","link":"https:\/\/www.isrec.ch\/de\/die-stiftung\/auftrag\/","title":{"rendered":"Mission"},"content":{"rendered":"<div class=\"wp-bootstrap-blocks-row row\">\n\t\n\n<div class=\"col-12 col-md-8\">\n\t\t\t\n\n<h2 class=\"wp-block-heading\">Seit 1964 widmet sich die ISREC Stiftung der Krebsforschung.<\/h2>\n\n\n\n<p>Ihre Mission verteilt sich auf drei Gebiete:<\/p>\n\n\n\n<ul class=\"wp-block-list\">\n<li><strong><a href=\"https:\/\/www.isrec.ch\/de\/die-forschung\/translationale-forschung\/\" title=\"La recherche translationnelle\">Die sogenannte translationale Forschung<\/a><\/strong><\/li>\n<\/ul>\n\n\n\n<p>Unterst\u00fctzung konkreter Projekte, die den Wissenstransfer und die Zusammenarbeit zwischen Grundlagenforschung und klinischer Anwendung f\u00f6rdern.<\/p>\n\n\n\n<ul class=\"wp-block-list\">\n<li><strong><a href=\"https:\/\/www.isrec.ch\/de\/die-forschung\/der-wissenschaftliche-nachwuchs\/\" title=\"F\u00f6rderung des wissenschatlichen und akademischen Nachwuchses\">F\u00f6rderung des wissenschatlichen und akademischen Nachwuchses<\/a><\/strong><\/li>\n<\/ul>\n\n\n\n<p>Im Rahmen des neuen nationalen MD-PhD-Stipendienprogramms unterst\u00fctzt die ISREC Stiftung MD-PhD-Stipendien. Dieses Programm wurde\u00a0von der Schweizerischen Akademie der Medizinischen Wissenschaften (SAMW) ins Leben gerufen.\u00a0Ziel ist\u00a0die F\u00f6rderung von\u00a0\u00c4rztinnen\u00a0und\u00a0\u00c4rzten mit Interesse an\u00a0translationaler\u00a0und Grundlagenforschung, indem ihnen erm\u00f6glicht\u00a0wird, parallel zu ihrer medizinischen Ausbildung eine Doktorandenausbildung in biomedizinischen Wissenschaften zu absolvieren.<\/p>\n\n\n\n<ul class=\"wp-block-list\">\n<li><strong><a href=\"https:\/\/www.isrec.ch\/de\/agora\/ziel\/\" title=\"AGORA - Pol f\u00fcr Krebsforschung\">AGORA &#8211; Pol f\u00fcr Krebsforschung<\/a><\/strong><\/li>\n<\/ul>\n\n\n\n<p>Das AGORA Geb\u00e4ude vereint unter einem Dach interdisziplin\u00e4re Forschungsgruppen mit erg\u00e4nzendem Fachwissen, die sich geimeinsam auf grosse Herausforderungen und Chancen konzentrieren.<\/p>\n\n\n\n<div class=\"wp-block-group box-grey is-layout-constrained wp-block-group-is-layout-constrained\">\n<p><\/p>\n\n\n\n<p><em>&#8220;In der Schweiz&nbsp;werden jedes Jahr mehr als 42&#8217;000 neue Krebsdiagnosen gestellt. Nahezu jeder zweite Mann und zwei von f\u00fcnf Frauen erkranken im Laufe ihres Lebens an Krebs. Seit Beginn der 1980er-Jahre hat die Neuerkrankungsrate zugenommen. Die Krebssterblichkeit ist in den meisten Altersklassen der \u00fcberwiesenen Patienten hingegen r\u00fcckl\u00e4ufig. Bei M\u00e4nnern ist Prostatakrebs die h\u00e4ufigste Krebserkrankung, bei Frauen Brustkrebs. Die Zahl der geheilten Patienten nimmt stetig zu. Auch d\u00fcrfen dank Fortschritten in der Forschung und deren Anwendungen k\u00fcnftig noch h\u00f6here Heilungsraten erwartet werden. Die ISREC Stiftung verwendet ihre Mittel zur Erf\u00fcllung dieses Zieles, in der Hoffnung, so zur baldigen Einf\u00fchrung neuer Therapien beitragen zu&nbsp;k\u00f6nnen.&#8221;<\/em><\/p>\n\n\n\n<p>Quelle: BFS &#8211; Nationale Krebsstatistik<\/p>\n<\/div>\n\n\t<\/div>\n\n\n\n<div class=\"col-12 col-md-3 offset-md-1\">\n\t\t\t\n\n<h4 class=\"wp-block-heading\">ISREC Stiftung<\/h4>\n\n\n\n<p>Rue du Bugnon 25A<br>CH-1005 Lausanne \/ Suisse<br>CCP 10-3224-9<\/p>\n\n\n\n<h4 class=\"wp-block-heading\">Kontaktieren Sie uns<\/h4>\n\n\n\n<p><a href=\"tel:+41216530716\">+41 21 653 07 16<\/a><\/p>\n\n\t<\/div>\n\n<\/div>\n","protected":false},"excerpt":{"rendered":"","protected":false},"author":10,"featured_media":5043,"parent":1189,"menu_order":5,"comment_status":"closed","ping_status":"closed","template":"","meta":{"_acf_changed":false,"footnotes":""},"class_list":["post-1138","page","type-page","status-publish","has-post-thumbnail","hentry"],"acf":[],"aioseo_notices":[],"_links":{"self":[{"href":"https:\/\/www.isrec.ch\/de\/wp-json\/wp\/v2\/pages\/1138","targetHints":{"allow":["GET"]}}],"collection":[{"href":"https:\/\/www.isrec.ch\/de\/wp-json\/wp\/v2\/pages"}],"about":[{"href":"https:\/\/www.isrec.ch\/de\/wp-json\/wp\/v2\/types\/page"}],"author":[{"embeddable":true,"href":"https:\/\/www.isrec.ch\/de\/wp-json\/wp\/v2\/users\/10"}],"replies":[{"embeddable":true,"href":"https:\/\/www.isrec.ch\/de\/wp-json\/wp\/v2\/comments?post=1138"}],"version-history":[{"count":26,"href":"https:\/\/www.isrec.ch\/de\/wp-json\/wp\/v2\/pages\/1138\/revisions"}],"predecessor-version":[{"id":7759,"href":"https:\/\/www.isrec.ch\/de\/wp-json\/wp\/v2\/pages\/1138\/revisions\/7759"}],"up":[{"embeddable":true,"href":"https:\/\/www.isrec.ch\/de\/wp-json\/wp\/v2\/pages\/1189"}],"wp:featuredmedia":[{"embeddable":true,"href":"https:\/\/www.isrec.ch\/de\/wp-json\/wp\/v2\/media\/5043"}],"wp:attachment":[{"href":"https:\/\/www.isrec.ch\/de\/wp-json\/wp\/v2\/media?parent=1138"}],"curies":[{"name":"wp","href":"https:\/\/api.w.org\/{rel}","templated":true}]}}