{"id":1163,"date":"2023-06-06T13:51:06","date_gmt":"2023-06-06T11:51:06","guid":{"rendered":"https:\/\/www.isrec.ch\/organisation\/"},"modified":"2026-01-13T09:25:29","modified_gmt":"2026-01-13T08:25:29","slug":"organisation","status":"publish","type":"page","link":"https:\/\/www.isrec.ch\/de\/die-stiftung\/organisation\/","title":{"rendered":"Organisation"},"content":{"rendered":"\n<p>Die Stiftung setzt sich aus folgenden Organen zusammen:<\/p>\n\n\n\n    <div class=\"accordions \">\n                        <div class=\"accordion-item\">\n                    <div class=\"accordion-header\">\n                        <h3>Der Stiftungsrat<\/h3>\n                    <\/div>\n                    <div class=\"accordion-content\">\n                        <p>Der Stiftungsrat ist das h\u00f6chste Verwaltungsorgan der Stiftung. Er stellt die Mittel bereit und ernennt seine Mitglieder, diejenigen des wissenschaftlichen Rates, der Direktion sowie der Rechnungsrevision. Dar\u00fcber hinaus verabschiedet er das j\u00e4hrliche Budget und die Jahresrechnung der Stiftung.<\/p>\n<h3><strong>Pr\u00e4sident<\/strong><\/h3>\n<ul>\n<li>Prof. Pierre-Marie Glauser <a href=\"https:\/\/www.isrec.ch\/app\/uploads\/2025\/10\/Bio_PMG_D_new.pdf\" target=\"_blank\" rel=\"noopener\">BIOGRAFIE<\/a> &#8211; Rechtsanwalt und Professor f\u00fcr Steuerrecht an der UNIL (Universit\u00e4t Lausanne), Partner der Abels Oberson SA<\/li>\n<\/ul>\n<p><img loading=\"lazy\" decoding=\"async\" class=\"alignnone wp-image-8541 size-medium\" src=\"https:\/\/www.isrec.ch\/app\/uploads\/2025\/10\/Screenshot-2025-10-27-at-18.06.26-200x300.png\" alt=\"\" width=\"200\" height=\"300\" srcset=\"https:\/\/www.isrec.ch\/app\/uploads\/2025\/10\/Screenshot-2025-10-27-at-18.06.26-200x300.png 200w, https:\/\/www.isrec.ch\/app\/uploads\/2025\/10\/Screenshot-2025-10-27-at-18.06.26-683x1024.png 683w, https:\/\/www.isrec.ch\/app\/uploads\/2025\/10\/Screenshot-2025-10-27-at-18.06.26-768x1151.png 768w, https:\/\/www.isrec.ch\/app\/uploads\/2025\/10\/Screenshot-2025-10-27-at-18.06.26.png 1022w\" sizes=\"auto, (max-width: 200px) 100vw, 200px\" \/><\/p>\n<h3 class=\"wp-block-heading\"><strong>Mitglieder<\/strong><\/h3>\n<ul>\n<li><strong>Frau Claudine Amstein &#8211; Vizepr\u00e4sidentin &#8211; <\/strong>Selbstst\u00e4ndige Verwalterin<\/li>\n<li><strong>Herr Yves Henri Bonzon &#8211; <\/strong>Leiter Investment Management Julius B\u00e4r \/ CIO und Mitglied der Gesch\u00e4ftsleitung<\/li>\n<li><strong>Frau Claire Charmet &#8211; <\/strong>Generaldirektorin, CHUV (Universit\u00e4tsspital Lausanne)<\/li>\n<li><strong>Prof. Pierre-Yves Dietrich &#8211; <\/strong>Onkologe, Hirslanden Clinique des Grangettes<\/li>\n<li><strong>Prof. Renaud Du Pasquier &#8211; <\/strong>Dekan der Fakult\u00e4t f\u00fcr Biologie und Medizine, UNIL (Universit\u00e4t Lausanne)<\/li>\n<li><strong>Prof. Antoine Geissb\u00fchler &#8211; <\/strong>Dekan der Medizinischen Fakult\u00e4t, UNIGE (Universit\u00e4t Genf)<\/li>\n<li><strong>Prof. Dr. Michael N. Hall &#8211; <\/strong>Professor am Biozentrum, Universit\u00e4t Basel,\u00a0<em>Spezialist der Grundlagenforschung und der Biochemie<\/em><\/li>\n<li><strong>Herr Robert Mardini <\/strong>&#8211; General Direktor, HUG (Universit\u00e4tsspital Genf)<\/li>\n<li><strong>Dr Thomas W. Paulsen &#8211; <\/strong>CEO, Chief Financial Officer, Leiter der Finanz- und Risikoabteilung der Banque Cantonale Vaudoise<\/li>\n<li><strong>Prof. Didier Trono &#8211; <\/strong>Ordentlicher Professor, GHI (Global Health Institute), EPFL (Ecole Polytechnique F\u00e9d\u00e9rale de Lausanne)<\/li>\n<\/ul>\n<h3 class=\"wp-block-heading\"><strong>Ehrenpr\u00e4sidentenInnen<\/strong><\/h3>\n<ul>\n<li><strong>Dr Rodolphe Stadler<\/strong> \u2020, Pr\u00e4sident 1964-1972<\/li>\n<li><strong>M. Jean-Jacques Cevey<\/strong> \u2020, Pr\u00e4sident 1972-1994<\/li>\n<li><strong>Prof. Georges Muller<\/strong> \u2020, Pr\u00e4sident 1994-2005<\/li>\n<li><strong>M. Yves J. Paternot<\/strong> \u2020, Pr\u00e4sident 2005-2016 <a title=\"Hommage \u00e0 Yves Paternot\" href=\"https:\/\/www.isrec.ch\/app\/uploads\/2023\/06\/Hommage_a_Yves_Paternot.pdf\" target=\"_blank\" rel=\"noopener\">HOMMAGE<\/a><\/li>\n<li><strong>Mme Catherine Labouch\u00e8re<\/strong>, Pr\u00e4sidentin 1916-2021<\/li>\n<\/ul>\n<h3 class=\"wp-block-heading\"><strong>Ehrenmitglieder<\/strong><\/h3>\n<ul>\n<li><strong>Henri Isliker<\/strong> \u2020, 1964-2000 <a title=\"Hommage \u00e0 Henri Isliker\" href=\"https:\/\/www.isrec.ch\/app\/uploads\/2023\/06\/Hommage_a_Henri_Isliker.pdf\" target=\"_blank\" rel=\"noopener\">HOMMAGE<\/a><\/li>\n<\/ul>\n                    <\/div>\n                <\/div>\n                            <div class=\"accordion-item\">\n                    <div class=\"accordion-header\">\n                        <h3>Der wissenschaftliche Rat<\/h3>\n                    <\/div>\n                    <div class=\"accordion-content\">\n                        <p>Der wissenschaftliche Rat setzt sich aus international renommierten Forschern aus verschiedenen Bereichen der Krebsforschung zusammen.<\/p>\n<h3 class=\"wp-block-heading\"><strong>Pr\u00e4sident<\/strong><\/h3>\n<ul>\n<li><strong>Prof. Dr Michael N. Hall<\/strong><\/li>\n<\/ul>\n<p><em>Spezialist der Grundlagenforschung und der Biochemie<\/em><br \/>\nProfessor am Biozentrum, Universit\u00e4t Basel<br \/>\n<em>Zuletzt erhaltene Preise<\/em><br \/>\n2021 Weltweiter Preis Nessim Habif<br \/>\n2017 Albert-Lasker Preis, Grundlagenforschung<br \/>\n2012 Marcel Benoist Preis<br \/>\n2009 Louis-Jeantet Preis f\u00fcr Medizin<br \/>\n2003 Clo\u00ebtta Preis f\u00fcr biomedizinische Forschung<\/p>\n<h3 class=\"wp-block-heading\"><strong>Mitglieder<\/strong><\/h3>\n<ul>\n<li><strong>Prof. Dr. med. Andrea Alimonti<\/strong><\/li>\n<\/ul>\n<p><em>Spezialist f\u00fcr solide Tumoren und Experte auf dem Gebiet der Immunonkologie<\/em><br \/>\nDirektor der Abteilung f\u00fcr molekulare Onkologie, Institute of Oncology Research,\u00a0Bellinzona<br \/>\n<em>Auszeichnungen<\/em><br \/>\n2024 Clo\u00ebtta Preis<br \/>\n2019 Robert Wenner Preis, Krebsliga Schweiz<br \/>\n2019 PCF Challenger Award<br \/>\n2019 Pfizer Research Prize in Oncology<br \/>\n2015 J. Steiner Krebsforschungspreis<br \/>\n2010 Swiss Bridge Award<\/p>\n<ul>\n<li><strong>Prof. Gerhard Attard<\/strong><\/li>\n<\/ul>\n<p><em>Spezialist auf dem Gebiet des fortgeschrittenen Prostatakrebses und im Bereich der Entwicklung klinischer Studien f\u00fcr neuartige Therapien<br \/>\n<\/em>Ordentlicher Professor und Leiter der Abteilung f\u00fcr medizinische Onkologie am University College London (UCL) in London, GB<br \/>\n<em>Letzte Auszeichnungen<br \/>\n<\/em>2017 \u00abCancer Research UK Future Leader\u00bb Preis<br \/>\n2010 McElwain Preis<br \/>\n2010 Sue McCarthy Preis der Medical Research Society\/Academy of Medical Sciences<br \/>\n2009 AACR-GlaxoSmithKline Preis f\u00fcr herausragende klinische Forschung<br \/>\n2008 \u00abProstate Cancer Foundation\u00bb Preis f\u00fcr junge Forschende<\/p>\n<ul>\n<li><strong>Prof. Peter Johnson MA, MD, FRCP<\/strong><\/li>\n<\/ul>\n<p><em>Spezialist auf den Gebieten des Lymphoms und der Immuntherapie<\/em><br \/>\nProfessor f\u00fcr medizinische Onkologie, Medizinische Fakult\u00e4t der Universit\u00e4t Southampton, England<br \/>\n<em>Zuletzt erhaltener Preis<\/em><br \/>\n2016 CBE K\u00f6nigin Elisabeth Preis<\/p>\n<ul>\n<li><strong>Prof. Dr. Anne M\u00fcller<\/strong><\/li>\n<\/ul>\n<p><em>Spezialistin auf dem Gebiet der Immunbiologie<\/em><br \/>\nOrdentliche Professorin f\u00fcr experimentelle Medizin am Institut f\u00fcr molekulare Krebsforschung der Universit\u00e4t Z\u00fcrich, Schweiz<br \/>\n<em>Zuletzt erhaltene Preise<\/em><br \/>\n2021 Clo\u00ebtta-Preis<br \/>\n2012 Georg Friedrich G\u00f6tz Preis<br \/>\n2001 Dissertationspreis Hygiene &amp; Mikrobiologie<br \/>\n2001 Otto Hahn Preis, Nachwuchsforsche<\/p>\n<ul>\n<li><strong>Prof. Dr. Federica Sallusto<\/strong><\/li>\n<\/ul>\n<p><em>Expertin f\u00fcr Immunologie<\/em><br \/>\nOrdentliche Professorin f\u00fcr medizinische Onkologie an der ETH Z\u00fcrich und an der Universit\u00e0 della Svizzera italiana (USI), Lugano (gemeinsame Professur)<br \/>\nMitglied des Forschungsrates des Schweizerischen Nationalfonds (SNF)<br \/>\n<em>J\u00fcngste Auszeichnungen<\/em><br \/>\n2010 Wissenschaftlicher Preis der Foundation for Study of Neurodegenerative Diseases<br \/>\n2009 Behring-Lecture-Preis<br \/>\n1999 Preis der Pharmacia Allergy Research Foundation<\/p>\n                    <\/div>\n                <\/div>\n                            <div class=\"accordion-item\">\n                    <div class=\"accordion-header\">\n                        <h3>Die Direktion<\/h3>\n                    <\/div>\n                    <div class=\"accordion-content\">\n                        <p>Die Direktion w\u00e4hlt mit Hilfe des Wissenschaftlichen Rates die zu unterst\u00fctzenden Forschungsprojekte aus und unterbreitet ihre Vorschl\u00e4ge dem Stiftungsrat. Sie erarbeitet und schl\u00e4gt eine Fundraising- Strategie vor und \u00fcbernimmt die Aufgaben, die ihr durch den Stiftungsrat zugeteilt werden.<\/p>\n<ul>\n<li><strong>Prof. Susan M. Gasser<\/strong>&nbsp;\u2013 Direktorin&nbsp;<a href=\"https:\/\/www.isrec.ch\/app\/uploads\/2024\/03\/Bio_SG_DE.pdf\" target=\"_blank\" rel=\"noopener\" data-mce-href=\"https:\/\/www.isrec.ch\/app\/uploads\/2024\/03\/Bio_SG_DE.pdf\">BIOGRAFIE,<\/a><a class=\"internal-link\" href=\"https:\/\/www.isrec.ch\/fileadmin\/documents\/pdf\/Organisation\/Bio_PMG_D.pdf\" target=\"_blank\" rel=\"noopener\" data-mce-href=\"https:\/\/www.isrec.ch\/fileadmin\/documents\/pdf\/Organisation\/Bio_PMG_D.pdf\">&nbsp;<\/a><a href=\"https:\/\/www.fmi.ch\/research-groups\/former\/emeriti\/emeriti.html?group=42\" target=\"_blank\" rel=\"noopener\" data-mce-href=\"https:\/\/www.fmi.ch\/research-groups\/former\/emeriti\/emeriti.html?group=42\">WEBSITE<\/a><\/li>\n<li><strong>Frau Aylin Niederberger<\/strong>&nbsp;\u2013 Finanz- und Verwaltungsdirektorin<\/li>\n<\/ul>\n                    <\/div>\n                <\/div>\n                            <div class=\"accordion-item\">\n                    <div class=\"accordion-header\">\n                        <h3>Botschafter<\/h3>\n                    <\/div>\n                    <div class=\"accordion-content\">\n                        <p>Unsere Botschafter setzen sich bei unseren Freunden, M\u00e4zenen und Spendern f\u00fcr unsere Anliegen ein.<\/p>\n<ul>\n<li><strong>Federica Mariani<\/strong> \u2013 Botschafterin f\u00fcr die Westschweiz<\/li>\n<li><strong>Andreas Choffat\u00a0<\/strong>\u2013 Botschafter f\u00fcr die Deutschschweiz<\/li>\n<li><strong>Corinna Adler <\/strong>\u2013 Botschafterin f\u00fcr die Deutschschweiz<\/li>\n<\/ul>\n                    <\/div>\n                <\/div>\n                            <div class=\"accordion-item\">\n                    <div class=\"accordion-header\">\n                        <h3>Die Rechnungsrevision<\/h3>\n                    <\/div>\n                    <div class=\"accordion-content\">\n                        <p>Die Rechnungsrevision, deren Aufgaben durch das Gesetz bestimmt werden, wird vom Stiftungsrat ernannt und j\u00e4hrlich neu gew\u00e4hlt. Das aktuelle Mandat wurde Ernst &amp; Young SA anvertraut, einer von der Schweizerischen Treuhand-Kammer anerkannten Treuhandgesellschaft.<\/p>\n                    <\/div>\n                <\/div>\n                            <div class=\"accordion-item\">\n                    <div class=\"accordion-header\">\n                        <h3>Steuerstatus<\/h3>\n                    <\/div>\n                    <div class=\"accordion-content\">\n                        <p>Die ISREC Stiftung ist als Institution mit rein \u00f6ffentlichem Zweck anerkannt. Sie untersteht der Aufsicht des Bundes und ist von Steuern auf Nachl\u00e4ssen und Spenden befreit.<\/p>\n                    <\/div>\n                <\/div>\n                <\/div>\n        \n\n\n","protected":false},"excerpt":{"rendered":"<p>Die Stiftung setzt sich aus folgenden Organen zusammen:<\/p>\n","protected":false},"author":10,"featured_media":5070,"parent":1189,"menu_order":10,"comment_status":"closed","ping_status":"closed","template":"","meta":{"_acf_changed":false,"footnotes":""},"class_list":["post-1163","page","type-page","status-publish","has-post-thumbnail","hentry"],"acf":[],"aioseo_notices":[],"_links":{"self":[{"href":"https:\/\/www.isrec.ch\/de\/wp-json\/wp\/v2\/pages\/1163","targetHints":{"allow":["GET"]}}],"collection":[{"href":"https:\/\/www.isrec.ch\/de\/wp-json\/wp\/v2\/pages"}],"about":[{"href":"https:\/\/www.isrec.ch\/de\/wp-json\/wp\/v2\/types\/page"}],"author":[{"embeddable":true,"href":"https:\/\/www.isrec.ch\/de\/wp-json\/wp\/v2\/users\/10"}],"replies":[{"embeddable":true,"href":"https:\/\/www.isrec.ch\/de\/wp-json\/wp\/v2\/comments?post=1163"}],"version-history":[{"count":75,"href":"https:\/\/www.isrec.ch\/de\/wp-json\/wp\/v2\/pages\/1163\/revisions"}],"predecessor-version":[{"id":8653,"href":"https:\/\/www.isrec.ch\/de\/wp-json\/wp\/v2\/pages\/1163\/revisions\/8653"}],"up":[{"embeddable":true,"href":"https:\/\/www.isrec.ch\/de\/wp-json\/wp\/v2\/pages\/1189"}],"wp:featuredmedia":[{"embeddable":true,"href":"https:\/\/www.isrec.ch\/de\/wp-json\/wp\/v2\/media\/5070"}],"wp:attachment":[{"href":"https:\/\/www.isrec.ch\/de\/wp-json\/wp\/v2\/media?parent=1163"}],"curies":[{"name":"wp","href":"https:\/\/api.w.org\/{rel}","templated":true}]}}