{"id":1180,"date":"2023-06-06T14:10:57","date_gmt":"2023-06-06T12:10:57","guid":{"rendered":"https:\/\/www.isrec.ch\/liens\/"},"modified":"2025-08-08T14:47:43","modified_gmt":"2025-08-08T12:47:43","slug":"links","status":"publish","type":"page","link":"https:\/\/www.isrec.ch\/de\/die-stiftung\/links\/","title":{"rendered":"Links"},"content":{"rendered":"\n<h2 class=\"wp-block-heading\">Gemeinschaft<\/h2>\n\n\n\n<p><strong>Die Krebsforschung lebt vom internationalem Austausch auf Spitzenniveau. Zahlreiche Institute und Universit\u00e4ten in Europa und Amerika stehen in Verbindung miteinander. Die Resultate aus den Arbeiten der Forscher werden regelm\u00e4ssig in den besten internationalen Wissenschaftsmagazinen ver\u00f6ffentlicht.&nbsp;<\/strong><\/p>\n\n\n\n<p><strong>Die ISREC-Stiftung befindet sich im Herzen eines \u00d6kosystems, das f\u00fcr den Kampf gegen alle Formen von Krebs besonders g\u00fcnstig ist. Seit einem Jahrhundert hat sich Lausanne durch die Zusammenlegung mehrerer Institutionen zu einer Plattform f\u00fcr onkologische Forschung entwickelt.<\/strong><\/p>\n\n\n\n<p>Auf nationaler Ebene wird die Forschungsarbeit mit den Schweizer Universit\u00e4ten und Universit\u00e4tskliniken koordiniert.<\/p>\n\n\n\n<p>Zahlreiche Akteure der biomedizinischen Krebsforschung sind in der Region Lausanne zusammengeschlossen, insbesondere im Rahmen des Swiss Cancer Research L\u00e9man (SCRL), das im AGORA-Geb\u00e4ude der ISREC-Stiftung untergebracht ist. Die Partner des SCRL sind:<\/p>\n\n\n\n<p>Die Abteilung f\u00fcr Onkologie <a href=\"https:\/\/www.unil.ch\/central\/en\/home.html\" title=\"UNIL\">UNIL<\/a>, <a href=\"https:\/\/www.lausanneuniversityhospital.com\/home\" title=\"CHUV\">CHUV<\/a>.<\/p>\n\n\n\n<p>Das <a href=\"https:\/\/www.ludwigcancerresearch.org\/location\/lausanne\/\" title=\"Ludwig Institute for Cancer Research\">Ludwig Institute for Cancer Research<\/a>, Lausanne Branch.<\/p>\n\n\n\n<p>Die Ecole Polytechnique F\u00e9d\u00e9rale de Lausanne, D\u00e9partement des Sciences de la Vie (<a href=\"https:\/\/www.epfl.ch\/de\/\" title=\"EPFL\">EPFL<\/a>).<\/p>\n\n\n\n<p>Das Universit\u00e4tskrankenhaus Genf (<a href=\"https:\/\/www.hug.ch\/en\" title=\"HUG\">HUG<\/a>)<\/p>\n\n\n\n<p>Die Universit\u00e4t von Genf (<a href=\"https:\/\/www.unige.ch\/en\/\" title=\"UNIGE\">UNIGE<\/a>).<\/p>\n\n\n\n<p>Die folgenden Institutionen sind ebenfalls an der Krebsforschung beteiligt:<\/p>\n\n\n\n<p><a href=\"http:\/\/www.chuv.ch\/\" target=\"_blank\" rel=\"noreferrer noopener\">CHUV<\/a> (Centre hospitalier universitaire vaudois).<\/p>\n\n\n\n<p>UNIL (Universit\u00e4t Lausanne) :<\/p>\n\n\n\n<ul class=\"wp-block-list\">\n<li>Integratives Zentrum f\u00fcr Genomik (Centre int\u00e9gratif de g\u00e9nomique, <a href=\"https:\/\/www.unil.ch\/cig\/home.html\" title=\"CIG\">CIG<\/a>).<\/li>\n<\/ul>\n\n\n\n<ul class=\"wp-block-list\">\n<li>Fakult\u00e4t f\u00fcr Biologie und Medizin (<a href=\"https:\/\/www.unil.ch\/fbm\/home.html\" title=\"FBM\">FBM<\/a>)<\/li>\n<\/ul>\n\n\n\n<ul class=\"wp-block-list\">\n<li><a href=\"https:\/\/applicationspub.unil.ch\/interpub\/noauth\/php\/Un\/UnUnite.php?UnId=30&amp;LanCode=8\" title=\"Abteilung f\u00fcr Immunbiologie\">Abteilung f\u00fcr Immunbiologie<\/a><\/li>\n<\/ul>\n\n\n\n<p>Das Schweizerische Institut f\u00fcr Bioinformatik (Swiss Institute of Bioinformatics &#8211; <a href=\"https:\/\/www.sib.swiss\/\" title=\"SIB\">SIB<\/a>)<\/p>\n\n\n\n<hr class=\"wp-block-separator has-alpha-channel-opacity\"\/>\n\n\n\n<h3 class=\"wp-block-heading\">Mitgliedschaften<\/h3>\n\n\n\n<p>Association de Gen\u00e8ve des Fondations Acad\u00e9miques (<a href=\"http:\/\/www.agfa-ge.ch\/index.php\" target=\"_blank\" rel=\"noreferrer noopener\">AGFA<\/a>)<\/p>\n\n\n\n<p>proFonds&nbsp;(<a href=\"https:\/\/www.profonds.org\/de\/\" target=\"_blank\" rel=\"noreferrer noopener\">proFonds<\/a>)<\/p>\n\n\n\n<p>Union for International Cancer Control (<a href=\"http:\/\/www.uicc.org\/\" target=\"_blank\" rel=\"noreferrer noopener\">UICC<\/a>)<\/p>\n\n\n\n<hr class=\"wp-block-separator has-alpha-channel-opacity\"\/>\n\n\n\n\n\n\n\n\n\n\n","protected":false},"excerpt":{"rendered":"<p>Gemeinschaft Die Krebsforschung lebt vom internationalem Austausch auf Spitzenniveau. Zahlreiche Institute und Universit\u00e4ten in Europa und Amerika stehen in Verbindung miteinander. Die Resultate aus den Arbeiten der Forscher werden regelm\u00e4ssig in den besten internationalen Wissenschaftsmagazinen ver\u00f6ffentlicht.&nbsp; Die ISREC-Stiftung befindet sich im Herzen eines \u00d6kosystems, das f\u00fcr den Kampf gegen alle Formen von Krebs besonders g\u00fcnstig [&hellip;]<\/p>\n","protected":false},"author":10,"featured_media":989,"parent":1189,"menu_order":25,"comment_status":"closed","ping_status":"closed","template":"","meta":{"_acf_changed":false,"footnotes":""},"class_list":["post-1180","page","type-page","status-publish","has-post-thumbnail","hentry"],"acf":[],"aioseo_notices":[],"_links":{"self":[{"href":"https:\/\/www.isrec.ch\/de\/wp-json\/wp\/v2\/pages\/1180","targetHints":{"allow":["GET"]}}],"collection":[{"href":"https:\/\/www.isrec.ch\/de\/wp-json\/wp\/v2\/pages"}],"about":[{"href":"https:\/\/www.isrec.ch\/de\/wp-json\/wp\/v2\/types\/page"}],"author":[{"embeddable":true,"href":"https:\/\/www.isrec.ch\/de\/wp-json\/wp\/v2\/users\/10"}],"replies":[{"embeddable":true,"href":"https:\/\/www.isrec.ch\/de\/wp-json\/wp\/v2\/comments?post=1180"}],"version-history":[{"count":11,"href":"https:\/\/www.isrec.ch\/de\/wp-json\/wp\/v2\/pages\/1180\/revisions"}],"predecessor-version":[{"id":8198,"href":"https:\/\/www.isrec.ch\/de\/wp-json\/wp\/v2\/pages\/1180\/revisions\/8198"}],"up":[{"embeddable":true,"href":"https:\/\/www.isrec.ch\/de\/wp-json\/wp\/v2\/pages\/1189"}],"wp:featuredmedia":[{"embeddable":true,"href":"https:\/\/www.isrec.ch\/de\/wp-json\/wp\/v2\/media\/989"}],"wp:attachment":[{"href":"https:\/\/www.isrec.ch\/de\/wp-json\/wp\/v2\/media?parent=1180"}],"curies":[{"name":"wp","href":"https:\/\/api.w.org\/{rel}","templated":true}]}}