{"id":1215,"date":"2023-06-06T14:58:30","date_gmt":"2023-06-06T12:58:30","guid":{"rendered":"https:\/\/www.isrec.ch\/la-recherche\/la-releve-scientifique\/"},"modified":"2026-01-20T11:01:29","modified_gmt":"2026-01-20T10:01:29","slug":"der-wissenschaftliche-nachwuchs","status":"publish","type":"page","link":"https:\/\/www.isrec.ch\/de\/die-forschung\/der-wissenschaftliche-nachwuchs\/","title":{"rendered":"Der wissenschaftliche Nachwuchs"},"content":{"rendered":"\n<h4 class=\"wp-block-heading\"><strong>Die ISREC Stiftung setzt sich aktiv f\u00fcr die Ausbildung der n\u00e4chsten Generation klinischer&nbsp;Forscherinnen&nbsp;und&nbsp;Forschern&nbsp;ein, die bei der Innovation und der Weiterentwicklung onkologischer&nbsp;Therapien&nbsp;eine Schl\u00fcsselrolle spielen werden.<\/strong><\/h4>\n\n\n\n<p>Im Rahmen des neuen nationalen MD-PhD-Stipendienprogramms unterst\u00fctzt die ISREC Stiftung ab 2025 MD-PhD-Stipendien. Dieses Programm wurde&nbsp;von der Schweizerischen Akademie der Medizinischen Wissenschaften (SAMW) ins Leben gerufen.&nbsp;Ziel ist&nbsp;die F\u00f6rderung von&nbsp;\u00c4rztinnen&nbsp;und&nbsp;\u00c4rzten mit Interesse an&nbsp;translationaler&nbsp;und Grundlagenforschung, indem ihnen erm\u00f6glicht&nbsp;wird, parallel zu ihrer medizinischen Ausbildung eine Doktorandenausbildung in biomedizinischen Wissenschaften zu absolvieren.<\/p>\n\n\n\n<p>Gesuche&nbsp;sind direkt \u00fcber die&nbsp;Webseite der Schweizerischen Akademie der Medizinischen Wissenschaften einzureichen. Dort sind auch&nbsp;s\u00e4mtliche&nbsp;Informationen \u00fcber das Programm und die F\u00f6rderungsbedingungen detailliert aufgef\u00fchrt: <a href=\"https:\/\/www.samw.ch\/de\/Foerderung\/MD-PhD-Programm.html\" target=\"_blank\" rel=\"noopener\" title=\"MD-PhD-Programm\">MD-PhD-Programm<\/a><\/p>\n\n\n\n<hr class=\"wp-block-separator has-alpha-channel-opacity\"\/>\n\n\n\n<h3 class=\"wp-block-heading\">Im Rahmen des <a href=\"https:\/\/www.samw.ch\/de\/Foerderung\/MD-PhD-Programm.html\" target=\"_blank\" rel=\"noopener\" title=\"nationalen MD-PhD-Stipendienprogramms finanzierte Projekte\">nationalen MD-PhD-Stipendienprogramms finanzierte Projekte<\/a><\/h3>\n\n\n\n    <div class=\"search-article-by-category \">\n        <div class=\"search-articles-list accordions\">\n            \n<div class=\"accordion-item\">\n    <div class=\"accordion-item\">\n        <a href=\"https:\/\/www.isrec.ch\/de\/forschung\/fanny-amrein-md-phd-im-labor-von-prof-olivier-michielin-unige-immunonkologie\/\">\n            <div class=\"accordion-header-bis\">\n                <h3>Fanny Amrein, MD-PhD im Labor von Prof. Olivier Michielin (UNIGE) \u2013 (Immunonkologie)<\/h3>\n            <\/div>\n        <\/a>\n    <\/div>\n<\/div>\n<div class=\"accordion-item\">\n    <div class=\"accordion-item\">\n        <a href=\"https:\/\/www.isrec.ch\/de\/forschung\/lara-chavaz-md-phd-im-labor-von-prof-marc-ansari-unige-paediatrische-onkologie\/\">\n            <div class=\"accordion-header-bis\">\n                <h3>Lara Chavaz, MD-PhD im Labor von Prof. Marc Ansari (UNIGE) \u2013 (p\u00e4diatrische Onkologie)<\/h3>\n            <\/div>\n        <\/a>\n    <\/div>\n<\/div>\n                \n                    <\/div>\n    <\/div>\n\n\n\n<h3 class=\"wp-block-heading\">Der wissenschaftliche Nachwuchs &#8211; Laufende Projekte<\/h3>\n\n\n\n<div style=\"height:25px\" aria-hidden=\"true\" class=\"wp-block-spacer\"><\/div>\n\n\n\n    <div class=\"search-article-by-category \">\n        <div class=\"search-articles-list accordions\">\n            \n<div class=\"accordion-item\">\n    <div class=\"accordion-item\">\n        <a href=\"https:\/\/www.isrec.ch\/de\/forschung\/die-rolle-naturlicher-killerzellen-im-kutanen-t-zell-lymphom-pathophysiologische-mechanismen-und-klinische-bedeutung\/\">\n            <div class=\"accordion-header-bis\">\n                <h3>Christoph Iselin, MD-Phd im Labor von Prof. Emmanuella Guenova (UNIL) &#8211; (Kutanes Lymphom)<\/h3>\n            <\/div>\n        <\/a>\n    <\/div>\n<\/div>\n<div class=\"accordion-item\">\n    <div class=\"accordion-item\">\n        <a href=\"https:\/\/www.isrec.ch\/de\/forschung\/die-rolle-des-bdnf-proteins-in-der-neuroimmunen-kontrolle-der-akuten-myeloischen-leukamie\/\">\n            <div class=\"accordion-header-bis\">\n                <h3>Benedetta Fiordi, PhD im Labor von Prof. Camilla Jandus (UNIGE) &#8211; (Akute myeloische Leuk\u00e4mie)<\/h3>\n            <\/div>\n        <\/a>\n    <\/div>\n<\/div>\n                \n                    <\/div>\n    <\/div>\n","protected":false},"excerpt":{"rendered":"<p>Die ISREC Stiftung setzt sich aktiv f\u00fcr die Ausbildung der n\u00e4chsten Generation klinischer&nbsp;Forscherinnen&nbsp;und&nbsp;Forschern&nbsp;ein, die bei der Innovation und der Weiterentwicklung onkologischer&nbsp;Therapien&nbsp;eine Schl\u00fcsselrolle spielen werden. Im Rahmen des neuen nationalen MD-PhD-Stipendienprogramms unterst\u00fctzt die ISREC Stiftung ab 2025 MD-PhD-Stipendien. Dieses Programm wurde&nbsp;von der Schweizerischen Akademie der Medizinischen Wissenschaften (SAMW) ins Leben gerufen.&nbsp;Ziel ist&nbsp;die F\u00f6rderung von&nbsp;\u00c4rztinnen&nbsp;und&nbsp;\u00c4rzten mit Interesse [&hellip;]<\/p>\n","protected":false},"author":10,"featured_media":6035,"parent":1202,"menu_order":15,"comment_status":"closed","ping_status":"closed","template":"","meta":{"_acf_changed":false,"footnotes":""},"class_list":["post-1215","page","type-page","status-publish","has-post-thumbnail","hentry"],"acf":[],"aioseo_notices":[],"_links":{"self":[{"href":"https:\/\/www.isrec.ch\/de\/wp-json\/wp\/v2\/pages\/1215","targetHints":{"allow":["GET"]}}],"collection":[{"href":"https:\/\/www.isrec.ch\/de\/wp-json\/wp\/v2\/pages"}],"about":[{"href":"https:\/\/www.isrec.ch\/de\/wp-json\/wp\/v2\/types\/page"}],"author":[{"embeddable":true,"href":"https:\/\/www.isrec.ch\/de\/wp-json\/wp\/v2\/users\/10"}],"replies":[{"embeddable":true,"href":"https:\/\/www.isrec.ch\/de\/wp-json\/wp\/v2\/comments?post=1215"}],"version-history":[{"count":15,"href":"https:\/\/www.isrec.ch\/de\/wp-json\/wp\/v2\/pages\/1215\/revisions"}],"predecessor-version":[{"id":8680,"href":"https:\/\/www.isrec.ch\/de\/wp-json\/wp\/v2\/pages\/1215\/revisions\/8680"}],"up":[{"embeddable":true,"href":"https:\/\/www.isrec.ch\/de\/wp-json\/wp\/v2\/pages\/1202"}],"wp:featuredmedia":[{"embeddable":true,"href":"https:\/\/www.isrec.ch\/de\/wp-json\/wp\/v2\/media\/6035"}],"wp:attachment":[{"href":"https:\/\/www.isrec.ch\/de\/wp-json\/wp\/v2\/media?parent=1215"}],"curies":[{"name":"wp","href":"https:\/\/api.w.org\/{rel}","templated":true}]}}