{"id":1237,"date":"2023-06-06T15:08:56","date_gmt":"2023-06-06T13:08:56","guid":{"rendered":"https:\/\/www.isrec.ch\/la-recherche\/therapie-flash\/"},"modified":"2026-03-25T08:43:01","modified_gmt":"2026-03-25T07:43:01","slug":"flash-therapie","status":"publish","type":"page","link":"https:\/\/www.isrec.ch\/de\/die-forschung\/flash-therapie\/","title":{"rendered":"FLASH-Therapie"},"content":{"rendered":"\n<div class=\"wp-block-columns is-layout-flex wp-container-core-columns-is-layout-9d6595d7 wp-block-columns-is-layout-flex\">\n<div class=\"wp-block-column is-layout-flow wp-block-column-is-layout-flow\" style=\"flex-basis:70%\">\n<h2 class=\"wp-block-heading\">Klinisches Forschungsprogramm zur FLASH-Strahlentherapie am CHUV<\/h2>\n\n\n\n<p><strong>Projekt unter der Leitung der Radio Onkologie am CHUV, Departement f\u00fcr Onkologie UNIL CHUV<\/strong><\/p>\n\n\n\n<p>Das von der ISREC Stiftung koordinierte FLASH Projekt wird durch eine Spende der privaten Biltema Stiftung in H\u00f6he von CHF 25&#8217;840&#8217;000 erm\u00f6glicht. Ziel ist die Durchf\u00fchrung eines klinischen Forschungsprogramms \u00fcber die FLASH Strahlentherapie, das im Rahmen einer Zusammenarbeit zwischen Waadtl\u00e4nder Universit\u00e4tsspital (CHUV) ausgearbeitet wurde.<\/p>\n\n\n\n<p>Die FLASH-Strahlentherapie ist eine neue Form der Strahlentherapie, die sich dadurch auszeichnet, dass sie in wenigen Millisekunden statt in Minuten verabreicht wird. Sie erm\u00f6glicht einen bemerkenswerten Schutz des gesunden Gewebes, w\u00e4hrend die Wirksamkeit auf die zu behandelnden Tumoren erhalten bleibt. Dieser neue therapeutische Ansatz k\u00f6nnte die Behandlung und die Lebensqualit\u00e4t von Krebspatienten erheblich verbessern.<\/p>\n\n\n\n<p>Im Jahr 2018 wurde im CHUV bei einem ersten Patienten mit einem refrakt\u00e4ren Hautlymphom eine \u00abCompassionate-Use\u00bb FLASH-Therapie erfolgreich durchgef\u00fchrt. Diese erste Behandlung zeigte, dass die FLASH-Strahlentherapie machbar und sicher ist, was eine rasche \u00dcbertragung dieser Behandlungsform in die Klinik vorantrieb. Aufgrund seiner Pionierrolle, seiner einzigartigen Expertise und seiner F\u00fchrungsposition auf internationaler Ebene befasst sich das Lausanner Universit\u00e4tsspital CHUV nun mit einem intensiven Programm im Bereich der klinischen Translation der FLASH-Strahlentherapie. Diese \u00dcbertragung in die Klinik wird in drei komplement\u00e4ren, parallel verlaufenden Phasen ausgef\u00fchrt.<\/p>\n\n\n\n    <div class=\"accordions \">\n                        <div class=\"accordion-item\">\n                    <div class=\"accordion-header\">\n                        <h3>Erste Phase: FLASH-Strahlentherapie von Hautkrebsen mit Behandlungstiefe von bis zu 2,7 cm<\/h3>\n                    <\/div>\n                    <div class=\"accordion-content\">\n                        <p>Als Folge von technischen Herausforderungen kann der erste klinische Prototyp, der am CHUV f\u00fcr die klinische Translation benutzt wird, nur f\u00fcr oberfl\u00e4chliche Hautkrebsarten (bis zu einer Tiefe von 2,7 cm) verwendet werden. Dieser Prototyp wurde dem CHUV durch die IntraOp Medical Corporation (Kalifornien, USA) zur Verf\u00fcgung gestellt; dies im Rahmen einer wissenschaftlichen Zusammenarbeit zur Beschleunigung der Entwicklung der FLASH-Strahlentherapie hin zu ersten klinischen Versuchen am Menschen.<\/p>\n<p>&nbsp;<\/p>\n<p>In diesem Rahmen werden demn\u00e4chst zwei klinische Studien initiiert: Die erste ist f\u00fcr Melanome, die nicht auf systemische Behandlungen ansprechen, bestimmt. Bei der zweiten handelt es sich um eine randomisierte Studie, die die FLASH-Strahlentherapie mit der konventionellen Strahlentherapie f\u00fcr oberfl\u00e4chliche Hautkrebse vergleicht. Von diesen zwei klinischen Studien wird erwartet, dass sie einen ersten Nachweis f\u00fcr die \u00dcberlegenheit der FLASH-Strahlentherapie gegen\u00fcber der normalen Strahlentherapie erbringen. \u00dcber die ISREC Stiftung tr\u00e4gt die Biltema Stiftung massgeblich, aber nicht als einzige Institution (siehe Tabelle), die Finanzierung dieser Phase des Programms mit.<\/p>\n                    <\/div>\n                <\/div>\n                            <div class=\"accordion-item\">\n                    <div class=\"accordion-header\">\n                        <h3>Zweite Phase: Intraoperative FLASH-Strahlentherapie mit Behandlungstiefe von bis zu 3,2 cm<\/h3>\n                    <\/div>\n                    <div class=\"accordion-content\">\n                        <p>Die zweite Phase des Programms hat zum Ziel, die Nutzung der FLASH-Strahlentherapie w\u00e4hrend Operationen f\u00fcr Tumoren, die chirurgisch nicht vollst\u00e4ndig entfernt werden k\u00f6nnen, zu bewerten. Damit soll die heilende Wirkung des chirurgischen Eingriffes erh\u00f6ht werden. Die intraoperative FLASH-Strahlentherapie (Intra-Operative Radiotherapy, FLASH IORT) wird mit einem zweiten klinischen Prototyp durchgef\u00fchrt, dem sogenannten FLASH-KNIFE, der dem CHUV durch die Firma PMB (Peynier, FRANKREICH) zur Verf\u00fcgung gestellt wird. Zwischen der PMB Corporation und dem CHUV besteht eine langj\u00e4hrige, im Jahre 2013 initiierten Zusammenarbeit auf dem Gebiet der FLASH-Strahlentherapie. An dieser Phase des Programms ist die Biltema Stiftung nicht beteiligt.<\/p>\n                    <\/div>\n                <\/div>\n                            <div class=\"accordion-item\">\n                    <div class=\"accordion-header\">\n                        <h3>Dritte Phase: Behandlung von tiefliegenden Tumoren aller Art<\/h3>\n                    <\/div>\n                    <div class=\"accordion-content\">\n                        <p>Die dritte Phase des Programms ist die revolution\u00e4rste und wichtigste Etappe. In Zusammenarbeit mit dem CHUV geht es darum, ein einzigartiges klinisches Demonstrationsmodell, mit dem tiefliegende Tumoren aller Art mittels FLASH-Strahlentherapie behandelt werden k\u00f6nnen.<\/p>\n<p>Diese Phase des Programms wird &#8211; mit der wertvollen Unterst\u00fctzung der ISREC Stiftung &#8211; <strong>ausschliesslich<\/strong> durch die Biltema Stiftung finanziert.<\/p>\n                    <\/div>\n                <\/div>\n                <\/div>\n        \n\n\n<\/div>\n\n\n\n<div class=\"wp-block-column is-layout-flow wp-block-column-is-layout-flow\" style=\"flex-basis:5%\"><\/div>\n\n\n\n<div class=\"wp-block-column is-layout-flow wp-block-column-is-layout-flow\" style=\"flex-basis:25%\">\n<div class=\"wp-block-group is-style-default box-grey is-layout-constrained wp-block-group-is-layout-constrained\">\n\n\n<p>Interview (auf Franz\u00f6sisch) mit Prof. Pierre-Marie Glauser, Pr\u00e4sident der ISREC Stiftung<\/p>\n\n\n\n<figure class=\"wp-block-video\"><video controls src=\"https:\/\/www.isrec.ch\/app\/uploads\/2023\/10\/La-Fondation-ISREC-un-soutien-a-la-therapie-FLASH.mp4\"><\/video><\/figure>\n<\/div>\n<\/div>\n<\/div>\n","protected":false},"excerpt":{"rendered":"<p>Klinisches Forschungsprogramm zur FLASH-Strahlentherapie am CHUV Projekt unter der Leitung der Radio Onkologie am CHUV, Departement f\u00fcr Onkologie UNIL CHUV Das von der ISREC Stiftung koordinierte FLASH Projekt wird durch eine Spende der privaten Biltema Stiftung in H\u00f6he von CHF 25&#8217;840&#8217;000 erm\u00f6glicht. Ziel ist die Durchf\u00fchrung eines klinischen Forschungsprogramms \u00fcber die FLASH Strahlentherapie, das im [&hellip;]<\/p>\n","protected":false},"author":10,"featured_media":5038,"parent":1202,"menu_order":25,"comment_status":"closed","ping_status":"closed","template":"","meta":{"_acf_changed":false,"footnotes":""},"class_list":["post-1237","page","type-page","status-publish","has-post-thumbnail","hentry"],"acf":[],"aioseo_notices":[],"_links":{"self":[{"href":"https:\/\/www.isrec.ch\/de\/wp-json\/wp\/v2\/pages\/1237","targetHints":{"allow":["GET"]}}],"collection":[{"href":"https:\/\/www.isrec.ch\/de\/wp-json\/wp\/v2\/pages"}],"about":[{"href":"https:\/\/www.isrec.ch\/de\/wp-json\/wp\/v2\/types\/page"}],"author":[{"embeddable":true,"href":"https:\/\/www.isrec.ch\/de\/wp-json\/wp\/v2\/users\/10"}],"replies":[{"embeddable":true,"href":"https:\/\/www.isrec.ch\/de\/wp-json\/wp\/v2\/comments?post=1237"}],"version-history":[{"count":23,"href":"https:\/\/www.isrec.ch\/de\/wp-json\/wp\/v2\/pages\/1237\/revisions"}],"predecessor-version":[{"id":8825,"href":"https:\/\/www.isrec.ch\/de\/wp-json\/wp\/v2\/pages\/1237\/revisions\/8825"}],"up":[{"embeddable":true,"href":"https:\/\/www.isrec.ch\/de\/wp-json\/wp\/v2\/pages\/1202"}],"wp:featuredmedia":[{"embeddable":true,"href":"https:\/\/www.isrec.ch\/de\/wp-json\/wp\/v2\/media\/5038"}],"wp:attachment":[{"href":"https:\/\/www.isrec.ch\/de\/wp-json\/wp\/v2\/media?parent=1237"}],"curies":[{"name":"wp","href":"https:\/\/api.w.org\/{rel}","templated":true}]}}