{"id":1255,"date":"2023-06-06T15:39:54","date_gmt":"2023-06-06T13:39:54","guid":{"rendered":"https:\/\/www.isrec.ch\/agora\/objectif\/"},"modified":"2024-02-20T11:52:47","modified_gmt":"2024-02-20T10:52:47","slug":"ziel","status":"publish","type":"page","link":"https:\/\/www.isrec.ch\/de\/agora\/ziel\/","title":{"rendered":"Forschungszentrum"},"content":{"rendered":"\n<h2 class=\"wp-block-heading\">Ziel<\/h2>\n\n\n\n<div class=\"wp-block-columns is-layout-flex wp-container-core-columns-is-layout-9d6595d7 wp-block-columns-is-layout-flex\">\n<div class=\"wp-block-column is-layout-flow wp-block-column-is-layout-flow\" style=\"flex-basis:70%\">\n<blockquote class=\"wp-block-quote is-layout-flow wp-block-quote-is-layout-flow\"><div class=\"wp-bootstrap-blocks-row row justify-content-center align-items-center\">\n\t\n\n<div class=\"col-12 col-md-3\">\n\t\t\t<div class=\"h-100 d-flex flex-column justify-content-center\">\n\t\t\t\n\n<figure class=\"wp-block-image aligncenter size-full\"><img loading=\"lazy\" decoding=\"async\" width=\"222\" height=\"222\" src=\"https:\/\/www.isrec.ch\/app\/uploads\/2023\/06\/csm_Agora_logo_quadri_62e4bc71e1.png\" alt=\"\" class=\"wp-image-1101\" srcset=\"https:\/\/www.isrec.ch\/app\/uploads\/2023\/06\/csm_Agora_logo_quadri_62e4bc71e1.png 222w, https:\/\/www.isrec.ch\/app\/uploads\/2023\/06\/csm_Agora_logo_quadri_62e4bc71e1-150x150.png 150w\" sizes=\"auto, (max-width: 222px) 100vw, 222px\" \/><\/figure>\n\n\t\t<\/div>\n\t<\/div>\n\n\n\n<div class=\"col-12 col-md-9\">\n\t\t\t<div class=\"h-100 d-flex flex-column justify-content-center\">\n\t\t\t\n\n<p><a href=\"https:\/\/agora-cancer.ch\/\" title=\"Das Krebsforschungszentrum AGORA\">Das Krebsforschungszentrum AGORA<\/a> ist der Ort, an dem sich Grundlagenforschung und klinische Forschung treffen, um die Grenzen der Wissenschaft zu verschieben. Der Ort, an dem Forscher und Kliniker zusammenarbeiten, um L\u00f6sungen f\u00fcr die Herausforderungen zu finden, die Krebs mit sich bringt. Der Ort, an dem Austausch, Widerspr\u00fcche und Konfrontationen zu den Therapien von morgen f\u00fchren.<\/p>\n\n\t\t<\/div>\n\t<\/div>\n\n<\/div>\n<\/blockquote>\n\n\n\n<p>Der durch die ISREC Stiftung initiierte Krebsforschungscluster AGORA&nbsp;auf dem Gel\u00e4nde des Universit\u00e4tsspitals in Lausanne beherbergt seit 2018 rund 300 Wissenschaftler und Kliniker.<\/p>\n\n\n\n<p>Der Krebsforschungscluster AGORA vereint multidisziplin\u00e4re Teams, bestehend aus \u00c4rzten, Biologen, Immunologen, Bioinformatikern und Bioingenieuren der verschiedenen angeschlossenen Institute. Die zahlreichen nachhaltigen Interaktionen erlauben eine Beschleunigung der Entwicklung von neuen Therapien, die so den Patienten sehr rasch zugutekommen k\u00f6nnen.<\/p>\n\n\n\n<p>Der integrierte und interaktive Krebsforschungscluster AGORA f\u00f6rdert auch die Fortschritte in der Erforschung der Mechanismen und Eigenschaften der jeweiligen Pathologie, sowie das Erstellen gezielter und optimierter Therapien zugunsten der Patienten. Forscher und Mediziner suchen gemeinsam nach Antworten auf die vielf\u00e4ltigen Herausforderungen der Krankheit Krebs, sei es durch den Austausch und die direkte Konfrontation von Standpunkten oder neuen diagnostischen Methoden und therapeutischen Ans\u00e4tzen.<\/p>\n\n\n\n<p>Als Bauherrin dieses Geb\u00e4udes ist die ISREC Stiftung auch Mitglied des interdisziplin\u00e4ren Zentrums f\u00fcr angewandte Krebsforschung (<a href=\"https:\/\/sccl.ch\/\" target=\"_blank\" rel=\"noopener\" title=\"\">SCCL, Swiss cancer center L\u00e9man<\/a>). Das SCCL f\u00fchrt die Kompetenzen von Universit\u00e4ten, Fachhochschulen, Spit\u00e4lern und Kliniken sowie von \u00f6ffentlichen und privaten Institutionen zusammen.<\/p>\n\n\n\n<div style=\"height:20px\" aria-hidden=\"true\" class=\"wp-block-spacer\"><\/div>\n\n\n\n<figure class=\"wp-block-embed is-type-video is-provider-youtube wp-block-embed-youtube wp-embed-aspect-16-9 wp-has-aspect-ratio\"><div class=\"wp-block-embed__wrapper\">\n<iframe loading=\"lazy\" title=\"AGORA P\u00f4le de recherche sur le cancer\" width=\"500\" height=\"281\" src=\"https:\/\/www.youtube.com\/embed\/rHiS6oJu6hA?feature=oembed\" frameborder=\"0\" allow=\"accelerometer; autoplay; clipboard-write; encrypted-media; gyroscope; picture-in-picture; web-share\" referrerpolicy=\"strict-origin-when-cross-origin\" allowfullscreen><\/iframe>\n<\/div><\/figure>\n<\/div>\n\n\n\n<div class=\"wp-block-column is-layout-flow wp-block-column-is-layout-flow\" style=\"flex-basis:5%\"><\/div>\n\n\n\n<div class=\"wp-block-column is-layout-flow wp-block-column-is-layout-flow\" style=\"flex-basis:25%\">\n<div class=\"wp-block-group is-style-default box-grey is-layout-constrained wp-block-group-is-layout-constrained\">\n<p><strong>Mit der grossz\u00fcgigen Unterst\u00fctzung von<\/strong><\/p>\n\n\n\n<figure class=\"wp-block-image size-full\"><img loading=\"lazy\" decoding=\"async\" width=\"220\" height=\"107\" src=\"https:\/\/www.isrec.ch\/app\/uploads\/2023\/10\/csm_Logo_Loterie_edb02e4ef6.jpg\" alt=\"\" class=\"wp-image-3829\"\/><\/figure>\n\n\n\n<figure class=\"wp-block-image size-full\"><img loading=\"lazy\" decoding=\"async\" width=\"220\" height=\"57\" src=\"https:\/\/www.isrec.ch\/app\/uploads\/2023\/10\/csm_Logo_Gohner_8120baed78.jpg\" alt=\"\" class=\"wp-image-3833\"\/><\/figure>\n\n\n\n<figure class=\"wp-block-image size-full\"><img loading=\"lazy\" decoding=\"async\" width=\"220\" height=\"123\" src=\"https:\/\/www.isrec.ch\/app\/uploads\/2023\/10\/csm_Logo_Leenaards_adfa123b61.jpg\" alt=\"\" class=\"wp-image-3836\"\/><\/figure>\n<\/div>\n\n\n\n<div style=\"height:20px\" aria-hidden=\"true\" class=\"wp-block-spacer\"><\/div>\n\n\n\n<div class=\"wp-block-group is-style-default box-grey is-layout-constrained wp-block-group-is-layout-constrained\">\n<p><strong>Uns mit wenigen Klicks unterst\u00fctzen<\/strong><\/p>\n\n\n\n<figure class=\"wp-block-image size-full is-resized\"><img loading=\"lazy\" decoding=\"async\" width=\"550\" height=\"550\" src=\"https:\/\/www.isrec.ch\/app\/uploads\/2023\/07\/QR_Don_Postfinance.jpg\" alt=\"\" class=\"wp-image-1864\" srcset=\"https:\/\/www.isrec.ch\/app\/uploads\/2023\/07\/QR_Don_Postfinance.jpg 550w, https:\/\/www.isrec.ch\/app\/uploads\/2023\/07\/QR_Don_Postfinance-150x150.jpg 150w, https:\/\/www.isrec.ch\/app\/uploads\/2023\/07\/QR_Don_Postfinance-300x300.jpg 300w\" sizes=\"auto, (max-width: 550px) 100vw, 550px\" \/><\/figure>\n<\/div>\n<\/div>\n<\/div>\n\n\n\n<hr class=\"wp-block-separator has-alpha-channel-opacity\"\/>\n\n\n\n<h2 class=\"wp-block-heading\">Themen<\/h2>\n\n\n\n<h3 class=\"wp-block-heading\">das Melanom<\/h3>\n\n\n\n<p>EIN AUSSERORDENTLICH B\u00d6SARTIGER HAUTTUMOR<\/p>\n\n\n\n<p>Dieser Krebs ist unter allen Krebsarten der sichtbarste. Paradoxerweise ist er in der Schweiz aber konstant auf dem Vormarsch und kommt in der Bev\u00f6lkerung relativ h\u00e4ufig vor.<\/p>\n\n\n\n<hr class=\"wp-block-separator has-alpha-channel-opacity\"\/>\n\n\n\n<h3 class=\"wp-block-heading\">das Glioblastom<\/h3>\n\n\n\n<p>DIE AGGRESSIVSTE FORM DES GEHIRNTUMORS<\/p>\n\n\n\n<p>Das Glioblastom ist eine seltene Erkrankung, aber dennoch der h\u00e4ufigste und aggressivste Tumor des zentralen Nervensystems. 50% aller b\u00f6sartigen, prim\u00e4ren Tumoren des Gehirns sind Glioblastome. Gliome sind relativ selten (circa 2 bis 5 F\u00e4lle pro 100\u2018000 Einwohner in Europa und Nordamerika), jedoch besonders aggressiv.<\/p>\n\n\n\n<hr class=\"wp-block-separator has-alpha-channel-opacity\"\/>\n\n\n\n<h3 class=\"wp-block-heading\">Lungenkrebs<\/h3>\n\n\n\n<p>DIE H\u00c4UFIGSTE KREBSBEDINGTE TODESURSACHE BEI M\u00c4NNERN, DIE ZWEITH\u00c4UFIGSTE BEI FRAUEN<\/p>\n\n\n\n<p>Lungenkrebs ist eine der h\u00e4ufigsten und t\u00f6dlichsten Krebsformen, sowohl bei M\u00e4nnern als auch bei Frauen. Die Besonderheit dieses Tumors ist der Zusammenhang mit Umweltfaktoren wie dem aktiven aber auch dem chronischen passiven Rauchen. Die bedeutende Zunahme von Lungenkrebs in der Bev\u00f6lkerung ist besorgniserregend.<\/p>\n\n\n\n<hr class=\"wp-block-separator has-alpha-channel-opacity\"\/>\n\n\n\n<h3 class=\"wp-block-heading\">Brustkrebs<\/h3>\n\n\n\n<p>BEI FRAUEN DER H\u00c4UFIGSTE KREBS IN DER SCHWEIZ<\/p>\n\n\n\n<p>Mit mehr als einem Drittel aller Erkrankungen ist Brustkrebs bei Frauen die h\u00e4ufigste krebsbedingte Todesursache. Auch weist diese Krebsart die h\u00f6chste Pr\u00e4valenz auf. Das Risiko, an Brustkrebs zu erkranken, ist bei Frauen ab 50 Jahren am h\u00f6chsten.<\/p>\n\n\n\n<hr class=\"wp-block-separator has-alpha-channel-opacity\"\/>\n\n\n\n<h3 class=\"wp-block-heading\">Bauchspeicheldr\u00fcsenkrebs<\/h3>\n\n\n\n<p>EIN GASTROINTESTINALER KREBS, DER M\u00c4NNER UND FRAUEN GLEICH TRIFFT<\/p>\n\n\n\n<p>Bauchspeicheldr\u00fcsenkrebs, auch Pankreasadenokarzinom genannt, macht 4% aller Krebserkrankungen aus. Diese Krebsart kommt vor allem in Industriel\u00e4ndern vor und wird am h\u00e4ufigsten bei M\u00e4nnern um die 70 Jahre und bei Frauen um die 75 diagnostiziert.<\/p>\n\n\n\n<hr class=\"wp-block-separator has-alpha-channel-opacity\"\/>\n\n\n\n<h3 class=\"wp-block-heading\">Zellinvasion und Metastasen<\/h3>\n\n\n\n<p>UNTERSUCHUNG DER WANDERUNG VON KREBSZELLEN IM K\u00d6RPER<\/p>\n\n\n\n<p>Wenn Zellen eines Prim\u00e4rtumors aus einem Organ oder einem bestimmten Gewebe in Nachbargewebe oder Blutgef\u00e4sse auswandern, k\u00f6nnen sie durch das lymphatische System, durch Blutgef\u00e4sse oder sogar durch Mikroorganismen (Viren, Bakterien, Parasiten) an andere Stellen im K\u00f6rper gelangen und dort sekund\u00e4re Tumore, sogenannte Metastasen, bilden.<\/p>\n\n\n\n<hr class=\"wp-block-separator has-alpha-channel-opacity\"\/>\n\n\n\n<h3 class=\"wp-block-heading\">Angiogenese<\/h3>\n\n\n\n<p>EIN PATHOLOGISCHER PROZESS BEIM TUMORWACHSTUM UND DER BILDUNG VON METASTASEN<\/p>\n\n\n\n<p>So wie jedes gesunde Gewebe, ben\u00f6tigt auch ein Tumor Sauerstoff und ein Durchblutungssystem um zu wachsen. Hierzu stimuliert er die Bildung neuer Blutgef\u00e4sse, ausgehend von Kapillaren des benachbarten, gesunden Gewebes.<\/p>\n\n\n\n<hr class=\"wp-block-separator has-alpha-channel-opacity\"\/>\n\n\n\n<h3 class=\"wp-block-heading\">Partnerinstitutionen<\/h3>\n\n\n<div class=\"wp-bootstrap-blocks-row row\">\n\t\n\n<div class=\"col-12 col-md-2\">\n\t\t\t\n\n<figure class=\"wp-block-image size-full\"><a href=\"https:\/\/www.chuv.ch\/fr\/chuv-home\" target=\"_blank\" rel=\"noreferrer noopener\"><img loading=\"lazy\" decoding=\"async\" width=\"126\" height=\"65\" src=\"https:\/\/www.isrec.ch\/app\/uploads\/2023\/06\/csm_CHUV_f09a96309c.jpg\" alt=\"\" class=\"wp-image-1070\"\/><\/a><\/figure>\n\n\t<\/div>\n\n\n\n<div class=\"col-12 col-md-2\">\n\t\t\t\n\n<figure class=\"wp-block-image size-full\"><a href=\"https:\/\/www.epfl.ch\/fr\/\" target=\"_blank\" rel=\"noreferrer noopener\"><img loading=\"lazy\" decoding=\"async\" width=\"150\" height=\"64\" src=\"https:\/\/www.isrec.ch\/app\/uploads\/2023\/06\/csm_EPFL_Logo_Digital_RGB_PROD_53b769d666.jpg\" alt=\"\" class=\"wp-image-1073\"\/><\/a><\/figure>\n\n\t<\/div>\n\n\n\n<div class=\"col-12 col-md-2\">\n\t\t\t\n\n<figure class=\"wp-block-image size-full\"><a href=\"https:\/\/www.unil.ch\/index.html\" target=\"_blank\" rel=\"noreferrer noopener\"><img loading=\"lazy\" decoding=\"async\" width=\"156\" height=\"55\" src=\"https:\/\/www.isrec.ch\/app\/uploads\/2023\/06\/Unil.jpg\" alt=\"\" class=\"wp-image-1076\"\/><\/a><\/figure>\n\n\t<\/div>\n\n\n\n<div class=\"col-12 col-md-2\">\n\t\t\t\n\n<figure class=\"wp-block-image size-full\"><a href=\"https:\/\/www.ludwigcancerresearch.org\/\" target=\"_blank\" rel=\"noreferrer noopener\"><img loading=\"lazy\" decoding=\"async\" width=\"119\" height=\"58\" src=\"https:\/\/www.isrec.ch\/app\/uploads\/2023\/06\/csm_Ludwig_655f268063.jpg\" alt=\"\" class=\"wp-image-1079\"\/><\/a><\/figure>\n\n\t<\/div>\n\n\n\n<div class=\"col-12 col-md-2\">\n\t\t\t\n\n<figure class=\"wp-block-image size-full\"><a href=\"https:\/\/www.hug.ch\/\" target=\"_blank\" rel=\"noreferrer noopener\"><img loading=\"lazy\" decoding=\"async\" width=\"161\" height=\"50\" src=\"https:\/\/www.isrec.ch\/app\/uploads\/2023\/06\/csm_hug2_13a55f6ba5.jpg\" alt=\"\" class=\"wp-image-1082\"\/><\/a><\/figure>\n\n\t<\/div>\n\n\n\n<div class=\"col-12 col-md-2\">\n\t\t\t\n\n<figure class=\"wp-block-image size-full\"><a href=\"https:\/\/www.unige.ch\/\" target=\"_blank\" rel=\"noreferrer noopener\"><img loading=\"lazy\" decoding=\"async\" width=\"155\" height=\"56\" src=\"https:\/\/www.isrec.ch\/app\/uploads\/2023\/06\/csm_UNIGE70_f7459264e6.jpg\" alt=\"\" class=\"wp-image-1085\"\/><\/a><\/figure>\n\n\t<\/div>\n\n<\/div>\n","protected":false},"excerpt":{"rendered":"<p>Ziel Der durch die ISREC Stiftung initiierte Krebsforschungscluster AGORA&nbsp;auf dem Gel\u00e4nde des Universit\u00e4tsspitals in Lausanne beherbergt seit 2018 rund 300 Wissenschaftler und Kliniker. Der Krebsforschungscluster AGORA vereint multidisziplin\u00e4re Teams, bestehend aus \u00c4rzten, Biologen, Immunologen, Bioinformatikern und Bioingenieuren der verschiedenen angeschlossenen Institute. Die zahlreichen nachhaltigen Interaktionen erlauben eine Beschleunigung der Entwicklung von neuen Therapien, die so [&hellip;]<\/p>\n","protected":false},"author":10,"featured_media":2891,"parent":1249,"menu_order":5,"comment_status":"closed","ping_status":"closed","template":"","meta":{"_acf_changed":false,"footnotes":""},"class_list":["post-1255","page","type-page","status-publish","has-post-thumbnail","hentry"],"acf":[],"aioseo_notices":[],"_links":{"self":[{"href":"https:\/\/www.isrec.ch\/de\/wp-json\/wp\/v2\/pages\/1255","targetHints":{"allow":["GET"]}}],"collection":[{"href":"https:\/\/www.isrec.ch\/de\/wp-json\/wp\/v2\/pages"}],"about":[{"href":"https:\/\/www.isrec.ch\/de\/wp-json\/wp\/v2\/types\/page"}],"author":[{"embeddable":true,"href":"https:\/\/www.isrec.ch\/de\/wp-json\/wp\/v2\/users\/10"}],"replies":[{"embeddable":true,"href":"https:\/\/www.isrec.ch\/de\/wp-json\/wp\/v2\/comments?post=1255"}],"version-history":[{"count":16,"href":"https:\/\/www.isrec.ch\/de\/wp-json\/wp\/v2\/pages\/1255\/revisions"}],"predecessor-version":[{"id":5028,"href":"https:\/\/www.isrec.ch\/de\/wp-json\/wp\/v2\/pages\/1255\/revisions\/5028"}],"up":[{"embeddable":true,"href":"https:\/\/www.isrec.ch\/de\/wp-json\/wp\/v2\/pages\/1249"}],"wp:featuredmedia":[{"embeddable":true,"href":"https:\/\/www.isrec.ch\/de\/wp-json\/wp\/v2\/media\/2891"}],"wp:attachment":[{"href":"https:\/\/www.isrec.ch\/de\/wp-json\/wp\/v2\/media?parent=1255"}],"curies":[{"name":"wp","href":"https:\/\/api.w.org\/{rel}","templated":true}]}}