{"id":1275,"date":"2023-06-06T15:50:56","date_gmt":"2023-06-06T13:50:56","guid":{"rendered":"https:\/\/www.isrec.ch\/agora\/le-batiment\/"},"modified":"2024-02-21T15:35:50","modified_gmt":"2024-02-21T14:35:50","slug":"das-gebaeude","status":"publish","type":"page","link":"https:\/\/www.isrec.ch\/de\/agora\/das-gebaeude\/","title":{"rendered":"Das Geb\u00e4ude"},"content":{"rendered":"\n<figure class=\"wp-block-image size-full\"><img loading=\"lazy\" decoding=\"async\" width=\"2402\" height=\"1800\" src=\"https:\/\/www.isrec.ch\/app\/uploads\/2023\/12\/DJI_0210_lt-2.jpg\" alt=\"\" class=\"wp-image-4133\" srcset=\"https:\/\/www.isrec.ch\/app\/uploads\/2023\/12\/DJI_0210_lt-2.jpg 2402w, https:\/\/www.isrec.ch\/app\/uploads\/2023\/12\/DJI_0210_lt-2-300x225.jpg 300w, https:\/\/www.isrec.ch\/app\/uploads\/2023\/12\/DJI_0210_lt-2-768x576.jpg 768w, https:\/\/www.isrec.ch\/app\/uploads\/2023\/12\/DJI_0210_lt-2-1024x767.jpg 1024w, https:\/\/www.isrec.ch\/app\/uploads\/2023\/12\/DJI_0210_lt-2-1536x1151.jpg 1536w, https:\/\/www.isrec.ch\/app\/uploads\/2023\/12\/DJI_0210_lt-2-2048x1535.jpg 2048w, https:\/\/www.isrec.ch\/app\/uploads\/2023\/12\/DJI_0210_lt-2-400x300.jpg 400w\" sizes=\"auto, (max-width: 2402px) 100vw, 2402px\" \/><figcaption class=\"wp-element-caption\">\u00a9SI-REN SA<\/figcaption><\/figure>\n\n\n\n<h2 class=\"wp-block-heading\">Architektur<\/h2>\n\n\n\n<p>Das AGORA Geb\u00e4ude wurde vom Architekturb\u00fcro Behnisch entworfen (siehe&nbsp;<a href=\"https:\/\/behnisch.com\/work\/projects\/1030\" target=\"_blank\" rel=\"noreferrer noopener\">Architekturunterlagen<\/a>&nbsp;&#8211; auf Englisch). Es bietet Laborfl\u00e4chen, Technologieplattformen, B\u00fcros, Konferenzr\u00e4ume, ein grosses Auditorium und ein Restaurant.<\/p>\n\n\n\n<p>Die charakteristische Architektur des Geb\u00e4udes beg\u00fcnstigt Interaktionen zwischen Disziplinen und unter Forschenden, sowie den Austausch zwischen etablierten Wissenschaftlern und Studierenden.<\/p>\n\n\n\n<p>Sinnvoll verteilte Orte des Austausches regen durch spontane Treffen zu neuen Ideen und Zusammenarbeiten an.<\/p>\n\n\n\n<p>Die B\u00fcros sind gruppiert und die Labors offen und nicht nach Gruppen oder Institutionen aufgeteilt.<\/p>\n\n\n\n<p>Das \u00fcberdachte Atrium, das sich zum angrenzenden Geb\u00e4ude erstreckt, stellt eine direkte Verbindung zur Pathologieabteilung vom CHUV\/UNIL her.<\/p>\n\n\n\n<hr class=\"wp-block-separator has-alpha-channel-opacity\"\/>\n\n\n\n<h2 class=\"wp-block-heading\">Fl\u00e4che &amp; Aufnahmekapazit\u00e4t<\/h2>\n\n\n\n<h3 class=\"wp-block-heading\">Fl\u00e4chen<\/h3>\n\n\n\n<figure class=\"wp-block-table\"><table><tbody><tr><td>Labors:<\/td><td>5&#8217;000 m<sup>2<\/sup><\/td><\/tr><tr><td>Technologische Plattformen:<\/td><td>2&#8217;900 m<sup>2<\/sup><\/td><\/tr><tr><td>Atrium:<\/td><td>700 m<sup>2<\/sup><\/td><\/tr><tr><td>Technische Bereiche:<\/td><td>1&#8217;500 m<sup>2<\/sup><\/td><\/tr><tr><td>\u00d6ffentliche Bereiche:<\/td><td>1&#8217;400 m<sup>2<\/sup><\/td><\/tr><tr><td>Insgesamt:<\/td><td>11&#8217;500 m<sup>2<\/sup><\/td><\/tr><\/tbody><\/table><\/figure>\n\n\n\n<h3 class=\"wp-block-heading\">Aufnahmekapazit\u00e4t<\/h3>\n\n\n\n<figure class=\"wp-block-table\"><table><tbody><tr><td>Forschende und Kliniker:<\/td><td>300<\/td><\/tr><tr><td>Auditorium:<\/td><td>250 places<\/td><\/tr><tr><td>Seminarr\u00e4ume:<\/td><td>20 \u00e0 50 places<\/td><\/tr><tr><td>Restaurant:<\/td><td>80 places<\/td><\/tr><tr><td>Leenaards Bereiche:<\/td><td>50 places<\/td><\/tr><\/tbody><\/table><\/figure>\n\n\n\n<hr class=\"wp-block-separator has-alpha-channel-opacity\"\/>\n\n\n\n<h2 class=\"wp-block-heading\">Lage<\/h2>\n\n\n\n<figure class=\"wp-block-image size-full\"><img loading=\"lazy\" decoding=\"async\" width=\"2022\" height=\"1138\" src=\"https:\/\/www.isrec.ch\/app\/uploads\/2023\/12\/Map_beschriftet_DE.png\" alt=\"\" class=\"wp-image-4147\" srcset=\"https:\/\/www.isrec.ch\/app\/uploads\/2023\/12\/Map_beschriftet_DE.png 2022w, https:\/\/www.isrec.ch\/app\/uploads\/2023\/12\/Map_beschriftet_DE-300x169.png 300w, https:\/\/www.isrec.ch\/app\/uploads\/2023\/12\/Map_beschriftet_DE-768x432.png 768w, https:\/\/www.isrec.ch\/app\/uploads\/2023\/12\/Map_beschriftet_DE-1024x576.png 1024w, https:\/\/www.isrec.ch\/app\/uploads\/2023\/12\/Map_beschriftet_DE-492x277.png 492w, https:\/\/www.isrec.ch\/app\/uploads\/2023\/12\/Map_beschriftet_DE-1536x864.png 1536w, https:\/\/www.isrec.ch\/app\/uploads\/2023\/12\/Map_beschriftet_DE-500x281.png 500w\" sizes=\"auto, (max-width: 2022px) 100vw, 2022px\" \/><\/figure>\n\n\n\n<hr class=\"wp-block-separator has-alpha-channel-opacity\"\/>\n\n\n\n<h2 class=\"wp-block-heading\">Videos vom AGORA<\/h2>\n\n\n\n    <div class=\"accordions \">\n                        <div class=\"accordion-item\">\n                    <div class=\"accordion-header\">\n                        <h3>AGORA aus der Vogelperspektive<\/h3>\n                    <\/div>\n                    <div class=\"accordion-content\">\n                        <p><iframe loading=\"lazy\" title=\"YouTube video player\" src=\"https:\/\/www.youtube.com\/embed\/owsxvoZe5M8?si=sriOBhlGKRwh4bpe\" width=\"100%\" height=\"720\" frameborder=\"0\" allowfullscreen=\"allowfullscreen\"><\/iframe><\/p>\n                    <\/div>\n                <\/div>\n                            <div class=\"accordion-item\">\n                    <div class=\"accordion-header\">\n                        <h3>Entdecken Sie, wie das Geb\u00e4ude in 33 Monaten (Oktober 2015 bis Juni 2018) gebaut wurde.<\/h3>\n                    <\/div>\n                    <div class=\"accordion-content\">\n                        <div style=\"width: 1280px;\" class=\"wp-video\"><!--[if lt IE 9]><script>document.createElement('video');<\/script><![endif]-->\n<video class=\"wp-video-shortcode\" id=\"video-1275-1\" width=\"1280\" height=\"720\" preload=\"metadata\" controls=\"controls\"><source type=\"video\/mp4\" src=\"https:\/\/www.isrec.ch\/app\/uploads\/2023\/10\/chantier_agora-web.mp4?_=1\" \/><a href=\"https:\/\/www.isrec.ch\/app\/uploads\/2023\/10\/chantier_agora-web.mp4\">https:\/\/www.isrec.ch\/app\/uploads\/2023\/10\/chantier_agora-web.mp4<\/a><\/video><\/div>\n                    <\/div>\n                <\/div>\n                <\/div>\n        \n\n\n","protected":false},"excerpt":{"rendered":"<p>Architektur Das AGORA Geb\u00e4ude wurde vom Architekturb\u00fcro Behnisch entworfen (siehe&nbsp;Architekturunterlagen&nbsp;&#8211; auf Englisch). Es bietet Laborfl\u00e4chen, Technologieplattformen, B\u00fcros, Konferenzr\u00e4ume, ein grosses Auditorium und ein Restaurant. Die charakteristische Architektur des Geb\u00e4udes beg\u00fcnstigt Interaktionen zwischen Disziplinen und unter Forschenden, sowie den Austausch zwischen etablierten Wissenschaftlern und Studierenden. Sinnvoll verteilte Orte des Austausches regen durch spontane Treffen zu neuen [&hellip;]<\/p>\n","protected":false},"author":10,"featured_media":4919,"parent":1249,"menu_order":10,"comment_status":"closed","ping_status":"closed","template":"","meta":{"_acf_changed":false,"footnotes":""},"class_list":["post-1275","page","type-page","status-publish","has-post-thumbnail","hentry"],"acf":[],"aioseo_notices":[],"_links":{"self":[{"href":"https:\/\/www.isrec.ch\/de\/wp-json\/wp\/v2\/pages\/1275","targetHints":{"allow":["GET"]}}],"collection":[{"href":"https:\/\/www.isrec.ch\/de\/wp-json\/wp\/v2\/pages"}],"about":[{"href":"https:\/\/www.isrec.ch\/de\/wp-json\/wp\/v2\/types\/page"}],"author":[{"embeddable":true,"href":"https:\/\/www.isrec.ch\/de\/wp-json\/wp\/v2\/users\/10"}],"replies":[{"embeddable":true,"href":"https:\/\/www.isrec.ch\/de\/wp-json\/wp\/v2\/comments?post=1275"}],"version-history":[{"count":20,"href":"https:\/\/www.isrec.ch\/de\/wp-json\/wp\/v2\/pages\/1275\/revisions"}],"predecessor-version":[{"id":5161,"href":"https:\/\/www.isrec.ch\/de\/wp-json\/wp\/v2\/pages\/1275\/revisions\/5161"}],"up":[{"embeddable":true,"href":"https:\/\/www.isrec.ch\/de\/wp-json\/wp\/v2\/pages\/1249"}],"wp:featuredmedia":[{"embeddable":true,"href":"https:\/\/www.isrec.ch\/de\/wp-json\/wp\/v2\/media\/4919"}],"wp:attachment":[{"href":"https:\/\/www.isrec.ch\/de\/wp-json\/wp\/v2\/media?parent=1275"}],"curies":[{"name":"wp","href":"https:\/\/api.w.org\/{rel}","templated":true}]}}