{"id":1294,"date":"2023-06-06T15:58:04","date_gmt":"2023-06-06T13:58:04","guid":{"rendered":"https:\/\/www.isrec.ch\/dons\/"},"modified":"2026-02-11T13:42:15","modified_gmt":"2026-02-11T12:42:15","slug":"spenden","status":"publish","type":"page","link":"https:\/\/www.isrec.ch\/de\/spenden\/","title":{"rendered":"Spenden"},"content":{"rendered":"\n<div class=\"wp-block-columns is-layout-flex wp-container-core-columns-is-layout-9d6595d7 wp-block-columns-is-layout-flex\">\n<div class=\"wp-block-column is-layout-flow wp-block-column-is-layout-flow\" style=\"flex-basis:70%\">\n<div class=\"intro-text\">\n<p><strong>Durch Ihre Unterst\u00fctzung erm\u00f6glichen Sie es Forschenden und \u00c4rzten, schneller im Kampf gegen Krebs voranzukommen und weitreichende Fortschritte zu erzielen.<\/strong><\/p>\n<\/div>\n\n\n\n<p>Die Finanzierung und der Fortbestand der Projekte der ISREC Stiftung beruhen auf Spenden, Legaten und Nachl\u00e4ssen von Personen, die f\u00fcr unsere Anliegen &#8211; die F\u00f6rderung von Krebsforschungsprojekten und die Unterst\u00fctzung des wissenschaftlichen Nachwuchses in der Schweiz &#8211; sensibilisiert sind.<\/p>\n\n\n\n    <div class=\"accordions \">\n                        <div class=\"accordion-item\">\n                    <div class=\"accordion-header\">\n                        <h3>Werden Sie M\u00e4zen\/M\u00e4zenin der ISREC Stiftung<\/h3>\n                    <\/div>\n                    <div class=\"accordion-content\">\n                        <p>Treten Sie dem Kreis der Freunde der ISREC Stiftung bei und leisten Sie einen Beitrag zum wissenschaftlichen Fortschritt im Bereich der Onkologie.<\/p>\n<p>Als Freund oder Freundin der ISREC Stiftung teilen Sie aktiv unser Engagement und unterst\u00fctzen Spitzenforschung im Kampf gegen Krebs. S\u00e4mtliche Spenden werden im Sinne unserer Ziele gezielt zur Unterst\u00fctzung der translationalen Forschung auf dem Gebiet der Onkologie eingesetzt.<\/p>\n<p>SPENDENDER FREUND \/ SPENDENDE FREUNDIN<br \/><strong>AB CHF 500.00 \/ JAHR<\/strong><\/p>\n<p>Die spendenden Freunde und Freundinnen werden regelm\u00e4ssig \u00fcber unterst\u00fctzte Projekte und Neuigkeiten der Stiftung informiert. Sie erhalten zudem j\u00e4hrlich unseren T\u00e4tigkeitsbericht.<\/p>\n<p>M\u00c4ZEN \/ M\u00c4ZENIN<br \/><strong>AB CHF 10\u2019000.00 \/ JAHR<\/strong><\/p>\n<p>Jedes Jahr organisiert die ISREC Stiftung f\u00fcr ihre M\u00e4zene und M\u00e4zeninnen einen exklusiven Anlass, bei dem diese \u00fcber die Aktivit\u00e4ten der Stiftung und die unterst\u00fctzten Projekte informiert werden. In diesem Rahmen werden auch Laborbesuche und Treffen mit den Forschenden organisiert. Letztere stellen dabei ihre Arbeit und die neusten Ergebnisse im Bereich der Krebsforschung vor.<\/p>\n                    <\/div>\n                <\/div>\n                            <div class=\"accordion-item\">\n                    <div class=\"accordion-header\">\n                        <h3>Spenden<\/h3>\n                    <\/div>\n                    <div class=\"accordion-content\">\n                        <p>CCP 10-3224-9 IBAN CH55 0900 0000 1000 3224 9<\/p>\n<p>UBS, 1002 Lausanne IBAN CH11 0024 3243 G020 3554 0<\/p>\n<p>BCV, 1001 Lausanne IBAN CH03 0076 7000 U032 9261 3<\/p>\n<h3 class=\"wp-block-heading\">Steuerabz\u00fcge<\/h3>\n<p>Wenn Sie in einem Jahr 100 Franken oder mehr gespendet haben, k\u00f6nnen Sie die gemeinn\u00fctzigen Zuwendungen in der Steuererkl\u00e4rung abziehen. Ihre Rechnung f\u00fcr die Bundes-, Staats- und Gemeindesteuern reduziert sich dadurch.&nbsp;<\/p>\n                    <\/div>\n                <\/div>\n                            <div class=\"accordion-item\">\n                    <div class=\"accordion-header\">\n                        <h3>AGORA \u2013 Neues Licht auf den Krebs werfen<\/h3>\n                    <\/div>\n                    <div class=\"accordion-content\">\n                        <p>Jeder Lichtschimmer ist eine zus\u00e4tzliche Hoffnung.<\/p>\n<p>Unterst\u00fctzen Sie mit dieser personalisierten, originellen, auf einem Sockel freischwebenden Lampe die Krebsforschung.<\/p>\n<p>Die im Herzen des Spitalareals stehende, von der ISREC Stiftung erbaute AGORA erweckt grosse Hoffnungen und braucht so viele Lichter wie m\u00f6glich, um die Forschung zu erleuchten.<\/p>\n<p>Mit Ihrer Unterst\u00fctzung der AGORA erm\u00f6glichen Sie Forschenden und \u00c4rzten, schneller und immer besser gegen die Krankheit vorzugehen.<\/p>\n<p><a title=\"Spendenformular \u2013 AGORA Neues Licht auf den Krebs werfen\" href=\"https:\/\/www.isrec.ch\/de\/spenden\/spendenformular-agora-neues-licht-auf-den-krebs-werfen\/\" data-mce-href=\"https:\/\/www.isrec.ch\/de\/spenden\/spendenformular-agora-neues-licht-auf-den-krebs-werfen\/\">UNTERST\u00dcTZEN SIE DAS PROJEKT AGORA \u2013 NEUES LICHT AUF DEN KREBS WERFEN<\/a><\/p>\n                    <\/div>\n                <\/div>\n                            <div class=\"accordion-item\">\n                    <div class=\"accordion-header\">\n                        <h3>Patenschaft einer MD-Phd<\/h3>\n                    <\/div>\n                    <div class=\"accordion-content\">\n                        <p>Die ISREC Stiftung unterst\u00fctzt MD-PhD-Stipendien in Rahmen des von der Schweizerischen Akademie der Medizinischen Wissenschaften (SAMW) ins Leben gerufenen Programm.&nbsp;Ziel ist&nbsp;die F\u00f6rderung von&nbsp;\u00c4rztinnen&nbsp;und&nbsp;\u00c4rzten mit Interesse an&nbsp;translationaler&nbsp;und Grundlagenforschung, indem ihnen erm\u00f6glicht&nbsp;wird, parallel zu ihrer medizinischen Ausbildung eine Doktorandenausbildung in biomedizinischen Wissenschaften zu absolvieren.<\/p>\n<p><a title=\"https:\/\/www.isrec.ch\/de\/die-forschung\/der-wissenschaftliche-nachwuchs\/\" href=\"https:\/\/www.isrec.ch\/de\/die-forschung\/der-wissenschaftliche-nachwuchs\/\" target=\"_blank\" rel=\"noopener\" data-mce-href=\"https:\/\/www.isrec.ch\/de\/die-forschung\/der-wissenschaftliche-nachwuchs\/\"><span lang=\"DE-CH\">Fondation ISREC &#8211; Der wissenschaftliche Nachwuchs<\/span><\/a><\/p>\n                    <\/div>\n                <\/div>\n                            <div class=\"accordion-item\">\n                    <div class=\"accordion-header\">\n                        <h3>Legat<\/h3>\n                    <\/div>\n                    <div class=\"accordion-content\">\n                        <h3 class=\"wp-block-heading\">Ein Engagement, das weiterwirkt<\/h3>\n<p>Die Unterst\u00fctzung der Forschung in Ihrem Testament festzuhalten, ist eine einfache M\u00f6glichkeit, Ihr Engagement zu Lebzeiten eines Tages fortzusetzen. In der Schweiz erlaubt das Gesetz, einen Teil des Nachlasses einer gemeinn\u00fctzigen Organisation zu vermachen, wobei die pflichtteilsberechtigten Erben ber\u00fccksichtigt werden m\u00fcssen. Seit dem 1. Januar 2023 bietet das revidierte Erbrecht im Allgemeinen mehr Freiheit bei der Verf\u00fcgung \u00fcber den verf\u00fcgbaren Teil.<\/p>\n<p>Konkret gibt es zwei h\u00e4ufige Optionen:<\/p>\n<ul>\n<li>Sie k\u00f6nnen ein Verm\u00e4chtnis vorsehen, d. h. der Stiftung ISREC einen Geldbetrag, einen Prozentsatz oder einen bestimmten Verm\u00f6genswert zuweisen.<\/li>\n<li>Sie k\u00f6nnen die ISREC-Stiftung auch als Erbin f\u00fcr einen Teil Ihres Nachlasses bestimmen, je nachdem, was Sie weitergeben m\u00f6chten.<\/li>\n<\/ul>\n<p>Ein Testament muss nicht lang sein. Wichtig ist, dass es den gesetzlichen Anforderungen entspricht und Ihren Willen klar widerspiegelt. Wenn Sie diesen Schritt in Betracht ziehen, kann Sie ein Notar oder ein Spezialist entsprechend Ihrer famili\u00e4ren Situation beraten.<\/p>\n<p>Auf Wunsch beantworten wir gerne vertraulich Ihre Fragen und geben Ihnen n\u00fctzliche praktische Informationen zur ISREC-Stiftung.<\/p>\n<p><a href=\"https:\/\/zewo.ch\/de\/spenden-von-der-steuer-abziehen\/\" target=\"_blank\" rel=\"noreferrer noopener\">Mehr Informationen hier<\/a>\u00a0und\u00a0<a href=\"https:\/\/www.ch.ch\/de\/spende-abziehen\/\" target=\"_blank\" rel=\"noreferrer noopener\">hier<\/a>.<\/p>\n                    <\/div>\n                <\/div>\n                <\/div>\n        \n\n\n\n\n\n<hr class=\"wp-block-separator has-alpha-channel-opacity\"\/>\n\n\n\n<p>Sie m\u00f6chten mehr Informationen zu den verschiedenen Unterst\u00fctzungsm\u00f6glichkeiten erhalten? Dann kontaktieren Sie uns per Telefon (021 653 07 16) oder&nbsp;<a href=\"javascript:linkTo_UnCryptMailto(%27nbjmup%2BjogpAjtsfd%5C%2Fdi%27);\">E-Mail<\/a>. Wir stehen Ihnen gerne zur Verf\u00fcgung.<\/p>\n<\/div>\n\n\n\n<div class=\"wp-block-column is-layout-flow wp-block-column-is-layout-flow\" style=\"flex-basis:5%\"><\/div>\n\n\n\n<div class=\"wp-block-column is-layout-flow wp-block-column-is-layout-flow\" style=\"flex-basis:25%\">\n<div class=\"wp-block-group is-style-default box-grey is-layout-constrained wp-block-group-is-layout-constrained\">\n<h4 class=\"wp-block-heading\">Uns mit wenigen Klicks unterst\u00fctzen<\/h4>\n\n\n\n<figure class=\"wp-block-image size-full is-resized\"><img loading=\"lazy\" decoding=\"async\" width=\"550\" height=\"550\" src=\"https:\/\/www.isrec.ch\/app\/uploads\/2023\/07\/QR_Don_Postfinance.jpg\" alt=\"\" class=\"wp-image-1864\" srcset=\"https:\/\/www.isrec.ch\/app\/uploads\/2023\/07\/QR_Don_Postfinance.jpg 550w, https:\/\/www.isrec.ch\/app\/uploads\/2023\/07\/QR_Don_Postfinance-150x150.jpg 150w, https:\/\/www.isrec.ch\/app\/uploads\/2023\/07\/QR_Don_Postfinance-300x300.jpg 300w\" sizes=\"auto, (max-width: 550px) 100vw, 550px\" \/><\/figure>\n\n\n\n<p>Scannen Sie den QR-Code via E-Banking App<\/p>\n<\/div>\n<\/div>\n<\/div>\n","protected":false},"excerpt":{"rendered":"<p>Durch Ihre Unterst\u00fctzung erm\u00f6glichen Sie es Forschenden und \u00c4rzten, schneller im Kampf gegen Krebs voranzukommen und weitreichende Fortschritte zu erzielen. Die Finanzierung und der Fortbestand der Projekte der ISREC Stiftung beruhen auf Spenden, Legaten und Nachl\u00e4ssen von Personen, die f\u00fcr unsere Anliegen &#8211; die F\u00f6rderung von Krebsforschungsprojekten und die Unterst\u00fctzung des wissenschaftlichen Nachwuchses in der [&hellip;]<\/p>\n","protected":false},"author":10,"featured_media":989,"parent":0,"menu_order":0,"comment_status":"closed","ping_status":"closed","template":"","meta":{"_acf_changed":false,"footnotes":""},"class_list":["post-1294","page","type-page","status-publish","has-post-thumbnail","hentry"],"acf":[],"aioseo_notices":[],"_links":{"self":[{"href":"https:\/\/www.isrec.ch\/de\/wp-json\/wp\/v2\/pages\/1294","targetHints":{"allow":["GET"]}}],"collection":[{"href":"https:\/\/www.isrec.ch\/de\/wp-json\/wp\/v2\/pages"}],"about":[{"href":"https:\/\/www.isrec.ch\/de\/wp-json\/wp\/v2\/types\/page"}],"author":[{"embeddable":true,"href":"https:\/\/www.isrec.ch\/de\/wp-json\/wp\/v2\/users\/10"}],"replies":[{"embeddable":true,"href":"https:\/\/www.isrec.ch\/de\/wp-json\/wp\/v2\/comments?post=1294"}],"version-history":[{"count":13,"href":"https:\/\/www.isrec.ch\/de\/wp-json\/wp\/v2\/pages\/1294\/revisions"}],"predecessor-version":[{"id":8723,"href":"https:\/\/www.isrec.ch\/de\/wp-json\/wp\/v2\/pages\/1294\/revisions\/8723"}],"wp:featuredmedia":[{"embeddable":true,"href":"https:\/\/www.isrec.ch\/de\/wp-json\/wp\/v2\/media\/989"}],"wp:attachment":[{"href":"https:\/\/www.isrec.ch\/de\/wp-json\/wp\/v2\/media?parent=1294"}],"curies":[{"name":"wp","href":"https:\/\/api.w.org\/{rel}","templated":true}]}}