{"id":3868,"date":"2023-10-24T17:19:29","date_gmt":"2023-10-24T15:19:29","guid":{"rendered":"https:\/\/www.isrec.ch\/?page_id=3868"},"modified":"2024-01-18T15:09:15","modified_gmt":"2024-01-18T14:09:15","slug":"sitemap","status":"publish","type":"page","link":"https:\/\/www.isrec.ch\/de\/sitemap\/","title":{"rendered":"Sitemap"},"content":{"rendered":"\n\n    <ul class=\"editor-list\">\n        <li class=\"page_item page-item-1287\"><a href=\"https:\/\/www.isrec.ch\/de\/nachrichten\/\">News<\/a><\/li>\n<li class=\"page_item page-item-1294\"><a href=\"https:\/\/www.isrec.ch\/de\/spenden\/\">Spenden<\/a><\/li>\n<li class=\"page_item page-item-7182\"><a href=\"https:\/\/www.isrec.ch\/de\/conference-publique-mon-don-contre-le-cancer-a-un-impact-direct\/\">\u00d6ffentliche Konferenz 5 Februar 2025<\/a><\/li>\n<li class=\"page_item page-item-3868\"><a href=\"https:\/\/www.isrec.ch\/de\/sitemap\/\">Sitemap<\/a><\/li>\n<li class=\"page_item page-item-3877\"><a href=\"https:\/\/www.isrec.ch\/de\/merkblatt-zum-datenschutz\/\">Merkblatt zum Datenschutz<\/a><\/li>\n<li class=\"page_item page-item-7217\"><a href=\"https:\/\/www.isrec.ch\/de\/bestaetigung-der-anmeldung\/\">Best\u00e4tigung der Anmeldung<\/a><\/li>\n<li class=\"page_item page-item-605\"><a href=\"https:\/\/www.isrec.ch\/de\/\">Startseite<\/a><\/li>\n<li class=\"page_item page-item-5489 page_item_has_children\"><a href=\"https:\/\/www.isrec.ch\/de\/bewerbung\/\">Bewerbung<\/a>\n<ul class='children'>\n\t<li class=\"page_item page-item-5554\"><a href=\"https:\/\/www.isrec.ch\/de\/bewerbung\/forschungsprojekte-in-der-onkologie\/\">Forschungsprojekte in der Onkologie<\/a><\/li>\n<\/ul>\n<\/li>\n<li class=\"page_item page-item-8837\"><a href=\"https:\/\/www.isrec.ch\/de\/aufruf-tandem-2\/\">Aufruf TANDEM<\/a><\/li>\n<li class=\"page_item page-item-1189 page_item_has_children\"><a href=\"https:\/\/www.isrec.ch\/de\/die-stiftung\/\">Die Stiftung<\/a>\n<ul class='children'>\n\t<li class=\"page_item page-item-1138\"><a href=\"https:\/\/www.isrec.ch\/de\/die-stiftung\/auftrag\/\">Mission<\/a><\/li>\n\t<li class=\"page_item page-item-1163\"><a href=\"https:\/\/www.isrec.ch\/de\/die-stiftung\/organisation\/\">Organisation<\/a><\/li>\n\t<li class=\"page_item page-item-1147\"><a href=\"https:\/\/www.isrec.ch\/de\/die-stiftung\/geschichte\/\">Geschichte<\/a><\/li>\n\t<li class=\"page_item page-item-1169\"><a href=\"https:\/\/www.isrec.ch\/de\/die-stiftung\/dokumentation\/\">Dokumentation<\/a><\/li>\n\t<li class=\"page_item page-item-1180\"><a href=\"https:\/\/www.isrec.ch\/de\/die-stiftung\/links\/\">Links<\/a><\/li>\n<\/ul>\n<\/li>\n<li class=\"page_item page-item-1194\"><a href=\"https:\/\/www.isrec.ch\/de\/kontakt\/\">Kontakt<\/a><\/li>\n<li class=\"page_item page-item-3757\"><a href=\"https:\/\/www.isrec.ch\/de\/presse\/\">Presse<\/a><\/li>\n<li class=\"page_item page-item-1202 page_item_has_children\"><a href=\"https:\/\/www.isrec.ch\/de\/die-forschung\/\">Finanzierte Projekte<\/a>\n<ul class='children'>\n\t<li class=\"page_item page-item-1223\"><a href=\"https:\/\/www.isrec.ch\/de\/die-forschung\/translationale-forschung\/\">Projekte<\/a><\/li>\n\t<li class=\"page_item page-item-4072\"><a href=\"https:\/\/www.isrec.ch\/de\/die-forschung\/professorische-lehrstuehle\/\">Professorische Lehrst\u00fchle<\/a><\/li>\n\t<li class=\"page_item page-item-5102\"><a href=\"https:\/\/www.isrec.ch\/de\/die-forschung\/professorische-lehrstuehle-2\/\">Professorische Lehrst\u00fchle<\/a><\/li>\n\t<li class=\"page_item page-item-1215\"><a href=\"https:\/\/www.isrec.ch\/de\/die-forschung\/der-wissenschaftliche-nachwuchs\/\">Der wissenschaftliche Nachwuchs<\/a><\/li>\n\t<li class=\"page_item page-item-1210\"><a href=\"https:\/\/www.isrec.ch\/de\/die-forschung\/tandem\/\">TANDEM<\/a><\/li>\n\t<li class=\"page_item page-item-1237\"><a href=\"https:\/\/www.isrec.ch\/de\/die-forschung\/flash-therapie\/\">FLASH-Therapie<\/a><\/li>\n\t<li class=\"page_item page-item-1122\"><a href=\"https:\/\/www.isrec.ch\/de\/die-forschung\/archiv\/\">Archiv<\/a><\/li>\n<\/ul>\n<\/li>\n<li class=\"page_item page-item-7124\"><a href=\"https:\/\/www.isrec.ch\/de\/cookies-richtlinien\/\">Cookies-Richtlinien<\/a><\/li>\n<li class=\"page_item page-item-4060\"><a href=\"https:\/\/www.isrec.ch\/de\/une-approche-de-medecine-systemique-pour-aborder-les-problemes-lies-au-diagnostic-precoce-et-a-la-stratification-pronostique-du-mycosis-fongoide\/\">Une approche de m\u00e9decine syst\u00e9mique pour aborder les probl\u00e8mes li\u00e9s au diagnostic pr\u00e9coce et \u00e0 la stratification pronostique du mycosis fongo\u00efde<\/a><\/li>\n<li class=\"page_item page-item-1249 page_item_has_children\"><a href=\"https:\/\/www.isrec.ch\/de\/agora\/\">AGORA<\/a>\n<ul class='children'>\n\t<li class=\"page_item page-item-1255\"><a href=\"https:\/\/www.isrec.ch\/de\/agora\/ziel\/\">Forschungszentrum<\/a><\/li>\n\t<li class=\"page_item page-item-1275\"><a href=\"https:\/\/www.isrec.ch\/de\/agora\/das-gebaeude\/\">Das Geb\u00e4ude<\/a><\/li>\n<\/ul>\n<\/li>\n<li class=\"page_item page-item-8429\"><a href=\"https:\/\/www.isrec.ch\/de\/aufruf-tandem\/\">Finanzierungsantrag<\/a><\/li>\n<li class=\"page_item page-item-5557\"><a href=\"https:\/\/www.isrec.ch\/de\/stipendien-fuer-doktoranden-oder-md-phd-studenten\/\">Stipendien<\/a><\/li>\n<li class=\"page_item page-item-5559\"><a href=\"https:\/\/www.isrec.ch\/de\/symposien-und-wissenschaftliche-events\/\">Symposien und wissenschaftliche Events<\/a><\/li>\n    <\/ul>\n","protected":false},"excerpt":{"rendered":"","protected":false},"author":4,"featured_media":0,"parent":0,"menu_order":0,"comment_status":"closed","ping_status":"closed","template":"","meta":{"_acf_changed":false,"footnotes":""},"class_list":["post-3868","page","type-page","status-publish","hentry"],"acf":[],"aioseo_notices":[],"_links":{"self":[{"href":"https:\/\/www.isrec.ch\/de\/wp-json\/wp\/v2\/pages\/3868","targetHints":{"allow":["GET"]}}],"collection":[{"href":"https:\/\/www.isrec.ch\/de\/wp-json\/wp\/v2\/pages"}],"about":[{"href":"https:\/\/www.isrec.ch\/de\/wp-json\/wp\/v2\/types\/page"}],"author":[{"embeddable":true,"href":"https:\/\/www.isrec.ch\/de\/wp-json\/wp\/v2\/users\/4"}],"replies":[{"embeddable":true,"href":"https:\/\/www.isrec.ch\/de\/wp-json\/wp\/v2\/comments?post=3868"}],"version-history":[{"count":4,"href":"https:\/\/www.isrec.ch\/de\/wp-json\/wp\/v2\/pages\/3868\/revisions"}],"predecessor-version":[{"id":4384,"href":"https:\/\/www.isrec.ch\/de\/wp-json\/wp\/v2\/pages\/3868\/revisions\/4384"}],"wp:attachment":[{"href":"https:\/\/www.isrec.ch\/de\/wp-json\/wp\/v2\/media?parent=3868"}],"curies":[{"name":"wp","href":"https:\/\/api.w.org\/{rel}","templated":true}]}}