{"id":3877,"date":"2023-10-24T17:24:33","date_gmt":"2023-10-24T15:24:33","guid":{"rendered":"https:\/\/www.isrec.ch\/?page_id=3877"},"modified":"2025-09-23T15:26:28","modified_gmt":"2025-09-23T13:26:28","slug":"merkblatt-zum-datenschutz","status":"publish","type":"page","link":"https:\/\/www.isrec.ch\/de\/merkblatt-zum-datenschutz\/","title":{"rendered":"Merkblatt zum Datenschutz"},"content":{"rendered":"\n<p>Dieses Datenschutzmerkblatt (im Folgenden als das \u00abMerkblatt\u00bb bezeichnet) wurde von der ISREC Stiftung (im Folgenden als die \u00abStiftung\u00bb bezeichnet) erstellt. Das vorliegende Merkblatt beschreibt die Verarbeitung personenbezogener Daten (wie nachstehend definiert) innerhalb der Stiftung, sowie die Rechte der betroffenen Personen.<\/p>\n\n\n\n<p><strong>1. Was versteht man unter \u00abpersonenbezogenen Daten\u00bb?<\/strong><\/p>\n\n\n\n<p>Personenbezogene Daten sind alle Informationen, die sich auf eine identifizierte oder identifizierbare nat\u00fcrliche Person beziehen. Im vorliegenden Merkblatt sind \u00abpersonenbezogene Daten\u00bb in Bezug auf eine nat\u00fcrliche Person:<\/p>\n\n\n\n<ul class=\"wp-block-list\">\n<li>Statische Daten, z.B. Namen, Vornamen und Kontaktdaten (wie Postanschrift, E-Mail-Adresse und Telefonnummer);<\/li>\n\n\n\n<li>Finanzrelevante Informationen, z.B. Bankverbindungen und Spendenbetr\u00e4ge;<\/li>\n\n\n\n<li>Allgemeine Informationen, die die Stiftung im Rahmen des \u00dcberpr\u00fcfungs- und Auswahlverfahrens f\u00fcr potenzielle Beg\u00fcnstigte sammelt (insbesondere Daten aus den Lebensl\u00e4ufen von Kandidaten);<\/li>\n\n\n\n<li>Alle weiteren pers\u00f6nlichen Informationen, die der Stiftung durch Spender, durch Empf\u00e4nger von Geldern der Stiftung, sowie durch andere nat\u00fcrliche Personen, die mit der Stiftung Kontakt aufnehmen, zur Verf\u00fcgung gestellt werden;<\/li>\n\n\n\n<li>Durch Cookies \u00fcbermittelte Daten.<\/li>\n<\/ul>\n\n\n\n<p>Die Stiftung bittet niemals um die Herausgabe sensibler Daten (z.B. pers\u00f6nlicher Daten \u00fcber religi\u00f6se, philosophische, politische oder gewerkschaftliche Meinungen oder T\u00e4tigkeiten, \u00fcber die ethnische oder rassische Herkunft, die Gesundheit, die Privatsph\u00e4re, sowie genetischer Daten, biometrischer Daten, die eine nat\u00fcrliche Person eindeutig identifizieren, Daten \u00fcber administrative oder Strafverfahren, und Informationen \u00fcber Sozialhilfemassnahmen), ausser diese Herausgabe wird vom Gesetz vorgeschrieben. Muss die Stiftung zu anderen Zwecken sensible Daten verarbeiten, wird sie Sie dar\u00fcber informieren und bei Ihnen im Vorfeld Ihre ausdr\u00fcckliche Einwilligung einholen.<\/p>\n\n\n\n<p><strong>2. Wer ist f\u00fcr die Verarbeitung der personenbezogenen Daten verantwortlich?<\/strong><\/p>\n\n\n\n<p>Die Stiftung, mit Sitz an der Rue du Bugnon 25A, 1005 Lausanne, Schweiz, ist f\u00fcr die Verarbeitung der in diesem Merkblatt beschriebenen personenbezogenen Daten zust\u00e4ndig.<\/p>\n\n\n\n<ol start=\"3\" class=\"wp-block-list\">\n<li>Zu welchen Zwecken werden die personenbezogenen Daten durch die Stiftung verarbeitet?<\/li>\n<\/ol>\n\n\n\n<p>Die Stiftung verarbeitet die personenbezogenen Daten zu folgenden Zwecken:<\/p>\n\n\n\n<ul class=\"wp-block-list\">\n<li>Bereitstellung von Informationen \u00fcber die Aktivit\u00e4ten der Stiftung und die unterst\u00fctzten Projekte;<\/li>\n\n\n\n<li>Verfassung und \u00dcbermittlung der Jahresberichte der Stiftung;<\/li>\n\n\n\n<li>Mittelbeschaffung bei potentiellen Spendern;<\/li>\n\n\n\n<li>\u00dcberpr\u00fcfung der zur Bewerbung eingereichten Forschungsprojekte;<\/li>\n\n\n\n<li>Verwaltung der an die Stiftung geleisteten Spenden;<\/li>\n\n\n\n<li>Vorbereitung und Bereitstellung von Steuerunterlagen f\u00fcr die Spender der Stiftung;<\/li>\n\n\n\n<li>Einhaltung der f\u00fcr die Stiftung geltenden rechtlichen und regulatorischen Anforderungen;<\/li>\n\n\n\n<li> Optimierung der Unterst\u00fctzung f\u00fcr Forschende und Erh\u00f6hung der Anzahl finanzierter Projekte durch Zusammenf\u00fchrung von Ressourcen mit anderen Stiftungen.<\/li>\n<\/ul>\n\n\n\n<p>Bei Vorliegen einer Einwilligung der betroffenen Personen kann die Stiftung personenbezogene Daten f\u00fcr weitere Zwecke verarbeiten. Die Einwilligung kann jederzeit mittels eines E-Mails an <a href=\"mailto:info@isrec.ch\">info@isrec.ch<\/a> widerrufen werden.<\/p>\n\n\n\n<p>Die von der Stiftung gesammelten personenbezogenen Daten werden weder weiterverkauft noch vermietet.<\/p>\n\n\n\n<p><strong>4. Wer hat Zugriff auf Ihre personenbezogenen Daten?<\/strong><\/p>\n\n\n\n<p>Die von der Stiftung gesammelten personenbezogenen Daten werden folgenden Personen zur Verf\u00fcgung gestellt:<\/p>\n\n\n\n<ul class=\"wp-block-list\">\n<li>den Mitarbeitern der Stiftung: Die personenbezogenen Daten sind den Mitarbeitern der Stiftung im zur Erreichung des Zweckes, f\u00fcr den die Daten erhoben wurden, erforderlichen Umfang zug\u00e4nglich.<\/li>\n\n\n\n<li>Dritten: Es k\u00f6nnen Situationen entstehen, in denen die Stiftung personenbezogene Daten an externe Personen oder Firmen kommunizieren muss, die f\u00fcr die Stiftung Leistungen als Unterlieferant (z.B. IT-Hosting-Dienste) oder andere Leistungen im Zusammenhang mit den Aktivit\u00e4ten der Stiftung (z.B. Bankdienstleister, Betriebspr\u00fcfer oder Rechtsberater) erbringen. Diese Drittpersonen sind zur Vertraulichkeit verpflichtet und d\u00fcrfen die personenbezogenen Daten ausschliesslich in \u00dcbereinstimmung mit dem vorliegenden Merkblatt und den von der Stiftung erhaltenen Anweisungen verwenden.<\/li>\n\n\n\n<li>den zust\u00e4ndigen Beh\u00f6rden: Wenn gesetzlich vorgeschrieben, d\u00fcrfen personenbezogene Daten einer Person an Regierungs-, Justiz- oder Verwaltungsbeh\u00f6rden kommuniziert werden.<\/li>\n<\/ul>\n\n\n\n<p><strong>5. Wie werden die personenbezogenen Daten innerhalb der Stiftung verarbeitet?<\/strong><\/p>\n\n\n\n<p>Innerhalb der Stiftung werden die personenbezogenen Daten grunds\u00e4tzlich in den drei nachfolgend beschriebenen Schritten verarbeitet:<\/p>\n\n\n\n<p>Schritt 1 \u2013 Sammeln der personenbezogenen Daten<br>Die Stiftung sammelt personenbezogene Daten:<\/p>\n\n\n\n<ul class=\"wp-block-list\">\n<li>mittels Cookies, wenn eine Person die Internetseite der Stiftung besucht;<\/li>\n\n\n\n<li>wenn eine Person der Stiftung eine Spende zukommen l\u00e4sst;<\/li>\n\n\n\n<li>wenn eine Person mit der Stiftung kommuniziert, insbesondere \u00fcber die Internetseite;<\/li>\n\n\n\n<li>wenn eine Person an einem durch die Stiftung organisierten Anlass teilnimmt.<\/li>\n<\/ul>\n\n\n\n<p>In der Regel erh\u00e4lt die Stiftung die personenbezogenen Daten von der betroffenen Person selbst. Allerdings kann die Stiftung unter gewissen Umst\u00e4nden personenbezogene Daten von Dritten beziehen, insbesondere \u00fcber \u00f6ffentliche Quellen oder andere Dienstleister.<\/p>\n\n\n\n<p>Schritt 2 \u2013 Verarbeitung der personenbezogenen Daten<\/p>\n\n\n\n<p>In \u00dcbereinstimmung mit den internen Sicherheitsbestimmungen der Stiftung ergreift die Stiftung technische und organisatorische Massnahmen zur Verhinderung des Zugangs zu und der unbefugten Verarbeitung von personenbezogenen Daten, sowie gegen den Verlust und die versehentliche Vernichtung personenbezogener Daten.<\/p>\n\n\n\n<p>Um ihren gesetzlichen Verpflichtungen nachzukommen, kann es sein, dass die Stiftung personenbezogene Daten an Dritte weitergeben muss, auch an Dritte, die ausserhalb der Schweiz ans\u00e4ssig sind, z.B. (aber nicht ausschliesslich) an Subunternehmer. Insbesondere darf sich die Stiftung, gegebenenfalls, mit anderen F\u00f6rderstiftungen \u00fcber die zu evaluierenden Projekte austauschen. Gibt die Stiftung personenbezogene Daten an Dritte weiter, tut sie dies in \u00dcbereinstimmung mit den geltenden Vorschriften zum Schutz personenbezogener Daten. Die f\u00fcr den Transfer personenbezogener Daten ins Ausland geltenden Konditionen werden im untenstehenden Abschnitt 6 beschrieben.<\/p>\n\n\n\n<p>Schritt 3 \u2013 Aufbewahrung der personenbezogenen Daten<\/p>\n\n\n\n<p>Die Stiftung speichert personenbezogene Daten solange wie dies vern\u00fcnftigerweise notwendig ist, (i) um die oben erw\u00e4hnten Zwecke zu erf\u00fcllen, oder (ii) bis die betroffene Person ihre Einwilligung widerruft, vorausgesetzt es ist der Stiftung nicht erlaubt, diese personenbezogenen Daten zu anderen Zwecken (z.B. zur Aus\u00fcbung und\/oder Verteidigung von Rechten oder im Rahmen von Ermittlungen) zu speichern. Die Vernichtung personenbezogener Daten erfolgt gem\u00e4ss stiftungsinternen Bestimmungen zu Datensicherungsverfahren.<\/p>\n\n\n\n<p><strong>6. Werden personenbezogene Daten ins Ausland \u00fcbermittelt?<\/strong><\/p>\n\n\n\n<p>Die Stiftung kann, unter gewissen Bedingungen, personenbezogene Daten ausserhalb der Schweiz \u00fcbermitteln.<\/p>\n\n\n\n<p>Im Falle einer internationalen \u00dcbermittlung k\u00f6nnen personenbezogene Daten in ein Land \u00fcbertragen werden, in dem die Gesetzgebung ein angemessenes Datenschutzniveau gew\u00e4hrleistet.<\/p>\n\n\n\n<p>Im Falle einer \u00dcbermittlung in ein Land, in dem das Datenschutzniveau durch die zust\u00e4ndige Beh\u00f6rde nicht als angemessen anerkannt wird, st\u00fctzt sich die Stiftung auf eine f\u00fcr den jeweiligen Fall anwendbare Ausnahmeregelung (z.B. ausdr\u00fcckliche Einwilligung durch die betroffene Person), oder die Stiftung ergreift sachgerechte Massnahmen zum Schutz der personenbezogenen Daten (z.B. Standardvertragsklauseln). Betroffene Personen k\u00f6nnen Einzelheiten \u00fcber die geltenden Schutzmassnahmen bei der im Abschnitt 9 angegebenen Adresse der Stiftung anfordern.<\/p>\n\n\n\n<p><strong>7. Welches sind die Rechte der betroffenen Person in Bezug auf ihre personenbezogenen Daten?<\/strong><\/p>\n\n\n\n<p>Vorbehaltlich der geltenden Vorschriften hat die betroffene Person folgende Rechte:<\/p>\n\n\n\n<ul class=\"wp-block-list\">\n<li>Auskunftsrecht: Die betroffene Person darf Dateneinsicht und das Aush\u00e4ndigen einer Kopie ihrer personenbezogenen Daten verlangen;<\/li>\n\n\n\n<li>Recht auf Berichtigung: Die betroffene Person darf die Berichtigung ihrer personenbezogenen Daten verlangen, wenn diese ungenau oder unvollst\u00e4ndig sind;<\/li>\n\n\n\n<li>Recht auf Vergessenwerden: Die betroffene Person darf das L\u00f6schen ihrer personenbezogenen Daten verlangen, z.B. wenn diese f\u00fcr die Zwecke, f\u00fcr die sie behoben oder verarbeitet wurden, nicht mehr erforderlich sind;<\/li>\n\n\n\n<li>Recht auf Widerruf der Einwilligung: Die betroffene Person darf jederzeit die von ihr erteilte Einwilligung zur Verarbeitung ihrer personenbezogenen Daten widerrufen (vorbehaltlich Abschnitt 5, Schritt 3, siehe oben);<\/li>\n\n\n\n<li>Widerspruchsrecht: Die betroffene Person darf aus legitimen Gr\u00fcnden der Verarbeitung ihrer personenbezogenen Daten widersprechen;<\/li>\n\n\n\n<li>Recht auf Einschr\u00e4nkung der Verarbeitung: Die betroffene Person darf eine Einschr\u00e4nkung der Verarbeitung ihrer personenbezogenen Daten verlangen;<\/li>\n\n\n\n<li>Recht auf Information: Die betroffene Person darf Informationen \u00fcber die Garantien verlangen, die von der Stiftung im Falle einer \u00dcbermittlung personenbezogener Daten an Rechtsordnungen, die kein angemessenes Schutzniveau f\u00fcr diese Daten gew\u00e4hrleisten, veranlasst wurden (falls anwendbar);<\/li>\n\n\n\n<li>Recht auf Daten\u00fcbertragbarkeit: Die betroffene Person darf, soweit gesetzlich zul\u00e4ssig, die R\u00fcckgabe personenbezogener Daten in elektronischem Format oder, falls technisch m\u00f6glich, deren \u00dcbertrag an einen anderen Verarbeitungsverantwortlichen verlangen; und<\/li>\n\n\n\n<li>Beschwerderecht: Die betroffene Person darf bei der zust\u00e4ndigen Aufsichtsbeh\u00f6rde f\u00fcr den Schutz personenbezogener Daten, z.B. beim Eidgen\u00f6ssischen Datenschutz- und \u00d6ffentlichkeitsbeauftragten (ED\u00d6P), eine Beschwerde einreichen.<\/li>\n<\/ul>\n\n\n\n<p>Die betroffene Person darf sich auch jederzeit und ohne Angabe von Gr\u00fcnden der Verarbeitung ihrer personenbezogenen Daten durch die Stiftung zu Marketing-Zwecken widersetzen.<\/p>\n\n\n\n<p><strong>8. K\u00f6nnen in diesem Merkblatt \u00c4nderungen vorgenommen werden?<\/strong><\/p>\n\n\n\n<p>Die Stiftung kann veranlasst sein, im vorliegenden Merkblatt \u00c4nderungen vorzunehmen. Jede \u00c4nderung oder das Erscheinen einer neuen Version des Merkblatts wird auf der Internetseite der Stiftung publiziert. Wir bitten Sie deshalb, diese Seite regelm\u00e4ssig zu konsultieren, um von m\u00f6glichen \u00c4nderungen oder Aktualisierungen Kenntnis zu nehmen. In untenstehender Fussnote wird das Datum der neusten Version dieses Merkblatts angezeigt.<\/p>\n\n\n\n<p><strong>9. An wen kann ich mich mit Fragen zu diesem Merkblatt oder generell zur Verarbeitung personenbezogener Daten durch die Stiftung wenden?<\/strong><\/p>\n\n\n\n<p>F\u00fcr Fragen zu diesem Merkblatt sowie zur Verarbeitung personenbezogener Daten durch die Stiftung schreiben sie bitte ein E-Mail an <a href=\"mailto:info@isrec.ch\">info@isrec.ch<\/a>.<\/p>\n\n\n\n<div style=\"height:50px\" aria-hidden=\"true\" class=\"wp-block-spacer\"><\/div>\n\n\n\n<p>Stand : September 2025<\/p>\n","protected":false},"excerpt":{"rendered":"<p>Dieses Datenschutzmerkblatt (im Folgenden als das \u00abMerkblatt\u00bb bezeichnet) wurde von der ISREC Stiftung (im Folgenden als die \u00abStiftung\u00bb bezeichnet) erstellt. Das vorliegende Merkblatt beschreibt die Verarbeitung personenbezogener Daten (wie nachstehend definiert) innerhalb der Stiftung, sowie die Rechte der betroffenen Personen. 1. Was versteht man unter \u00abpersonenbezogenen Daten\u00bb? Personenbezogene Daten sind alle Informationen, die sich auf [&hellip;]<\/p>\n","protected":false},"author":4,"featured_media":0,"parent":0,"menu_order":0,"comment_status":"closed","ping_status":"closed","template":"","meta":{"_acf_changed":false,"footnotes":""},"class_list":["post-3877","page","type-page","status-publish","hentry"],"acf":[],"aioseo_notices":[],"_links":{"self":[{"href":"https:\/\/www.isrec.ch\/de\/wp-json\/wp\/v2\/pages\/3877","targetHints":{"allow":["GET"]}}],"collection":[{"href":"https:\/\/www.isrec.ch\/de\/wp-json\/wp\/v2\/pages"}],"about":[{"href":"https:\/\/www.isrec.ch\/de\/wp-json\/wp\/v2\/types\/page"}],"author":[{"embeddable":true,"href":"https:\/\/www.isrec.ch\/de\/wp-json\/wp\/v2\/users\/4"}],"replies":[{"embeddable":true,"href":"https:\/\/www.isrec.ch\/de\/wp-json\/wp\/v2\/comments?post=3877"}],"version-history":[{"count":7,"href":"https:\/\/www.isrec.ch\/de\/wp-json\/wp\/v2\/pages\/3877\/revisions"}],"predecessor-version":[{"id":8481,"href":"https:\/\/www.isrec.ch\/de\/wp-json\/wp\/v2\/pages\/3877\/revisions\/8481"}],"wp:attachment":[{"href":"https:\/\/www.isrec.ch\/de\/wp-json\/wp\/v2\/media?parent=3877"}],"curies":[{"name":"wp","href":"https:\/\/api.w.org\/{rel}","templated":true}]}}