{"id":5102,"date":"2024-02-21T13:44:44","date_gmt":"2024-02-21T12:44:44","guid":{"rendered":"https:\/\/www.isrec.ch\/?page_id=5102"},"modified":"2024-02-21T13:45:33","modified_gmt":"2024-02-21T12:45:33","slug":"professorische-lehrstuehle-2","status":"publish","type":"page","link":"https:\/\/www.isrec.ch\/de\/die-forschung\/professorische-lehrstuehle-2\/","title":{"rendered":"Professorische Lehrst\u00fchle"},"content":{"rendered":"<p><strong>Von der ISREC Stiftung geschaffene Lehrst\u00fchle erm\u00f6glichen es jungen Professoren und Professorinnen, die einer schweizerischen akademischen Institution angeh\u00f6ren, ihre Forschungskarriere in Gang zu bringen.<\/strong><\/p>\n\n\n<p>Die Mittel f\u00fcr diese Lehrst\u00fchle stammen aus dem Verm\u00f6gen der Stiftung. Die ISREC Stiftung \u00fcbernimmt die wissenschaftliche und administrative Aufsicht der Finanzierung und gew\u00e4hrleistet so, dass die bereitgestellten Mittel bestimmungsgem\u00e4ss genutzt werden.&nbsp;<\/p>\n\n\n\n    <div class=\"accordions \">\n                        <div class=\"accordion-item\">\n                    <div class=\"accordion-header\">\n                        <h3>Paternot-Lehrstuhl f\u00fcr interdisziplin\u00e4re Krebsforschung &#8211; Prof. Nicolas Thom\u00e4 (EPFL)<\/h3>\n                    <\/div>\n                    <div class=\"accordion-content\">\n                                            <\/div>\n                <\/div>\n                            <div class=\"accordion-item\">\n                    <div class=\"accordion-header\">\n                        <h3>Lehrstuhl f\u00fcr Immunonkologie &#8211; Prof. Mika\u00ebl Pittet (UNIGE\/AGORA)<\/h3>\n                    <\/div>\n                    <div class=\"accordion-content\">\n                        <p>Prof. Mika\u00ebl Pittet &#8211; Inhaber des ISREC-Stiftungslehrstuhls f\u00fcr Immunonkologie<\/p>\n<div style=\"width: 1280px;\" class=\"wp-video\"><!--[if lt IE 9]><script>document.createElement('video');<\/script><![endif]-->\n<video class=\"wp-video-shortcode\" id=\"video-5102-1\" width=\"1280\" height=\"720\" poster=\"https:\/\/www.isrec.ch\/app\/uploads\/2024\/01\/Thumbs-4-5-Pittet-e1706196953655.jpg\" preload=\"metadata\" controls=\"controls\"><source type=\"video\/mp4\" src=\"https:\/\/www.isrec.ch\/app\/uploads\/2024\/01\/isrec_tandem_2023___mikael_pittet-720p.mp4?_=1\" \/><a href=\"https:\/\/www.isrec.ch\/app\/uploads\/2024\/01\/isrec_tandem_2023___mikael_pittet-720p.mp4\">https:\/\/www.isrec.ch\/app\/uploads\/2024\/01\/isrec_tandem_2023___mikael_pittet-720p.mp4<\/a><\/video><\/div>\n                    <\/div>\n                <\/div>\n                            <div class=\"accordion-item\">\n                    <div class=\"accordion-header\">\n                        <h3>Lehrstuhl f\u00fcr Immunologie von Hirntumoren &#8211; Prof. Denis Migliorini (UNIGE\/AGORA)<\/h3>\n                    <\/div>\n                    <div class=\"accordion-content\">\n                                            <\/div>\n                <\/div>\n                <\/div>\n        \n\n\n","protected":false},"excerpt":{"rendered":"<p>Von der ISREC Stiftung geschaffene Lehrst\u00fchle erm\u00f6glichen es jungen Professoren und Professorinnen, die einer schweizerischen akademischen Institution angeh\u00f6ren, ihre Forschungskarriere in Gang zu bringen. Die Mittel f\u00fcr diese Lehrst\u00fchle stammen aus dem Verm\u00f6gen der Stiftung. Die ISREC Stiftung \u00fcbernimmt die wissenschaftliche und administrative Aufsicht der Finanzierung und gew\u00e4hrleistet so, dass die bereitgestellten Mittel bestimmungsgem\u00e4ss genutzt [&hellip;]<\/p>\n","protected":false},"author":11,"featured_media":2634,"parent":1202,"menu_order":10,"comment_status":"closed","ping_status":"closed","template":"","meta":{"_acf_changed":false,"footnotes":""},"class_list":["post-5102","page","type-page","status-publish","has-post-thumbnail","hentry"],"acf":[],"aioseo_notices":[],"_links":{"self":[{"href":"https:\/\/www.isrec.ch\/de\/wp-json\/wp\/v2\/pages\/5102","targetHints":{"allow":["GET"]}}],"collection":[{"href":"https:\/\/www.isrec.ch\/de\/wp-json\/wp\/v2\/pages"}],"about":[{"href":"https:\/\/www.isrec.ch\/de\/wp-json\/wp\/v2\/types\/page"}],"author":[{"embeddable":true,"href":"https:\/\/www.isrec.ch\/de\/wp-json\/wp\/v2\/users\/11"}],"replies":[{"embeddable":true,"href":"https:\/\/www.isrec.ch\/de\/wp-json\/wp\/v2\/comments?post=5102"}],"version-history":[{"count":1,"href":"https:\/\/www.isrec.ch\/de\/wp-json\/wp\/v2\/pages\/5102\/revisions"}],"predecessor-version":[{"id":5105,"href":"https:\/\/www.isrec.ch\/de\/wp-json\/wp\/v2\/pages\/5102\/revisions\/5105"}],"up":[{"embeddable":true,"href":"https:\/\/www.isrec.ch\/de\/wp-json\/wp\/v2\/pages\/1202"}],"wp:featuredmedia":[{"embeddable":true,"href":"https:\/\/www.isrec.ch\/de\/wp-json\/wp\/v2\/media\/2634"}],"wp:attachment":[{"href":"https:\/\/www.isrec.ch\/de\/wp-json\/wp\/v2\/media?parent=5102"}],"curies":[{"name":"wp","href":"https:\/\/api.w.org\/{rel}","templated":true}]}}