{"id":5554,"date":"2024-03-04T10:52:24","date_gmt":"2024-03-04T09:52:24","guid":{"rendered":"https:\/\/www.isrec.ch\/?page_id=5554"},"modified":"2024-03-27T15:54:02","modified_gmt":"2024-03-27T14:54:02","slug":"forschungsprojekte-in-der-onkologie","status":"publish","type":"page","link":"https:\/\/www.isrec.ch\/de\/bewerbung\/forschungsprojekte-in-der-onkologie\/","title":{"rendered":"Forschungsprojekte in der Onkologie"},"content":{"rendered":"<div class=\"wp-bootstrap-blocks-row row\">\n\t\n\n<div class=\"col-12 col-md-8\">\n\t\t\t\n\n<p>Unsere Auswahlkriterien sind streng. Wir bevorzugen Projekte, die die Grenzen des Wissens erweitern, greifbare L\u00f6sungen f\u00fcr klinische Herausforderungen bieten und das Potenzial haben, den Kampf gegen Krebs zu ver\u00e4ndern.<\/p>\n\n\n\n<p>Alle Finanzierungsantr\u00e4ge m\u00fcssen an\u00a0<a href=\"mailto:info@isrec.ch\">info@isrec.ch<\/a>\u00a0gerichtet werden.<\/p>\n\n\n\n<p>Wenn Ihr Antrag f\u00fcr zul\u00e4ssig befunden wird, wird Ihnen ein Formular f\u00fcr den Finanzierungsantrag zugesandt, damit wir die Relevanz Ihres Antrags beurteilen k\u00f6nnen.<\/p>\n\n\t<\/div>\n\n\n\n<div class=\"col-12 col-md-4\">\n\t\t\t\n\n<figure class=\"wp-block-image size-full\"><img loading=\"lazy\" decoding=\"async\" width=\"1709\" height=\"2560\" src=\"https:\/\/www.isrec.ch\/app\/uploads\/2024\/03\/ISREC_AmbiancesDetails_PhPache2017_9260-scaled.jpg\" alt=\"\" class=\"wp-image-6044\" srcset=\"https:\/\/www.isrec.ch\/app\/uploads\/2024\/03\/ISREC_AmbiancesDetails_PhPache2017_9260-scaled.jpg 1709w, https:\/\/www.isrec.ch\/app\/uploads\/2024\/03\/ISREC_AmbiancesDetails_PhPache2017_9260-200x300.jpg 200w, https:\/\/www.isrec.ch\/app\/uploads\/2024\/03\/ISREC_AmbiancesDetails_PhPache2017_9260-684x1024.jpg 684w, https:\/\/www.isrec.ch\/app\/uploads\/2024\/03\/ISREC_AmbiancesDetails_PhPache2017_9260-768x1150.jpg 768w, https:\/\/www.isrec.ch\/app\/uploads\/2024\/03\/ISREC_AmbiancesDetails_PhPache2017_9260-1025x1536.jpg 1025w, https:\/\/www.isrec.ch\/app\/uploads\/2024\/03\/ISREC_AmbiancesDetails_PhPache2017_9260-1367x2048.jpg 1367w\" sizes=\"auto, (max-width: 1709px) 100vw, 1709px\" \/><\/figure>\n\n\t<\/div>\n\n<\/div>\n","protected":false},"excerpt":{"rendered":"","protected":false},"author":11,"featured_media":0,"parent":5489,"menu_order":5,"comment_status":"closed","ping_status":"closed","template":"","meta":{"_acf_changed":false,"footnotes":""},"class_list":["post-5554","page","type-page","status-publish","hentry"],"acf":[],"aioseo_notices":[],"_links":{"self":[{"href":"https:\/\/www.isrec.ch\/de\/wp-json\/wp\/v2\/pages\/5554","targetHints":{"allow":["GET"]}}],"collection":[{"href":"https:\/\/www.isrec.ch\/de\/wp-json\/wp\/v2\/pages"}],"about":[{"href":"https:\/\/www.isrec.ch\/de\/wp-json\/wp\/v2\/types\/page"}],"author":[{"embeddable":true,"href":"https:\/\/www.isrec.ch\/de\/wp-json\/wp\/v2\/users\/11"}],"replies":[{"embeddable":true,"href":"https:\/\/www.isrec.ch\/de\/wp-json\/wp\/v2\/comments?post=5554"}],"version-history":[{"count":2,"href":"https:\/\/www.isrec.ch\/de\/wp-json\/wp\/v2\/pages\/5554\/revisions"}],"predecessor-version":[{"id":6067,"href":"https:\/\/www.isrec.ch\/de\/wp-json\/wp\/v2\/pages\/5554\/revisions\/6067"}],"up":[{"embeddable":true,"href":"https:\/\/www.isrec.ch\/de\/wp-json\/wp\/v2\/pages\/5489"}],"wp:attachment":[{"href":"https:\/\/www.isrec.ch\/de\/wp-json\/wp\/v2\/media?parent=5554"}],"curies":[{"name":"wp","href":"https:\/\/api.w.org\/{rel}","templated":true}]}}