{"id":5557,"date":"2024-02-27T16:49:49","date_gmt":"2024-02-27T15:49:49","guid":{"rendered":"https:\/\/www.isrec.ch\/?page_id=5557"},"modified":"2025-03-18T12:55:22","modified_gmt":"2025-03-18T11:55:22","slug":"stipendien-fuer-doktoranden-oder-md-phd-studenten","status":"publish","type":"page","link":"https:\/\/www.isrec.ch\/de\/stipendien-fuer-doktoranden-oder-md-phd-studenten\/","title":{"rendered":"Stipendien"},"content":{"rendered":"<div class=\"wp-bootstrap-blocks-row row\">\n\t\n\n<div class=\"col-12 col-md-6\">\n\t\t\t\n\n<p>Im Rahmen des nationalen MD-PhD-Stipendienprogramms unterst\u00fctzt die ISREC Stiftung MD-PhD-Stipendien. Ziel ist&nbsp;die F\u00f6rderungvon&nbsp;\u00c4rztinnen&nbsp;und&nbsp;\u00c4rzten mit Interesse an&nbsp;translationaler&nbsp;und Grundlagenforschung, indem ihnen erm\u00f6glicht&nbsp;wird, parallel zu ihrer medizinischen Ausbildung eine Doktorandenausbildung in biomedizinischen Wissenschaften zu absolvieren.<\/p>\n\n\n\n<p>Gesuche\u00a0sind direkt \u00fcber die\u00a0Webseite der Schweizerischen Akademie der Medizinischen Wissenschaften einzureichen. Dort sindauch\u00a0s\u00e4mtliche\u00a0Informationen \u00fcber das Programm und die F\u00f6rderungsbedingungen detailliert aufgef\u00fchrt: <a href=\"https:\/\/www.samw.ch\/de\/Foerderung\/MD-PhD-Programm.html\" target=\"_blank\" rel=\"noopener\" title=\"MD-PhD-Programm\">MD-PhD-Programm<\/a><\/p>\n\n\t<\/div>\n\n\n\n<div class=\"col-12 col-md-6\">\n\t\t\t\n\n<figure class=\"wp-block-image size-full\"><img loading=\"lazy\" decoding=\"async\" width=\"2560\" height=\"1709\" src=\"https:\/\/www.isrec.ch\/app\/uploads\/2024\/03\/ISREC_AmbiancesDetails_PhPache2017_2713-scaled.jpg\" alt=\"\" class=\"wp-image-6041\" srcset=\"https:\/\/www.isrec.ch\/app\/uploads\/2024\/03\/ISREC_AmbiancesDetails_PhPache2017_2713-scaled.jpg 2560w, https:\/\/www.isrec.ch\/app\/uploads\/2024\/03\/ISREC_AmbiancesDetails_PhPache2017_2713-300x200.jpg 300w, https:\/\/www.isrec.ch\/app\/uploads\/2024\/03\/ISREC_AmbiancesDetails_PhPache2017_2713-1024x684.jpg 1024w, https:\/\/www.isrec.ch\/app\/uploads\/2024\/03\/ISREC_AmbiancesDetails_PhPache2017_2713-768x513.jpg 768w, https:\/\/www.isrec.ch\/app\/uploads\/2024\/03\/ISREC_AmbiancesDetails_PhPache2017_2713-1536x1025.jpg 1536w, https:\/\/www.isrec.ch\/app\/uploads\/2024\/03\/ISREC_AmbiancesDetails_PhPache2017_2713-2048x1367.jpg 2048w, https:\/\/www.isrec.ch\/app\/uploads\/2024\/03\/ISREC_AmbiancesDetails_PhPache2017_2713-449x300.jpg 449w\" sizes=\"auto, (max-width: 2560px) 100vw, 2560px\" \/><\/figure>\n\n\t<\/div>\n\n<\/div>\n","protected":false},"excerpt":{"rendered":"","protected":false},"author":11,"featured_media":0,"parent":0,"menu_order":10,"comment_status":"closed","ping_status":"closed","template":"","meta":{"_acf_changed":false,"footnotes":""},"class_list":["post-5557","page","type-page","status-publish","hentry"],"acf":[],"aioseo_notices":[],"_links":{"self":[{"href":"https:\/\/www.isrec.ch\/de\/wp-json\/wp\/v2\/pages\/5557","targetHints":{"allow":["GET"]}}],"collection":[{"href":"https:\/\/www.isrec.ch\/de\/wp-json\/wp\/v2\/pages"}],"about":[{"href":"https:\/\/www.isrec.ch\/de\/wp-json\/wp\/v2\/types\/page"}],"author":[{"embeddable":true,"href":"https:\/\/www.isrec.ch\/de\/wp-json\/wp\/v2\/users\/11"}],"replies":[{"embeddable":true,"href":"https:\/\/www.isrec.ch\/de\/wp-json\/wp\/v2\/comments?post=5557"}],"version-history":[{"count":8,"href":"https:\/\/www.isrec.ch\/de\/wp-json\/wp\/v2\/pages\/5557\/revisions"}],"predecessor-version":[{"id":7730,"href":"https:\/\/www.isrec.ch\/de\/wp-json\/wp\/v2\/pages\/5557\/revisions\/7730"}],"wp:attachment":[{"href":"https:\/\/www.isrec.ch\/de\/wp-json\/wp\/v2\/media?parent=5557"}],"curies":[{"name":"wp","href":"https:\/\/api.w.org\/{rel}","templated":true}]}}