{"id":5559,"date":"2024-02-27T16:51:37","date_gmt":"2024-02-27T15:51:37","guid":{"rendered":"https:\/\/www.isrec.ch\/?page_id=5559"},"modified":"2024-03-22T14:12:28","modified_gmt":"2024-03-22T13:12:28","slug":"symposien-und-wissenschaftliche-events","status":"publish","type":"page","link":"https:\/\/www.isrec.ch\/de\/symposien-und-wissenschaftliche-events\/","title":{"rendered":"Symposien und wissenschaftliche Events"},"content":{"rendered":"<div class=\"wp-bootstrap-blocks-row row\">\n\t\n\n<div class=\"col-12 col-md-8\">\n\t\t\t\n\n<p>Die Mittel sind f\u00fcr Symposien und wissenschaftliche Events im Bereich der Onkologie reserviert, insbesondere f\u00fcr Veranstaltungen vorgesehen, die den Wissensaustausch und die Zusammenarbeit innerhalb der onkologischen Wissenschaftsgemeinschaft f\u00f6rdern.<\/p>\n\n\n\n<p>Unsere Auswahlkriterien sind streng. Wir bevorzugen Projekte, die die Grenzen des Wissens erweitern, greifbare L\u00f6sungen f\u00fcr klinische Herausforderungen bieten und das Potenzial haben, den Kampf gegen Krebs zu ver\u00e4ndern.<\/p>\n\n\n\n<p>Alle Finanzierungsantr\u00e4ge m\u00fcssen an\u00a0<a href=\"mailto:info@isrec.ch\">info@isrec.ch<\/a>\u00a0gerichtet werden.<\/p>\n\n\n\n<p>Wenn Ihr Antrag f\u00fcr zul\u00e4ssig befunden wird, wird Ihnen ein Formular f\u00fcr den Finanzierungsantrag zugesandt, damit wir die Relevanz Ihres Antrags beurteilen k\u00f6nnen.<\/p>\n\n\t<\/div>\n\n\n\n<div class=\"col-12 col-md-4\">\n\t\t\t\n\n<figure class=\"wp-block-image size-full\"><img loading=\"lazy\" decoding=\"async\" width=\"1200\" height=\"900\" src=\"https:\/\/www.isrec.ch\/app\/uploads\/2024\/02\/Agora024.jpg\" alt=\"\" class=\"wp-image-4794\" srcset=\"https:\/\/www.isrec.ch\/app\/uploads\/2024\/02\/Agora024.jpg 1200w, https:\/\/www.isrec.ch\/app\/uploads\/2024\/02\/Agora024-300x225.jpg 300w, https:\/\/www.isrec.ch\/app\/uploads\/2024\/02\/Agora024-768x576.jpg 768w, https:\/\/www.isrec.ch\/app\/uploads\/2024\/02\/Agora024-1024x768.jpg 1024w, https:\/\/www.isrec.ch\/app\/uploads\/2024\/02\/Agora024-400x300.jpg 400w\" sizes=\"auto, (max-width: 1200px) 100vw, 1200px\" \/><\/figure>\n\n\t<\/div>\n\n<\/div>\n","protected":false},"excerpt":{"rendered":"","protected":false},"author":11,"featured_media":0,"parent":0,"menu_order":15,"comment_status":"closed","ping_status":"closed","template":"","meta":{"_acf_changed":false,"footnotes":""},"class_list":["post-5559","page","type-page","status-publish","hentry"],"acf":[],"aioseo_notices":[],"_links":{"self":[{"href":"https:\/\/www.isrec.ch\/de\/wp-json\/wp\/v2\/pages\/5559","targetHints":{"allow":["GET"]}}],"collection":[{"href":"https:\/\/www.isrec.ch\/de\/wp-json\/wp\/v2\/pages"}],"about":[{"href":"https:\/\/www.isrec.ch\/de\/wp-json\/wp\/v2\/types\/page"}],"author":[{"embeddable":true,"href":"https:\/\/www.isrec.ch\/de\/wp-json\/wp\/v2\/users\/11"}],"replies":[{"embeddable":true,"href":"https:\/\/www.isrec.ch\/de\/wp-json\/wp\/v2\/comments?post=5559"}],"version-history":[{"count":2,"href":"https:\/\/www.isrec.ch\/de\/wp-json\/wp\/v2\/pages\/5559\/revisions"}],"predecessor-version":[{"id":6025,"href":"https:\/\/www.isrec.ch\/de\/wp-json\/wp\/v2\/pages\/5559\/revisions\/6025"}],"wp:attachment":[{"href":"https:\/\/www.isrec.ch\/de\/wp-json\/wp\/v2\/media?parent=5559"}],"curies":[{"name":"wp","href":"https:\/\/api.w.org\/{rel}","templated":true}]}}