{"id":605,"date":"2021-10-01T09:55:20","date_gmt":"2021-10-01T07:55:20","guid":{"rendered":"https:\/\/www.isrec.ch\/accueil\/"},"modified":"2025-01-07T09:40:08","modified_gmt":"2025-01-07T08:40:08","slug":"startseite","status":"publish","type":"page","link":"https:\/\/www.isrec.ch\/de\/","title":{"rendered":"Startseite"},"content":{"rendered":"\n        <\/div>\n                                <div class=\"slider-section\">\n                <div class=\"slider  \">\n                                            <div class=\"slide\" style=\"background-image: url(https:\/\/www.isrec.ch\/app\/uploads\/2023\/06\/AGORA-banniere.jpg);\">\n                            \n                                <div class=\"slick-caption container\">\n                                    <div class=\"slick-caption-inner\">\n                                        <h2>Unterst\u00fctzen Sie unsere Aktion<\/h2>\n<p>Es bedeutet, Forschern und \u00c4rzten die Mittel an die Hand zu geben, um im Kampf gegen den Krebs schneller und weiter voranzukommen.<\/p>\n                                                                                    <a href=\"https:\/\/www.isrec.ch\/de\/spenden\/\" class=\"caption-link\">Mehr sehen<\/a>\n                                                                            <\/div>\n                                <\/div>\n                        <\/div>\n                                    <\/div>\n                <a href=\"\" class=\"scroll-bottom\">Die Fortsetzung ansehen<\/a>\n            <\/div>\n                <div class=\"container\">\n\n\n\n\n\n    <\/div>\n    <div class=\"posts-slider-section\">\n        <div class=\"container container-right\">\n            <div class=\"row\">\n                <div class=\"col-xl-3\">\n                    <h2>Nachrichten<\/h2>\n                    <a href=\"https:\/\/www.isrec.ch\/de\/nachrichten\/\" target=\"https:\/\/www.isrec.ch\/de\/nachrichten\/\" title=\"Nachrichten\" class=\"slider-link\">Alle Nachrichten<\/a>\n                <\/div>\n                <div class=\"col-xl-9\">\n                    <div class=\"posts-slider \">\n                        \n<a href=\"https:\/\/www.isrec.ch\/de\/invitation-projection-espoir-vie-et-cancer\/\" cursor-class=\"arrow\" data-aos-offset=\"100\" data-aos=\"fade-up\" data-aos-duration=\"500\" data-aos-delay=\"150\">\n    <div class=\"card\">\n                    <div class=\"img-wrap\">\n                <img loading=\"lazy\" decoding=\"async\" width=\"359\" height=\"518\" src=\"https:\/\/www.isrec.ch\/app\/uploads\/2026\/03\/Flyer-invitation-1-359x518.png\" class=\"post-image wp-post-image\" alt=\"\" \/>            <\/div>\n                <div class=\"post-content\">\n            <div class=\"post-content-top\">\n                <h3>INVITATION &#8211; Projection\u00a0: Espoir, vie et cancer &#8211; 29.04.2026<\/h3>\n                <span class=\"post-date\">12.03.26<\/span>\n                <p class=\"teaser\"><\/p>\n            <\/div>\n        <\/div>\n    <\/div>\n<\/a>\n<a href=\"https:\/\/www.isrec.ch\/de\/herzlichen-glueckwunsch-an-prof-elisa-oricchio\/\" cursor-class=\"arrow\" data-aos-offset=\"100\" data-aos=\"fade-up\" data-aos-duration=\"500\" data-aos-delay=\"300\">\n    <div class=\"card\">\n                    <div class=\"img-wrap\">\n                <img loading=\"lazy\" decoding=\"async\" width=\"359\" height=\"518\" src=\"https:\/\/www.isrec.ch\/app\/uploads\/2026\/03\/Elisa-Oricchio-Portrait-Picture-AMANDA-FOUND-IN-FILES-2-359x518.jpg\" class=\"post-image wp-post-image\" alt=\"\" \/>            <\/div>\n                <div class=\"post-content\">\n            <div class=\"post-content-top\">\n                <h3>Herzlichen Gl\u00fcckwunsch an Prof. Elisa Oricchio<\/h3>\n                <span class=\"post-date\">10.03.26<\/span>\n                <p class=\"teaser\"><\/p>\n            <\/div>\n        <\/div>\n    <\/div>\n<\/a>\n<a href=\"https:\/\/www.isrec.ch\/de\/wissenschaftlicher-durchbruch-in-der-forschungsgruppe-von-prof-pittet\/\" cursor-class=\"arrow\" data-aos-offset=\"100\" data-aos=\"fade-up\" data-aos-duration=\"500\" data-aos-delay=\"450\">\n    <div class=\"card\">\n                    <div class=\"img-wrap\">\n                <img loading=\"lazy\" decoding=\"async\" width=\"359\" height=\"518\" src=\"https:\/\/www.isrec.ch\/app\/uploads\/2026\/02\/Pittet_20260209-2-359x518.jpg\" class=\"post-image wp-post-image\" alt=\"\" \/>            <\/div>\n                <div class=\"post-content\">\n            <div class=\"post-content-top\">\n                <h3>Wissenschaftlicher Durchbruch in der Forschungsgruppe von Prof. Pittet<\/h3>\n                <span class=\"post-date\">10.02.26<\/span>\n                <p class=\"teaser\">In einer k\u00fcrzlich von Prof. Pittet und seinem Team durchgef\u00fchrten Studie gelang die Identifizierung &#8230;<\/p>\n            <\/div>\n        <\/div>\n    <\/div>\n<\/a>\n<a href=\"https:\/\/www.isrec.ch\/de\/herzlichen-glueckwunsch-an-prof-michele-de-palma-und-prof-nahal-mansouri\/\" cursor-class=\"arrow\" data-aos-offset=\"100\" data-aos=\"fade-up\" data-aos-duration=\"500\" data-aos-delay=\"600\">\n    <div class=\"card\">\n                    <div class=\"img-wrap\">\n                <img loading=\"lazy\" decoding=\"async\" width=\"359\" height=\"518\" src=\"https:\/\/www.isrec.ch\/app\/uploads\/2025\/12\/DePalma_Mansouri_202512-359x518.jpg\" class=\"post-image wp-post-image\" alt=\"\" \/>            <\/div>\n                <div class=\"post-content\">\n            <div class=\"post-content-top\">\n                <h3>Herzlichen Gl\u00fcckwunsch an Prof. Michele de Palma und Dr. Nahal Mansouri<\/h3>\n                <span class=\"post-date\">20.12.25<\/span>\n                <p class=\"teaser\">Die ISREC Stiftung gratuliert Prof. Michele de Palma und Prof. Nahal Mansouri ganz herzlich zu ihrer&#8230;<\/p>\n            <\/div>\n        <\/div>\n    <\/div>\n<\/a>\n<a href=\"https:\/\/www.isrec.ch\/de\/fuenf-agora-professoren-unter-den-laut-clarivate-web-of-science-am-haeufigsten-zitierten-forschenden\/\" cursor-class=\"arrow\" data-aos-offset=\"100\" data-aos=\"fade-up\" data-aos-duration=\"500\" data-aos-delay=\"750\">\n    <div class=\"card\">\n                    <div class=\"img-wrap\">\n                <img loading=\"lazy\" decoding=\"async\" width=\"359\" height=\"518\" src=\"https:\/\/www.isrec.ch\/app\/uploads\/2025\/11\/Screenshot-2025-11-17-at-14.50.34-359x518.png\" class=\"post-image wp-post-image\" alt=\"\" \/>            <\/div>\n                <div class=\"post-content\">\n            <div class=\"post-content-top\">\n                <h3>F\u00fcnf AGORA-Professoren unter den laut Clarivate\/Web of Science am h\u00e4ufigsten zitierten Forschenden<\/h3>\n                <span class=\"post-date\">17.11.25<\/span>\n                <p class=\"teaser\">Herzliche Gratulation an Prof. Johanna Joyce, Prof. George Coukos, Prof. Raphael Gottardo, Prof. Oli&#8230;<\/p>\n            <\/div>\n        <\/div>\n    <\/div>\n<\/a>\n<a href=\"https:\/\/www.isrec.ch\/de\/jahreskonferenz-der-isrec-stiftung-4\/\" cursor-class=\"arrow\" data-aos-offset=\"100\" data-aos=\"fade-up\" data-aos-duration=\"500\" data-aos-delay=\"900\">\n    <div class=\"card\">\n                    <div class=\"img-wrap\">\n                <img loading=\"lazy\" decoding=\"async\" width=\"359\" height=\"518\" src=\"https:\/\/www.isrec.ch\/app\/uploads\/2025\/11\/Screenshot-2025-11-03-at-17.13.34-359x518.png\" class=\"post-image wp-post-image\" alt=\"\" \/>            <\/div>\n                <div class=\"post-content\">\n            <div class=\"post-content-top\">\n                <h3>Jahreskonferenz der ISREC Stiftung<\/h3>\n                <span class=\"post-date\">3.11.25<\/span>\n                <p class=\"teaser\">Am 29. Oktober wurden im Rahmen unserer Jahreskonferenz Wissenschaft und Humor verbunden. Im ersten &#8230;<\/p>\n            <\/div>\n        <\/div>\n    <\/div>\n<\/a>\n<a href=\"https:\/\/www.isrec.ch\/de\/wir-gratulieren-prof-denis-migliorini\/\" cursor-class=\"arrow\" data-aos-offset=\"100\" data-aos=\"fade-up\" data-aos-duration=\"500\" data-aos-delay=\"1050\">\n    <div class=\"card\">\n                    <div class=\"img-wrap\">\n                <img loading=\"lazy\" decoding=\"async\" width=\"359\" height=\"518\" src=\"https:\/\/www.isrec.ch\/app\/uploads\/2025\/10\/MIGLIORINI_Denis_20220913_139-3-359x518.jpg\" class=\"post-image wp-post-image\" alt=\"\" \/>            <\/div>\n                <div class=\"post-content\">\n            <div class=\"post-content-top\">\n                <h3>Wir gratulieren Prof. Denis Migliorini<\/h3>\n                <span class=\"post-date\">29.10.25<\/span>\n                <p class=\"teaser\"><\/p>\n            <\/div>\n        <\/div>\n    <\/div>\n<\/a>\n                                            <\/div>\n                <\/div>\n            <\/div>\n        <\/div>\n    <\/div>\n\n    <div class=\"container\">\n\n\n\n\n<hr class=\"wp-block-separator has-alpha-channel-opacity\"\/>\n\n\n\n<h2 class=\"wp-block-heading has-text-align-center\">Unsere letzten Posts LinkedIn<\/h2>\n\n\n\n<iframe src='https:\/\/widgets.sociablekit.com\/linkedin-page-posts\/iframe\/25375991' frameborder='0' width='100%' height='600'><\/iframe>\n\n\n<p style=\"text-align: center;\"><a class=\"link-with-link\" href=\"https:\/\/www.linkedin.com\/company\/fondation-isrec\/\" target=\"_blank\" rel=\"noopener\">Unser LinkedIn<\/a><\/p>\n\n\n    <\/div>\n    <div class=\"youtube-slider-section\">\n        <div class=\"container container-right\">\n            <div class=\"row\">\n                <div class=\"col-xl-3\">\n                    <h2>Unsere Videos<\/h2>\n                    <a href=\"https:\/\/www.youtube.com\/channel\/UCllcFur1kmfyCp7XIsuhjVw\" target=\"https:\/\/www.youtube.com\/channel\/UCllcFur1kmfyCp7XIsuhjVw\" title=\"\" class=\"slider-link\">Unser YouTube-Kanal<\/a>\n                <\/div>\n                <div class=\"col-xl-9\">\n                    <div class=\"youtube-slider \">\n                                                    <div class=\"slide\">\n                                <a href=\"https:\/\/youtu.be\/uRi6TXA-scA\" target=\"_blank\" class=\"slide-inner\" style=\"background-image: url(https:\/\/www.isrec.ch\/app\/uploads\/2025\/01\/012-labo-manip-Copie-492x277.jpg);\" cursor-class=\"arrow\" data-aos-offset=\"100\" data-aos=\"fade-left\" data-aos-duration=\"500\" data-aos-delay=\"150\">\n                                    <p class=\"slide-title\">R\u00fcckblicke auf 60 Jahre ISREC-Geschichte<\/p>\n                                <\/a>\n                            <\/div>\n                                                    <div class=\"slide\">\n                                <a href=\"https:\/\/www.youtube.com\/watch?v=rHiS6oJu6hA&#038;ab_channel=FondationISREC\" target=\"_blank\" class=\"slide-inner\" style=\"background-image: url(https:\/\/www.isrec.ch\/app\/uploads\/2023\/12\/DJI_0210_lt-2-492x277.jpg);\" cursor-class=\"arrow\" data-aos-offset=\"100\" data-aos=\"fade-left\" data-aos-duration=\"500\" data-aos-delay=\"300\">\n                                    <p class=\"slide-title\">AGORA &#8211; Forschungszentrum<\/p>\n                                <\/a>\n                            <\/div>\n                                                    <div class=\"slide\">\n                                <a href=\"https:\/\/www.youtube.com\/@fondationisrec8946\/playlists\" target=\"_blank\" class=\"slide-inner\" style=\"background-image: url(https:\/\/www.isrec.ch\/app\/uploads\/2024\/03\/ISREC_AmbiancesDetails_PhPache2017_2713-492x277.jpg);\" cursor-class=\"arrow\" data-aos-offset=\"100\" data-aos=\"fade-left\" data-aos-duration=\"500\" data-aos-delay=\"450\">\n                                    <p class=\"slide-title\">TANDEM Projekte 2024<\/p>\n                                <\/a>\n                            <\/div>\n                                                    <div class=\"slide\">\n                                <a href=\"https:\/\/www.youtube.com\/@fondationisrec8946\/playlists\" target=\"_blank\" class=\"slide-inner\" style=\"background-image: url(https:\/\/www.isrec.ch\/app\/uploads\/2024\/02\/RidersLab_2001_lopowveana-492x277.jpg);\" cursor-class=\"arrow\" data-aos-offset=\"100\" data-aos=\"fade-left\" data-aos-duration=\"500\" data-aos-delay=\"600\">\n                                    <p class=\"slide-title\">TANDEM Projekte 2023<\/p>\n                                <\/a>\n                            <\/div>\n                                            <\/div>\n                <\/div>\n            <\/div>\n        <\/div>\n    <\/div>\n\n    <div class=\"container\">\n\n\n\n\n<div class=\"wp-block-group is-style-box-color is-layout-flow wp-block-group-is-layout-flow\"><div class=\"wp-bootstrap-blocks-row row\">\n\t\n\n<div class=\"col-12 col-md-6\">\n\t\t\t\n\n\n        <div class=\"box-color box-white\" data-aos-offset=\"100\" data-aos=\"zoom-in\" data-aos-duration=\"500\">\n        <div class=\"box-color-inner\">\n            <span class=\"subtitle\">Spenden<\/span>\n            <h2>Lassen Sie uns dank Ihrer Unterst\u00fctzung vorankommen!<\/h2>\n            <p>Ihre Geste z\u00e4hlt, egal ob sie klein oder gro\u00df ist, sie tr\u00e4gt dazu bei, dass wir unsere Mission fortsetzen k\u00f6nnen.<\/p>\n            <a href=\"https:\/\/www.isrec.ch\/de\/spenden\/\" target=\"https:\/\/www.isrec.ch\/de\/spenden\/\" title=\"Spenden\" class=\"link\">Mehr sehen<\/a>\n        <\/div>\n        <span class=\"box-shape\"><\/span>\n        <span class=\"box-shape\"><\/span>\n        <span class=\"box-shape\"><\/span>\n    <\/div>\n \n\n\t<\/div>\n\n\n\n<div class=\"col-12 col-md-6\">\n\t\t\t\n\n\n        <div class=\"box-color box-gold\" data-aos-offset=\"100\" data-aos=\"zoom-in\" data-aos-duration=\"500\">\n        <div class=\"box-color-inner\">\n            <span class=\"subtitle\">Antrag auf Unterst\u00fctzung<\/span>\n            <h2>Verfahren f\u00fcr Antr\u00e4ge<\/h2>\n            <p>Alle Antragsverfahren &#8211; Forschungsprojekt oder Stipendium &#8211; werden dem Wissenschaftlichen Rat der Stiftung vorgelegt. Er pr\u00fcft sie und gibt dem Stiftungsrat seine Stellungnahme ab.<\/p>\n            <a href=\"https:\/\/www.isrec.ch\/de\/projektaufruf\/\" target=\"https:\/\/www.isrec.ch\/de\/projektaufruf\/\" title=\"Projektaufruf\" class=\"link\">Mehr sehen<\/a>\n        <\/div>\n        <span class=\"box-shape\"><\/span>\n        <span class=\"box-shape\"><\/span>\n        <span class=\"box-shape\"><\/span>\n    <\/div>\n \n\n\t<\/div>\n\n<\/div>\n<\/div>\n","protected":false},"excerpt":{"rendered":"<p>Unsere letzten Posts LinkedIn Unser LinkedIn<\/p>\n","protected":false},"author":1,"featured_media":0,"parent":0,"menu_order":0,"comment_status":"closed","ping_status":"closed","template":"","meta":{"_acf_changed":false,"footnotes":""},"class_list":["post-605","page","type-page","status-publish","hentry"],"acf":[],"aioseo_notices":[],"_links":{"self":[{"href":"https:\/\/www.isrec.ch\/de\/wp-json\/wp\/v2\/pages\/605","targetHints":{"allow":["GET"]}}],"collection":[{"href":"https:\/\/www.isrec.ch\/de\/wp-json\/wp\/v2\/pages"}],"about":[{"href":"https:\/\/www.isrec.ch\/de\/wp-json\/wp\/v2\/types\/page"}],"author":[{"embeddable":true,"href":"https:\/\/www.isrec.ch\/de\/wp-json\/wp\/v2\/users\/1"}],"replies":[{"embeddable":true,"href":"https:\/\/www.isrec.ch\/de\/wp-json\/wp\/v2\/comments?post=605"}],"version-history":[{"count":28,"href":"https:\/\/www.isrec.ch\/de\/wp-json\/wp\/v2\/pages\/605\/revisions"}],"predecessor-version":[{"id":7293,"href":"https:\/\/www.isrec.ch\/de\/wp-json\/wp\/v2\/pages\/605\/revisions\/7293"}],"wp:attachment":[{"href":"https:\/\/www.isrec.ch\/de\/wp-json\/wp\/v2\/media?parent=605"}],"curies":[{"name":"wp","href":"https:\/\/api.w.org\/{rel}","templated":true}]}}