{"id":7124,"date":"2024-11-20T10:19:24","date_gmt":"2024-11-20T09:19:24","guid":{"rendered":"https:\/\/www.isrec.ch\/?page_id=7124"},"modified":"2024-11-20T10:29:54","modified_gmt":"2024-11-20T09:29:54","slug":"cookies-richtlinien","status":"publish","type":"page","link":"https:\/\/www.isrec.ch\/de\/cookies-richtlinien\/","title":{"rendered":"Cookies-Richtlinien"},"content":{"rendered":"\n<p>Ziel der vorliegenden Cookies-Richtlinien ist es, die Verarbeitung der Daten, die bei Ihrem Besuch auf der Webseite der ISREC Stiftung (der \u00ab<strong>Stiftung<\/strong>\u00bb) gesammelt werden, zu erl\u00e4utern und Ihnen die M\u00f6glichkeit zu bieten, diese Cookies Ihren W\u00fcnschen entsprechend zu konfigurieren.<\/p>\n\n\n\n<p>Diese Richtlinien decken Links zu Webseiten von Drittanbietern, die auf der Webseite der Stiftung aufgef\u00fchrt sind, nicht ab.<\/p>\n\n\n\n<ol class=\"wp-block-list\">\n<li><strong><em>Was sind Cookies?<\/em><\/strong><\/li>\n<\/ol>\n\n\n\n<p>Ein Cookie ist eine Textdatei mit einer kleinen Datenmenge, die auf Ihrem Computer, Smartphone oder anderen Ger\u00e4ten beim Besuch einer Webseite abgelegt wird. Cookies erm\u00f6glichen es dem Eigent\u00fcmer, das Endger\u00e4t, auf dem das Cookie abgelegt wurde, f\u00fcr die Dauer seiner G\u00fcltigkeit bzw. Speicherung zu identifizieren<\/p>\n\n\n\n<ul class=\"wp-block-list\">\n<li><strong><em>Weshalb verwendet die Stiftung Cookies? <\/em><\/strong><\/li>\n<\/ul>\n\n\n\n<p>Cookies dienen verschiedenen Zwecken. Sie gew\u00e4hrleisten oder verbessern die Funktionsf\u00e4higkeit einiger Bereiche einer Webseite und stellen deren Eigent\u00fcmern Informationen \u00fcber die Nutzung der Webseite zur Verf\u00fcgung.<\/p>\n\n\n\n<p>Einige Cookies auf der Webseite der Stiftung sind f\u00fcr deren Funktionsf\u00e4higkeit unabdingbar. Die Stiftung benutzt aber auch nicht essentielle Cookies, die dazu dienen, die Leistung der Webseite zu optimieren. Ausserdem erm\u00f6glichen Ihnen Cookies es auch, Ihre bevorzugten Einstellungen zu w\u00e4hlen (z.B. die Sprache).<\/p>\n\n\n\n<p>Cookies, die von der Stiftung eingesetzt werden, erlauben auch:<\/p>\n\n\n\n<ol style=\"list-style-type:lower-alpha\" class=\"wp-block-list\">\n<li>Statistiken zu erstellen, Besuche zu z\u00e4hlen und die Nutzung der einzelnen Elemente der Webseite der Stiftung (besuchte Bereiche und Inhalte, Quellen, Zeitpunkt des letzten Zugriffs auf digitale Inhalte) zu charakterisieren. So kann die Stiftung die Attraktivit\u00e4t und die Benutzerfreundlichkeit ihrer Dienstleistungen verbessern.<\/li>\n\n\n\n<li>Pr\u00e4ferenzen in Bezug auf die Zulassung von Cookies zu personalisieren.<\/li>\n<\/ol>\n\n\n\n<ul class=\"wp-block-list\">\n<li><strong><em>Welche Cookies werden von der Stiftung benutzt?<\/em><\/strong><\/li>\n<\/ul>\n\n\n\n<ol style=\"list-style-type:upper-alpha\" class=\"wp-block-list\">\n<li><strong><em>Technische Cookies <\/em><\/strong><\/li>\n<\/ol>\n\n\n\n<p>Technische Cookies sind f\u00fcr die Funktionsf\u00e4higkeit der Webseite der Stiftung unabdingbar. Diese Cookies erm\u00f6glichen es Ihnen, auf unserer Webseite zu navigieren und die einzelnen Inhalte zu nutzen.<\/p>\n\n\n\n<figure class=\"wp-block-table\"><table class=\"has-fixed-layout\"><tbody><tr><td><strong>Bezeichnung des Cookies<\/strong><strong><\/strong><\/td><td><strong>Verwendung<\/strong><strong><\/strong> <strong>(<em>Siehe Kap. 2, oben<\/em>)<\/strong><strong><\/strong><\/td><td><strong>Dauer der Daten-speicherung<\/strong><strong><\/strong><\/td><td><strong>Zweck des Cookies<\/strong><strong><\/strong><\/td><\/tr><tr><td>tarteaucitron<\/td><td>b)<\/td><td>1 Jahr<\/td><td>Speichert die Benutzereinstellungen bez\u00fcglich Zulassung weiterer Cookies (DSGVO)<\/td><\/tr><\/tbody><\/table><\/figure>\n\n\n\n<ul class=\"wp-block-list\">\n<li><strong><em>Analytische Cookies <\/em><\/strong><\/li>\n<\/ul>\n\n\n\n<p>Diese Cookies sammeln Informationen dar\u00fcber, wie Besucher eine Website benutzen (z. B. Anzahl der Besuche, die am h\u00e4ufigsten besuchten Seiten oder Inhalte). Sie erm\u00f6glichen es der Stiftung, Nutzung und Leistung ihrer Website zu verfolgen, Statistiken zu erstellen und Besuche zu z\u00e4hlen, um die Attraktivit\u00e4t und die Benutzerfreundlichkeit ihrer Dienste zu verbessern.<\/p>\n\n\n\n<p>Die erhobenen Daten werden nicht an Dritte weitergegeben oder f\u00fcr andere Zwecke als die eingangs genannten genutzt. Analytische Cookies werden ausschliesslich intern verwendet und erm\u00f6glichen es der Stiftung, bestimmte Nutzergruppen, die die Website besuchen, zu erfassen. Ferner werden s\u00e4mtliche IP-Adressen in diesen Datenanalysen anonymisiert.<\/p>\n\n\n\n<figure class=\"wp-block-table\"><table class=\"has-fixed-layout\"><tbody><tr><td><strong>Bezeichnung des Cookies<\/strong><strong><\/strong><\/td><td><strong>Verwendung<\/strong><strong><\/strong> <strong>(<em>Siehe Kap. 2, oben<\/em>)<\/strong><strong><\/strong><\/td><td><strong>Dauer der Daten-speicherung<\/strong><strong><\/strong><\/td><td><strong>Zweck des Cookies<\/strong><strong><\/strong><\/td><\/tr><tr><td>__utma<\/td><td>a. Google Analytics<\/td><td>2 Jahre<\/td><td>Google Analytics: Dient der Unterscheidung von Nutzern und Sitzungen<\/td><\/tr><tr><td>__utmb<\/td><td>a. Google Analytics<\/td><td>30 Minuten<\/td><td>Google Analytics: Dient der Ermittlung neuer Sitzungen \/ Besuche<\/td><\/tr><tr><td>__utmc<\/td><td>a. Google Analytics<\/td><td>Bis Ende der Sitzung<\/td><td>Google Analytics: Wird in Verbindung mit dem __utmb Cookie benutzt, um zu ermitteln, ob der Benutzer sich in einer neuen Sitzung \/ in einem neuen Besuch befindet.<\/td><\/tr><tr><td>__utmt<\/td><td>a. Google Analytics<\/td><td>10 Minuten<\/td><td>Google Analytics: Dient der Drosselung der Anforderungsrate bei hohen Besucherzahlen auf der Webseite<\/td><\/tr><tr><td>__utmz<\/td><td>a. Google Analytics<\/td><td>6 Monate<\/td><td>Google Analytics: Speichert die Traffic oder Campaign Source (zeigt auf, woher der Besucher kommt, falls diese Information vorhanden ist)<\/td><\/tr><tr><td>_ga<\/td><td>a. Google Analytics<\/td><td>2 Jahre<\/td><td>Google Analytics: Dient der Unterscheidung von Nutzern.<\/td><\/tr><tr><td>_gat<\/td><td>a. Google Analytics<\/td><td>1 Minute<\/td><td>Google Analytics: Dient der Drosselung der Anforderungsrate bei hohen Besucherzahlen auf der Webseite<\/td><\/tr><\/tbody><\/table><\/figure>\n\n\n\n<ul class=\"wp-block-list\">\n<li><strong><em>Cookies f\u00fcr soziale Medien<\/em><\/strong><\/li>\n<\/ul>\n\n\n\n<p>Die Webseite der Stiftung enth\u00e4lt Daten, die auf anderen Webseiten beherbergt oder mit anderen Webseiten geteilt werden, und mit denen der Benutzer Inhalte auf der Webseite der Stiftung ansehen kann. Wenn Sie der Nutzung dieser Dienstleistungen zustimmen, werden Cookies von Drittanbietern f\u00fcr das entsprechende soziale Netzwerk abgelegt.<\/p>\n\n\n\n<p>Die Stiftung benutzt Youtube, um auf ihrer Webseite Inhalte zu publizieren.<\/p>\n\n\n\n<p>Wenn Sie einem Link zu anderen Webseiten folgen, m\u00fcssen Sie beachten, dass diese Webseiten ihre eigenen unabh\u00e4ngigen Datenschutzerkl\u00e4rungen und Cookie-Richtlinien haben, und dass die Stiftung keine Verantwortung daf\u00fcr \u00fcbernimmt. Bitte nehmen Sie diese Richtlinien zur Kenntnis, bevor Sie den entsprechenden Webseiten Daten zur Verf\u00fcgung stellen.<\/p>\n\n\n\n<ul class=\"wp-block-list\">\n<li><strong><em>Cookies konfigurieren <\/em><\/strong><\/li>\n<\/ul>\n\n\n\n<p>In der Regel setzt die Speicherung eines Cookies auf einem Endger\u00e4t die Zustimmung des Benutzers dieses Ger\u00e4tes voraus. Es bestehen mehrere M\u00f6glichkeiten, die Cookies zu konfigurieren. Sie k\u00f6nnen zudem Ihre Einstellungen und W\u00fcnsche betreffend Cookies jederzeit \u00e4ndern.<\/p>\n\n\n\n<p>Jeder Browser ist anders konfiguriert. Die Vorgehensweise, um Ihre Einstellungen bez\u00fcglich Cookies anzupassen, wird im Hilfemen\u00fc Ihres Browsers beschrieben.<\/p>\n\n\n\n<p>Wenn Sie Cookies im Browser auf Ihrem Ger\u00e4t aktivieren, werden die Cookies auf den Seiten und in den Inhalten, die Sie angesehen haben, m\u00f6glicherweise vor\u00fcbergehend in einem vorbestimmten Bereich auf Ihrem Ger\u00e4t gespeichert.<\/p>\n\n\n\n<p>Cookies k\u00f6nnen Sie auf der Webseite der Stiftung annehmen\/verwerfen\/l\u00f6schen, indem Sie \u00abVerwaltung der Cookies\u00bb am Ende der Seite und dann den Men\u00fcpunkt \u00abPr\u00e4ferenz f\u00fcr alle Dienste\u00bb anklicken<\/p>\n\n\n\n<p>Weitere Informationen zu Cookies und den M\u00f6glichkeiten, deren Verwendung \u00fcber Ihre Browser-Einstellungen zu kontrollieren, finden Sie unter <a href=\"http:\/\/www.allaboutcookies.org\">http:\/\/www.allaboutcookies.org<\/a>.<\/p>\n\n\n\n<p>Sie k\u00f6nnen zudem auf der Webseite der Stiftung die Datenschutzerkl\u00e4rung lesen, um mehr \u00fcber die Verarbeitung Ihrer personenbezogenen Daten zu erfahren.<\/p>\n\n\n\n<ul class=\"wp-block-list\">\n<li><strong><em>K\u00f6nnen diese<\/em><\/strong> <strong><em>Cookies-Richtlinien ge\u00e4ndert werden?<\/em><\/strong><\/li>\n<\/ul>\n\n\n\n<p>Die Stiftung kann veranlasst werden, die hier beschriebenen Richtlinien zu \u00e4ndern. Jede \u00c4nderung oder neue Version der Cookies-Richtlinien wird auf der Webseite der Stiftung publiziert. Wir bitten Sie deshalb, diese Seite regelm\u00e4ssig zu besuchen, um von m\u00f6glichen \u00c4nderungen oder Aktualisierungen Kenntnis zu nehmen. Das Datum der letzten Version der Richtlinien wird unten angegeben.&nbsp;<\/p>\n\n\n\n<p>August 2021<\/p>\n","protected":false},"excerpt":{"rendered":"<p>Ziel der vorliegenden Cookies-Richtlinien ist es, die Verarbeitung der Daten, die bei Ihrem Besuch auf der Webseite der ISREC Stiftung (der \u00abStiftung\u00bb) gesammelt werden, zu erl\u00e4utern und Ihnen die M\u00f6glichkeit zu bieten, diese Cookies Ihren W\u00fcnschen entsprechend zu konfigurieren. Diese Richtlinien decken Links zu Webseiten von Drittanbietern, die auf der Webseite der Stiftung aufgef\u00fchrt sind, [&hellip;]<\/p>\n","protected":false},"author":4,"featured_media":0,"parent":0,"menu_order":0,"comment_status":"closed","ping_status":"closed","template":"","meta":{"_acf_changed":false,"footnotes":""},"class_list":["post-7124","page","type-page","status-publish","hentry"],"acf":[],"aioseo_notices":[],"_links":{"self":[{"href":"https:\/\/www.isrec.ch\/de\/wp-json\/wp\/v2\/pages\/7124","targetHints":{"allow":["GET"]}}],"collection":[{"href":"https:\/\/www.isrec.ch\/de\/wp-json\/wp\/v2\/pages"}],"about":[{"href":"https:\/\/www.isrec.ch\/de\/wp-json\/wp\/v2\/types\/page"}],"author":[{"embeddable":true,"href":"https:\/\/www.isrec.ch\/de\/wp-json\/wp\/v2\/users\/4"}],"replies":[{"embeddable":true,"href":"https:\/\/www.isrec.ch\/de\/wp-json\/wp\/v2\/comments?post=7124"}],"version-history":[{"count":1,"href":"https:\/\/www.isrec.ch\/de\/wp-json\/wp\/v2\/pages\/7124\/revisions"}],"predecessor-version":[{"id":7125,"href":"https:\/\/www.isrec.ch\/de\/wp-json\/wp\/v2\/pages\/7124\/revisions\/7125"}],"wp:attachment":[{"href":"https:\/\/www.isrec.ch\/de\/wp-json\/wp\/v2\/media?parent=7124"}],"curies":[{"name":"wp","href":"https:\/\/api.w.org\/{rel}","templated":true}]}}