{"id":8429,"date":"2025-09-15T09:42:45","date_gmt":"2025-09-15T07:42:45","guid":{"rendered":"https:\/\/www.isrec.ch\/?page_id=8429"},"modified":"2025-11-26T13:28:28","modified_gmt":"2025-11-26T12:28:28","slug":"aufruf-tandem","status":"publish","type":"page","link":"https:\/\/www.isrec.ch\/de\/aufruf-tandem\/","title":{"rendered":"Aufruf TANDEM"},"content":{"rendered":"\n<h4 class=\"wp-block-heading\"><strong>TANDEM: Aufruf f\u00fcr translationale Krebsforschungsprojekte, die von einem Kliniker und einem Grundlagenforscher gemeinsam geleitet werden<\/strong><\/h4>\n\n\n<div class=\"wp-bootstrap-blocks-row row\">\n\t\n\n<div class=\"col-12 col-md-6\">\n\t\t\t\n\n<p>Es besteht breites Einvernehmen dar\u00fcber, dass Kreativit\u00e4t und Innovation entstehen, wenn an der Schnittstelle zwischen verschiedenen Disziplinen zwei unterschiedliche Denkweisen aufeinandertreffen, um ein gemeinsames Problem zu l\u00f6sen. Die Herausforderung eines gemeinsamen Ziels motiviert inter- oder multidisziplin\u00e4re Teams und es entstehen kooperative statt kompetitive Arbeitsgruppen. <\/p>\n\n\n\n<p>Das AGORA Forschungszentrum wurde von der ISREC Stiftung gebaut, um Forschende verschiedener Institutionen f\u00fcr die Entwicklung innovativer Therapien und diagnostischer Werkzeuge f\u00fcr Krebspatienten zusammenzuf\u00fchren. <\/p>\n\n\n\n<p>Das f\u00fcnfte Jahr in Folge lanciert die ISREC Stiftung einen Aufruf f\u00fcr TANDEM Projekte, in denen Zweierteams, bestehend aus einem Kliniker und einem Forschenden, ein translationales Forschungsprojekt entwerfen, das sie gemeinsam leiten werden. <strong>Die TANDEM-Ausschreibung 2026 begr\u00fcsst hochgradig originelle Forschungsprojekte zu allen Themen, die zu Innovationen in der Versorgung von Krebspatienten f\u00fchren. Vorschl\u00e4ge, die sich auf die Fr\u00fcherkennung und Risikofaktoren konzentrieren, werden besonders begr\u00fcsst.<\/strong><\/p>\n\n\n\n<p>Das TANDEM Programm wird zwei- oder dreij\u00e4hrige Stipendien zur Verf\u00fcgung stellen. Diese sind f\u00fcr das Sal\u00e4r von Postdoktoranden oder Forschungsassistenten bestimmt, die von zwei gleichgestellten Personen, einem Kliniker und einem Forschenden oder Ingenieur, betreut werden. Gesuche aus der ganzen Schweiz sind willkommen.<\/p>\n\n\t<\/div>\n\n\n\n<div class=\"col-12 col-md-6\">\n\t\t\t\n\n<figure class=\"wp-block-image size-full\"><img loading=\"lazy\" decoding=\"async\" width=\"945\" height=\"1335\" src=\"https:\/\/www.isrec.ch\/app\/uploads\/2025\/09\/tandem_image-2.png\" alt=\"\" class=\"wp-image-8450\" srcset=\"https:\/\/www.isrec.ch\/app\/uploads\/2025\/09\/tandem_image-2.png 945w, https:\/\/www.isrec.ch\/app\/uploads\/2025\/09\/tandem_image-2-212x300.png 212w, https:\/\/www.isrec.ch\/app\/uploads\/2025\/09\/tandem_image-2-725x1024.png 725w, https:\/\/www.isrec.ch\/app\/uploads\/2025\/09\/tandem_image-2-768x1085.png 768w\" sizes=\"auto, (max-width: 945px) 100vw, 945px\" \/><\/figure>\n\n\t<\/div>\n\n<\/div>\n\n\n\n<p>Zudem m\u00f6chten wir ein Team \u00abtranslationaler\u00bb Forscherinnen und Forscher ausbilden, die sowohl mit wissenschaftlichen Technologien als auch mit medizinischen Herausforderungen vertraut sind. Die durch die TANDEM Projekte finanzierten Sal\u00e4re sollen diese Multidisziplinarit\u00e4t f\u00f6rdern und nicht den Ansatz \u00ab<em>vom Forschungslabor-zum-Krankenbett<\/em>\u00bb, sondern eine Vorgehensweise basierend auf \u00ab<em>Krankenbett-<\/em>und<em>-Forschungslabor<\/em>\u00bb unterst\u00fctzen. Die halbe Herausforderung liegt oft in der \u00dcberwindung der \u00abSprachbarriere\u00bb zwischen der Klinik und der Grundlagenforschung. So sollen die gemeinsam eingereichten Projekte Probleme, die Krebstherapien oder -diagnostik unmittelbar betreffen, synergetisch angehen.<\/p>\n\n\n\n<p>Ziel des TANDEM Programms ist es daher, einerseits klinisch relevante Entdeckungen in der Krebstherapie voranzutreiben, andererseits auch Postdoktoranden und Forschungsassistenten auszubilden, die sowohl die Sprache der Grundlagenforschung als auch die der Klinik beherrschen. Es k\u00f6nnen spezifische Schulungen sowie die Finanzierung von \u00abgesch\u00fctzter Forschungszeit\u00bb f\u00fcr Kliniker (d. h. eine teilweise Freistellung von den klinischen Pflichten) abgedeckt werden.<\/p>\n\n\n\n<h4 class=\"wp-block-heading\"><strong>Aufruf zur Einreichung kompetitiver Projekte, die auf einer Zusammenarbeit zwischen klinischer und Grundlagenforschung beruhen:<\/strong><\/h4>\n\n\n\n<p>Fr\u00fchere Ausschreibungen haben gezeigt, dass ein wachsendes Interesse an diesem Format besteht. Es ist uns deshalb ein grosses Anliegen, zu mehr Zusammenarbeit zwischen klinischer und Grundlagenforschung zu ermutigen. In diesem Zusammenhang akzeptieren wir TANDEM Antr\u00e4ge aller Art und mit klarem translationalen Nutzen f\u00fcr Krebspatienten, welche die Anforderungen einer engen Zusammenarbeit zwischen einem Kliniker und einem Wissenschaftler erf\u00fcllen.<\/p>\n\n\n\n<p>Bewerber werden aufgefordert, Antr\u00e4ge auf Finanzierung von Stellen und den dazugeh\u00f6rigen Forschungskosten im Bereich der translationalen Forschung an der Schnittstelle zwischen Grundlagen- und klinischer Krebsforschung zu stellen. Die f\u00fcr das TANDEM Programm ausgew\u00e4hlten Stipendiaten werden sich mit der Translation von Ergebnissen aus der Grundlagenforschung in verbesserte Krebstherapien oder validierte Biomarker befassen. Bewerbungen sollen durch einen klinischen Wissenschafter und einen Grundlagenforschenden, die beide in der Schweiz t\u00e4tig sind, gemeinsam eingereicht werden. In begr\u00fcndeten F\u00e4llen kann mehr als ein Kliniker beteiligt sein. Der Nachweis eines geeigneten Forschungsumfeldes ist erforderlich, und die Antragssteller m\u00fcssen einen Doktortitel oder einen gleichwertigen Abschluss in Medizin, Biomedizin, Ingenieur- oder Naturwissenschaften vorweisen k\u00f6nnen. Es ist wichtig, eine wirksame Kommunikation zwischen medizinischen und grundlagenwissenschaftlichen Zielgruppen zu f\u00f6rdern. Die eingereichten Projekte werden vom Wissenschaftlichen Rat der ISREC Stiftung, unterst\u00fctzt von externen Gutachtern, \u00fcberpr\u00fcft und ausgew\u00e4hlt.<\/p>\n\n\n\n<h4 class=\"wp-block-heading\"><strong>Vorbewerbung:<\/strong><\/h4>\n\n\n\n<p>Bitte reichen Sie bis zum <strong>15. Dezember 2025<\/strong> eine (unverbindliche) <strong>Absichtserkl\u00e4rung <\/strong>ein. Diese soll die Namen, Adressen und Stellungen der Hauptantragsteller, das Thema oder den Titel des vorgesehenen Projektes, eine kurze Zusammenfassung (max. 150 W\u00f6rter) und Schl\u00fcsselw\u00f6rter enthalten. Werden die Antragsvoraussetzungen erf\u00fcllt, erhalten Sie bis zum 15. Januar 2026 eine Einladung zur Einreichung eines vollst\u00e4ndigen Gesuches. Dieses muss sp\u00e4testens am 2. M\u00e4rz 2026 eingereicht werden.<\/p>\n\n\n\n<h4 class=\"wp-block-heading\"><strong>Bewerbungsvoraussetzungen:<\/strong><\/h4>\n\n\n\n<ul class=\"wp-block-list\">\n<li>Es werden ausschliesslich Projekte ber\u00fccksichtigt, die von einem Kliniker und einem Grundlagenforscher gemeinsam entwickelt und geleitet werden.<\/li>\n\n\n\n<li>Die Bewerber m\u00fcssen in einer akademischen Institution, einem Spital oder einem Forschungslabor in der Schweiz angestellt sein.<\/li>\n\n\n\n<li>Die Gesuchsteller d\u00fcrfen nicht ihre eigenen Geh\u00e4lter beantragen. Die auszubildenden Personen d\u00fcrfen nicht als Mitantragsteller fungieren.<\/li>\n\n\n\n<li>In begr\u00fcndeten F\u00e4llen ist die Bildung eines Teams bestehend aus einem Grundlagenwissenschafter und zwei Klinikern zul\u00e4ssig.<\/li>\n<\/ul>\n\n\n\n<h4 class=\"wp-block-heading\"><strong>Details und Inhalt der ausf\u00fchrlichen Bewerbung:<\/strong><\/h4>\n\n\n\n<p>Die ausf\u00fchrliche Bewerbung muss folgende Unterlagen beinhalten:<\/p>\n\n\n\n<p>Strategischer Fokus des Projekts (1 Seite, inkl. einer kurzen, 3- bis 4-zeiligen Schilderung)<\/p>\n\n\n\n<p>Ein Forschungsplan, der folgende Punkte beinhaltet:<\/p>\n\n\n\n<ul class=\"wp-block-list\">\n<li>Kurze Erl\u00e4uterung des Projekthintergrunds<\/li>\n\n\n\n<li>Spezifische Ziele<\/li>\n\n\n\n<li>Konzept des experimentellen Arbeitsplans zur Erreichung dieser Ziele<\/li>\n\n\n\n<li>Meilensteine und Zeitplan<\/li>\n\n\n\n<li>Translationale Umsetzung<\/li>\n<\/ul>\n\n\n\n<p>Detailliertes Budget (Sal\u00e4re, Auslagen, einschliesslich Material)<\/p>\n\n\n\n<p>Kurze Lebensl\u00e4ufe (nicht mehr als zwei Seiten pro Projektleiter), inklusive Publikationen der letzten 5 Jahre (oder gegebenenfalls die 10 wichtigsten Ver\u00f6ffentlichungen)<\/p>\n\n\n\n<p>Strategischer Fokus des Projekts, Forschungsplan und Budget sollten zusammen nicht mehr als 10 Seiten umfassen (Referenzen nicht miteinbezogen). Bitte beachten Sie, dass wir nur kurze Lebensl\u00e4ufe (nicht mehr als 2 Seiten) akzeptieren. F\u00fcr eine vollst\u00e4ndige Liste der Ver\u00f6ffentlichungen darf ein Link zu <em>Pubmed<\/em> oder <em>Google Scholar<\/em> beigef\u00fcgt werden.<\/p>\n\n\n\n<p>Bitte senden Sie Ihre ausf\u00fchrliche Bewerbung im PDF-Format an folgende E-Mail-Adresse:  <a href=\"mailto:info@isrec.ch\">info@isrec.ch<\/a><\/p>\n\n\n\n<p>Es gelten keine besonderen Anforderungen bez\u00fcglich der Schriftgr\u00f6sse, solange diese gut lesbar ist.<\/p>\n\n\n\n<p>Bewerbungen m\u00fcssen auf Englisch eingereicht werden.<\/p>\n\n\n\n<h4 class=\"wp-block-heading\"><strong>Budget und Dauer der Projekte:<\/strong><\/h4>\n\n\n\n<ul class=\"wp-block-list\">\n<li>Das maximale Budget pro Projekt betr\u00e4gt (total) CHF 550&#8217;000, verteilt \u00fcber maximal 3 Jahre.<\/li>\n\n\n\n<li>Sonstige Finanzierungsquellen m\u00fcssen deklariert werden.<\/li>\n\n\n\n<li>Die finanziellen Mittel k\u00f6nnen f\u00fcr Geh\u00e4lter und Laborverbrauchsmaterial, vorzugsweise aber nicht f\u00fcr die Geh\u00e4lter der Gesuchsteller, eingesetzt werden.<\/li>\n\n\n\n<li>Sind mehrere Einrichtungen am Projekt beteiligt, muss eine dieser Institutionen die Verantwortung f\u00fcr die Verwaltung der Mittel \u00fcbernehmen.<\/li>\n\n\n\n<li>Es k\u00f6nnen Mittel f\u00fcr &#8220;gesch\u00fctzte Arbeitszeit&#8221; beantragt werden, w\u00e4hrend der eine medizinisch ausgebildete Person von Verpflichtungen in der Klinik befreit wird, um im Labor am Projekt arbeiten zu k\u00f6nnen.<\/li>\n\n\n\n<li>Es werden j\u00e4hrliche Zwischenberichte verlangt.<\/li>\n\n\n\n<li>Sp\u00e4testens Ende Juni werden Sie \u00fcber das Ergebnis Ihrer Bewerbung informiert.<\/li>\n<\/ul>\n\n\n\n<h4 class=\"wp-block-heading\"><strong>Fristen:<\/strong><\/h4>\n\n\n\n<p>Absichtserkl\u00e4rung: 15. Dezember 2025 (Antwort bis 15. Januar 2026)<\/p>\n\n\n\n<p>Ausf\u00fchrliche Bewerbung f\u00fcr die ausgew\u00e4hlten Absichtserkl\u00e4rungen: 2. M\u00e4rz 2026 (Antwort bis 30. Juni 2026)<\/p>\n\n\n\n<p>Projekte, die nach Ablauf dieser Fristen eingereicht werden, werden f\u00fcr den n\u00e4chsten Projektaufruf (2027) ber\u00fccksichtigt.<\/p>\n\n\n\n<h4 class=\"wp-block-heading\"><strong>Endg\u00fcltiger Entscheid:<\/strong><\/h4>\n\n\n\n<p>Ende Juni 2026; die Finanzierung muss vor Ende 2026 beginnen.<\/p>\n\n\n\n<h4 class=\"wp-block-heading\"><strong>Arbeitsort:<\/strong><\/h4>\n\n\n\n<p>Schweiz<\/p>\n\n\n\n<p><\/p>\n","protected":false},"excerpt":{"rendered":"<p>TANDEM: Aufruf f\u00fcr translationale Krebsforschungsprojekte, die von einem Kliniker und einem Grundlagenforscher gemeinsam geleitet werden Zudem m\u00f6chten wir ein Team \u00abtranslationaler\u00bb Forscherinnen und Forscher ausbilden, die sowohl mit wissenschaftlichen Technologien als auch mit medizinischen Herausforderungen vertraut sind. Die durch die TANDEM Projekte finanzierten Sal\u00e4re sollen diese Multidisziplinarit\u00e4t f\u00f6rdern und nicht den Ansatz \u00abvom Forschungslabor-zum-Krankenbett\u00bb, sondern [&hellip;]<\/p>\n","protected":false},"author":11,"featured_media":0,"parent":0,"menu_order":0,"comment_status":"closed","ping_status":"closed","template":"","meta":{"_acf_changed":false,"footnotes":""},"class_list":["post-8429","page","type-page","status-publish","hentry"],"acf":[],"aioseo_notices":[],"_links":{"self":[{"href":"https:\/\/www.isrec.ch\/de\/wp-json\/wp\/v2\/pages\/8429","targetHints":{"allow":["GET"]}}],"collection":[{"href":"https:\/\/www.isrec.ch\/de\/wp-json\/wp\/v2\/pages"}],"about":[{"href":"https:\/\/www.isrec.ch\/de\/wp-json\/wp\/v2\/types\/page"}],"author":[{"embeddable":true,"href":"https:\/\/www.isrec.ch\/de\/wp-json\/wp\/v2\/users\/11"}],"replies":[{"embeddable":true,"href":"https:\/\/www.isrec.ch\/de\/wp-json\/wp\/v2\/comments?post=8429"}],"version-history":[{"count":10,"href":"https:\/\/www.isrec.ch\/de\/wp-json\/wp\/v2\/pages\/8429\/revisions"}],"predecessor-version":[{"id":8631,"href":"https:\/\/www.isrec.ch\/de\/wp-json\/wp\/v2\/pages\/8429\/revisions\/8631"}],"wp:attachment":[{"href":"https:\/\/www.isrec.ch\/de\/wp-json\/wp\/v2\/media?parent=8429"}],"curies":[{"name":"wp","href":"https:\/\/api.w.org\/{rel}","templated":true}]}}