{"id":4047,"date":"2023-12-04T16:08:28","date_gmt":"2023-12-04T15:08:28","guid":{"rendered":"https:\/\/www.isrec.ch\/?page_id=4047"},"modified":"2025-02-11T14:50:21","modified_gmt":"2025-02-11T13:50:21","slug":"professorial-chairs","status":"publish","type":"page","link":"https:\/\/www.isrec.ch\/en\/the-research\/professorial-chairs\/","title":{"rendered":"Professorial Chairs"},"content":{"rendered":"<p><strong>Professorships enable young professors affiliated with a Swiss academic institution to launch their research careers.<\/strong><\/p>\n\n\n<p>Professorships are financed from the Foundation\u2019s assets. The ISREC Foundation assumes the scientific and administrative supervision of the funding, thus guaranteeing the intended use of the allocated funds.<\/p>\n\n\n\n    <div class=\"accordions \">\n                        <div class=\"accordion-item\">\n                    <div class=\"accordion-header\">\n                        <h3>Paternot chair for interdisciplinary cancer research &#8211; Prof. Nicolas Thom\u00e4 (EPFL)<\/h3>\n                    <\/div>\n                    <div class=\"accordion-content\">\n                        <p><img loading=\"lazy\" decoding=\"async\" class=\"alignleft wp-image-5735 size-medium\" src=\"https:\/\/www.isrec.ch\/app\/uploads\/2023\/09\/Photo-Thoma-e1710843158580-219x300.jpg\" alt=\"\" width=\"219\" height=\"300\" srcset=\"https:\/\/www.isrec.ch\/app\/uploads\/2023\/09\/Photo-Thoma-e1710843158580-219x300.jpg 219w, https:\/\/www.isrec.ch\/app\/uploads\/2023\/09\/Photo-Thoma-e1710843158580.jpg 382w\" sizes=\"auto, (max-width: 219px) 100vw, 219px\" \/><\/p>\n<p style=\"font-weight: 400;\"><span style=\"text-decoration: underline;\"><strong>Prof. Nicolas Thom\u00e4<\/strong><\/span><\/p>\n<p style=\"font-weight: 400;\">Appointed full professor at EPFL\u2019s Faculty of Life Sciences in September 2023, Prof. Thom\u00e4 comes from the Friedrich Miescher Institute for Biomedical Research in Basel where, since 2006, he led a world-class team of researchers in structural and chemical biology. Prof. Thom\u00e4 is a chemical biologist and expert in X-ray crystallography and cryogenic electron microscopy, two cutting-edge technologies which he uses to study the key protein assemblies involved in human diseases. He is responsible for a number of groundbreaking discoveries in the key structures and molecular interactions involved in the targeted degradation of pathological proteins, paving the way for new approaches to drug discovery in cancer. In recognition of his pioneering work, Prof. Thom\u00e4 received the Otto Naegeli Prize, one of the most prestigious Swiss medical research awards, in 2022. He is also one of only a handful of researchers to have secured three consecutive European Research Council grants (in 2010, 2015 and 2020).<\/p>\n<p style=\"font-weight: 400;\"><span style=\"text-decoration: underline;\"><strong>Research Area<\/strong><\/span><\/p>\n<p style=\"font-weight: 400;\">Protein-protein interactions play a role in all cell fate decisions. The alteration of these interactions and the signaling processes that they regulate are at the heart of virtually every human disease. Reprogramming protein-protein interactomes thus offers enormous opportunities for therapeutic intervention. Recent advances in targeted protein degradation have shown that small molecules can efficiently induce the reprogramming of protein-protein interactions, often by inducing novel contacts. Therapeutically important protein-mediated cell-cell interactions can also be generated through the use of synthetic biology or cellular reprogramming, as used in T cell therapies. Both innovations hold tremendous promise and have in a short time yielded recognizable therapeutic breakthroughs for clinical application. However, to improve such approaches, one needs a deeper understanding of protein-protein interfaces and the capacity to reprogram or generate them. Recent breakthroughs in the computational prediction of protein structures and the analysis of protein-protein interfaces have opened the door to designer therapies based on either molecular glues or designer binding interfaces in recombinant proteins expressed on the cell surface. This will be the approach taken by Prof Nicolas Thom\u00e4, who in collaboration with chemists, AI and medical experts at the EPFL and CHUV will use modeling-driven protein design and novel screening methods to predict and modulate protein-protein interactions.<\/p>\n<p style=\"font-weight: 400;\">The particular specialty of Prof. Thom\u00e4 are small molecules called \u201cmolecular glues\u201d, which are small chemical entities that promote interactions between two proteins.\u00a0 His laboratory has characterized a number of molecular glue compounds that either regulate protein stability by targeting the protein they bind to a ubiquitin ligase, or else mediate other protein-protein interactions, with other outcomes.\u00a0 Using this strategy to engineer receptor-ligand interactions on the surface of T cells and other disease-relevant hematopoietic cells may yield new ways to improve cancer immunotherapy. And if successful, the method may be used to address human diseases beyond cancer.<\/p>\n<p style=\"font-weight: 400;\">The prediction and manipulation of protein-protein interfaces through engineered T cell receptors will be coupled with Prof. Thom\u00e4\u2019s expertise in specifically designed small compounds. This type of synthetic biology requires high-throughput molecular screening combined with cell-based assays which provide the relevant biological context and appropriate therapeutic readouts for disease-relevant models. Prof. Thom\u00e4 aims to combine modeling-based protein engineering and small molecule approaches to optimize protein interactomes, opening the door for more efficacious cancer therapy. He himself contributes experience in cutting-edge technologies such as cryogenic electron microscopy, high throughput genomic screening, and computation-enabled protein design.<\/p>\n<p style=\"font-weight: 400;\">Specific projects will include:<\/p>\n<ul>\n<li style=\"font-weight: 400;\">T cell engineering of surface receptors for CAR-T cells<\/li>\n<li style=\"font-weight: 400;\">Developing antibody-driven targeted protein degradation technologies (ProTABs) of surface proteins<\/li>\n<li style=\"font-weight: 400;\">Targeting oncogenic transcription factors for degradation through molecular glue approaches<\/li>\n<li style=\"font-weight: 400;\">Enhancing sensing capabilities in engineered immune cells<\/li>\n<\/ul>\n<p>&nbsp;<\/p>\n<p><a href=\"https:\/\/www.isrec.ch\/app\/uploads\/2024\/04\/ISREC_EPFL_cp_Chaire-Paternot_Final_E.pdf\" target=\"_blank\" rel=\"noopener\">Link to the press release<\/a><\/p>\n<p>&nbsp;<\/p>\n<p style=\"font-weight: 400;\">Image: \u00a9KEYSTONE &#8211; Christian Beutler<\/p>\n                    <\/div>\n                <\/div>\n                            <div class=\"accordion-item\">\n                    <div class=\"accordion-header\">\n                        <h3>Immuno-oncology chair &#8211; Prof. Mika\u00ebl Pittet (UNIGE\/AGORA)<\/h3>\n                    <\/div>\n                    <div class=\"accordion-content\">\n                        <p><img loading=\"lazy\" decoding=\"async\" class=\"alignleft wp-image-5164 size-medium\" src=\"https:\/\/www.isrec.ch\/app\/uploads\/2024\/02\/MikaelPittetISREC_PhilippePache2021_0177-203x300.jpg\" alt=\"\" width=\"203\" height=\"300\" srcset=\"https:\/\/www.isrec.ch\/app\/uploads\/2024\/02\/MikaelPittetISREC_PhilippePache2021_0177-203x300.jpg 203w, https:\/\/www.isrec.ch\/app\/uploads\/2024\/02\/MikaelPittetISREC_PhilippePache2021_0177-768x1136.jpg 768w, https:\/\/www.isrec.ch\/app\/uploads\/2024\/02\/MikaelPittetISREC_PhilippePache2021_0177-692x1024.jpg 692w, https:\/\/www.isrec.ch\/app\/uploads\/2024\/02\/MikaelPittetISREC_PhilippePache2021_0177-1038x1536.jpg 1038w, https:\/\/www.isrec.ch\/app\/uploads\/2024\/02\/MikaelPittetISREC_PhilippePache2021_0177-1384x2048.jpg 1384w\" sizes=\"auto, (max-width: 203px) 100vw, 203px\" \/><strong><u>Prof. Mika\u00ebl Pittet<\/u><\/strong><\/p>\n<p>Nominated in April 2019, Prof. Mika\u00ebl Pittet took up his functions at the end of the summer of 2020. His laboratories are located in the AGORA Cancer Research Center. He is affiliated with the University of Geneva and his research focuses on <strong>cancer immunity in context<\/strong>.<\/p>\n<p>According to the 2020 \u201cWeb of Science\u201d ranking, he is recognized as one of the most cited researchers. This achievement underscores the excellence of his scientific research, which focuses on how the immune system controls cancer and how it can be exploited for therapeutic purposes.<\/p>\n<p>He has published more than 120 research papers, has over 15\u2019000 citations and an <em>h<\/em>-index of approximately 60. His increasing international recognition was further emphasized when he was awarded the renowned Robert Wenner Prize of the Swiss Cancer League in 2016. Furthermore, in 2023, he received the prestigious Prix du Rayonnement Acad\u00e9mique of the Soci\u00e9t\u00e9 Acad\u00e9mique Vaudoise.<\/p>\n<p><strong><u>Area of research<\/u><\/strong><\/p>\n<p>In his research, Prof. Pittet makes use of systemic biology approaches to learn how the immune system controls cancer and how it can be exploited for therapies. He has discovered how tumor growth can be regulated by various immune cells, including T lymphocytes, macrophages, monocytes and neutrophils.<\/p>\n<p>The cancer immunotherapies presently in use stimulate immune cells called T lymphocytes. In their activated state, these lymphocytes are able to eliminate tumor cells. Immunotherapies are revolutionizing cancer care, as they are beginning to show impressive advantages in terms of survival. However, the currently available treatments benefit only a minority of patients.<\/p>\n<p>One important aim of Prof. Pittet\u2019s lab is therefore to find out whether other immune cells can also act on disease progression and be used for novel therapies. The research group is particularly interested in myeloid cells, which include monocytes, macrophages, neutrophils and dendritic cells, all of which are likely to affect tumor progression and the efficacy of cancer therapies.<\/p>\n<p>&nbsp;<\/p>\n<div style=\"width: 1280px;\" class=\"wp-video\"><!--[if lt IE 9]><script>document.createElement('video');<\/script><![endif]-->\n<video class=\"wp-video-shortcode\" id=\"video-4047-1\" width=\"1280\" height=\"720\" poster=\"https:\/\/www.isrec.ch\/app\/uploads\/2024\/01\/Thumbs-4-5-Pittet-e1706196953655.jpg\" preload=\"metadata\" controls=\"controls\"><source type=\"video\/mp4\" src=\"https:\/\/www.isrec.ch\/app\/uploads\/2024\/01\/isrec_tandem_2023___mikael_pittet-720p.mp4?_=1\" \/><a href=\"https:\/\/www.isrec.ch\/app\/uploads\/2024\/01\/isrec_tandem_2023___mikael_pittet-720p.mp4\">https:\/\/www.isrec.ch\/app\/uploads\/2024\/01\/isrec_tandem_2023___mikael_pittet-720p.mp4<\/a><\/video><\/div>\n                    <\/div>\n                <\/div>\n                            <div class=\"accordion-item\">\n                    <div class=\"accordion-header\">\n                        <h3>Brain tumor immunology chair &#8211; Prof. Denis Migliorini (UNIGE\/AGORA)<\/h3>\n                    <\/div>\n                    <div class=\"accordion-content\">\n                        <p><img loading=\"lazy\" decoding=\"async\" class=\"wp-image-5167 size-medium alignleft\" src=\"https:\/\/www.isrec.ch\/app\/uploads\/2024\/02\/Photo-D.-Migliorini-225x300.jpg\" alt=\"\" width=\"225\" height=\"300\" srcset=\"https:\/\/www.isrec.ch\/app\/uploads\/2024\/02\/Photo-D.-Migliorini-225x300.jpg 225w, https:\/\/www.isrec.ch\/app\/uploads\/2024\/02\/Photo-D.-Migliorini-768x1024.jpg 768w, https:\/\/www.isrec.ch\/app\/uploads\/2024\/02\/Photo-D.-Migliorini-1152x1536.jpg 1152w, https:\/\/www.isrec.ch\/app\/uploads\/2024\/02\/Photo-D.-Migliorini-1536x2048.jpg 1536w, https:\/\/www.isrec.ch\/app\/uploads\/2024\/02\/Photo-D.-Migliorini-scaled.jpg 1920w\" sizes=\"auto, (max-width: 225px) 100vw, 225px\" \/><strong><u>Prof. Denis Migliorini<\/u><\/strong><\/p>\n<p>Appointed assistant professor and clinician in the Department of Medicine at the University of Geneva in January 2020, Prof. Migliorini specializes in T cell immunotherapy and brain tumors. His laboratories are located in the AGORA Cancer Research Center, where he works on the <strong>immunology of brain tumors<\/strong>.<\/p>\n<p>In 2019, Denis Migliorini was presented with the prestigious Swiss Bridge Award, which honors exceptional projects dedicated to the fight against cancer. He is one of the contributors to the 2021 guidelines of the Swiss Neuro-Oncology Society.<\/p>\n<p>&nbsp;<\/p>\n<p><span style=\"text-decoration: underline;\"><strong>Research Area<\/strong><\/span><\/p>\n<p>Brain tumors are particularly difficult to treat, and despite extensive characterization of the molecular profile of high-grade gliomas, effective therapies remain unavailable.<\/p>\n<p>Prof. Migliorini\u2019s research group focuses on the development of effective immunotherapies for the treatment of gliomas and other primary tumors of the central nervous system.<\/p>\n<p>For this purpose, he has chosen a strategy involving the development of T lymphocytes presenting improved chimeric antigen receptors (CAR). CAR-T cell therapies are particularly promising for the treatment of brain tumors, as effective immunotherapies for gliomas call for specific improvements in cell trafficking, persistence and resistance to immunosuppressive factors. All of these modifications can be achieved thanks to CAR-T lymphocyte engineering.<\/p>\n                    <\/div>\n                <\/div>\n                <\/div>\n        \n\n\n","protected":false},"excerpt":{"rendered":"<p>Professorships enable young professors affiliated with a Swiss academic institution to launch their research careers. Professorships are financed from the Foundation\u2019s assets. The ISREC Foundation assumes the scientific and administrative supervision of the funding, thus guaranteeing the intended use of the allocated funds.<\/p>\n","protected":false},"author":11,"featured_media":2633,"parent":1201,"menu_order":10,"comment_status":"closed","ping_status":"closed","template":"","meta":{"_acf_changed":false,"footnotes":""},"class_list":["post-4047","page","type-page","status-publish","has-post-thumbnail","hentry"],"acf":[],"aioseo_notices":[],"_links":{"self":[{"href":"https:\/\/www.isrec.ch\/en\/wp-json\/wp\/v2\/pages\/4047","targetHints":{"allow":["GET"]}}],"collection":[{"href":"https:\/\/www.isrec.ch\/en\/wp-json\/wp\/v2\/pages"}],"about":[{"href":"https:\/\/www.isrec.ch\/en\/wp-json\/wp\/v2\/types\/page"}],"author":[{"embeddable":true,"href":"https:\/\/www.isrec.ch\/en\/wp-json\/wp\/v2\/users\/11"}],"replies":[{"embeddable":true,"href":"https:\/\/www.isrec.ch\/en\/wp-json\/wp\/v2\/comments?post=4047"}],"version-history":[{"count":45,"href":"https:\/\/www.isrec.ch\/en\/wp-json\/wp\/v2\/pages\/4047\/revisions"}],"predecessor-version":[{"id":7634,"href":"https:\/\/www.isrec.ch\/en\/wp-json\/wp\/v2\/pages\/4047\/revisions\/7634"}],"up":[{"embeddable":true,"href":"https:\/\/www.isrec.ch\/en\/wp-json\/wp\/v2\/pages\/1201"}],"wp:featuredmedia":[{"embeddable":true,"href":"https:\/\/www.isrec.ch\/en\/wp-json\/wp\/v2\/media\/2633"}],"wp:attachment":[{"href":"https:\/\/www.isrec.ch\/en\/wp-json\/wp\/v2\/media?parent=4047"}],"curies":[{"name":"wp","href":"https:\/\/api.w.org\/{rel}","templated":true}]}}